{"id":1078,"date":"2013-07-29T16:01:53","date_gmt":"2013-07-29T14:01:53","guid":{"rendered":"http:\/\/www.materialgruppe.de\/?page_id=1078"},"modified":"2019-06-15T22:25:45","modified_gmt":"2019-06-15T20:25:45","slug":"supply-marktstrategie-3","status":"publish","type":"page","link":"https:\/\/www.beschaffungsstrategie.de\/?page_id=1078","title":{"rendered":"Supply-Marktstrategie"},"content":{"rendered":"<h2>Strategiebaustein 2: Supply-Marktstrategie<\/h2>\n<h2>(= Materialgruppenstrategie, Materialfeldstrategie Beschaffungsmarktstrategie, Warengruppenstrategie,&nbsp;Commodity-Strategie):<\/h2>\n<p>Die Supply-Marktstrategie (= Materialgruppenstrategie, Materialfeldstrategie, Beschaffungsmarktstrategie, Warengruppenstrategie, Warengruppenstrategie, Commodity-Strategy) formuliert die Strategie f\u00fcr einen Beschaffungsmarkt (z. B. Gussteile oder IT-Dienstleistungen). Der systematische Ansatz stellt sicher, dass alle wesentlichen Strategieparameter analysiert und aufeinander abgestimmt werden.<br \/>\n<a href=\"http:\/\/www.materialgruppe.de\/wp-content\/uploads\/2013\/07\/SB-2.jpg\"><img loading=\"lazy\" decoding=\"async\" width=\"266\" height=\"287\" class=\" wp-image-1079 alignleft\" alt=\"SB 2\" src=\"http:\/\/www.materialgruppe.de\/wp-content\/uploads\/2013\/07\/SB-2.jpg\"><\/a><\/p>\n<p>&nbsp;<\/p>\n<p>&nbsp;<\/p>\n<p>&nbsp;<\/p>\n<p>&nbsp;<\/p>\n<p>&nbsp;<\/p>\n<h2><b>&nbsp;<\/b><\/h2>\n<p><b><\/b>In den Supply-Marktstrategien werden die Strategien f\u00fcr die wesentlichen Supply-M\u00e4rkte formuliert. Je Supply-Markt wird eine Strategie entwickelt, die sich im Handlungsrahmen der Rahmenstrategie zu bewegen hat. Die Supply-Marktstrategien stellen das Herzst\u00fcck der Supply-Strategie dar.<\/p>\n<p>Warum sprechen wir von einer Marktstrategie oder einer Supply-Marktstrategie statt von einer Materialgruppenstrategie? Ein Markt ist durch Angebot und Nachfrage, also durch Vertrieb und Einkauf gekennzeichnet. Der Einkauf muss sich als Spieler in seinen Beschaffungsm\u00e4rkten verstehen, der im Wettbewerb seine Position optimieren muss. Das marktorientierte Denken im Einkauf wird durch Begriffe wie Materialgruppenstrategie oder Warengruppenstrategie vernebelt. Um das Markt-Bewu\u00dftsein der Eink\u00e4ufer zu st\u00e4rken, sprechen wir stets von Marktstrategien.<\/p>\n<p><a title=\"Lieferantenstrategie\" href=\"http:\/\/www.beschaffungsstrategie.de\/?page_id=1082\"><img loading=\"lazy\" decoding=\"async\" width=\"108\" height=\"59\" class=\" wp-image-1472 alignright\" alt=\"weiter\" src=\"http:\/\/www.materialgruppe.de\/wp-content\/uploads\/2013\/07\/weiter.png\"><\/a><a title=\"Rahmenstrategie\" href=\"http:\/\/www.beschaffungsstrategie.de\/?page_id=1072\"><img loading=\"lazy\" decoding=\"async\" width=\"108\" height=\"59\" class=\"wp-image-1471 alignleft\" alt=\"zur\u00fcck\" src=\"http:\/\/www.materialgruppe.de\/wp-content\/uploads\/2013\/07\/zur\u00fcck.png\"><br \/>\n<\/a><\/p>\n","protected":false},"excerpt":{"rendered":"<p>Strategiebaustein 2: Supply-Marktstrategie (= Materialgruppenstrategie, Materialfeldstrategie Beschaffungsmarktstrategie, Warengruppenstrategie,&nbsp;Commodity-Strategie): Die Supply-Marktstrategie (= Materialgruppenstrategie, Materialfeldstrategie, Beschaffungsmarktstrategie, Warengruppenstrategie, Warengruppenstrategie, Commodity-Strategy) formuliert die Strategie f\u00fcr einen Beschaffungsmarkt (z. B. Gussteile oder IT-Dienstleistungen). Der systematische Ansatz stellt sicher, dass alle wesentlichen Strategieparameter analysiert und aufeinander &hellip; <a href=\"https:\/\/www.beschaffungsstrategie.de\/?page_id=1078\">Weiterlesen <span class=\"meta-nav\">&rarr;<\/span><\/a><\/p>\n","protected":false},"author":1,"featured_media":0,"parent":0,"menu_order":0,"comment_status":"closed","ping_status":"closed","template":"","meta":{"footnotes":""},"class_list":["post-1078","page","type-page","status-publish","hentry"],"_links":{"self":[{"href":"https:\/\/www.beschaffungsstrategie.de\/index.php?rest_route=\/wp\/v2\/pages\/1078","targetHints":{"allow":["GET"]}}],"collection":[{"href":"https:\/\/www.beschaffungsstrategie.de\/index.php?rest_route=\/wp\/v2\/pages"}],"about":[{"href":"https:\/\/www.beschaffungsstrategie.de\/index.php?rest_route=\/wp\/v2\/types\/page"}],"author":[{"embeddable":true,"href":"https:\/\/www.beschaffungsstrategie.de\/index.php?rest_route=\/wp\/v2\/users\/1"}],"replies":[{"embeddable":true,"href":"https:\/\/www.beschaffungsstrategie.de\/index.php?rest_route=%2Fwp%2Fv2%2Fcomments&post=1078"}],"version-history":[{"count":10,"href":"https:\/\/www.beschaffungsstrategie.de\/index.php?rest_route=\/wp\/v2\/pages\/1078\/revisions"}],"predecessor-version":[{"id":3493,"href":"https:\/\/www.beschaffungsstrategie.de\/index.php?rest_route=\/wp\/v2\/pages\/1078\/revisions\/3493"}],"wp:attachment":[{"href":"https:\/\/www.beschaffungsstrategie.de\/index.php?rest_route=%2Fwp%2Fv2%2Fmedia&parent=1078"}],"curies":[{"name":"wp","href":"https:\/\/api.w.org\/{rel}","templated":true}]}}