{"id":1082,"date":"2013-07-29T16:05:06","date_gmt":"2013-07-29T14:05:06","guid":{"rendered":"http:\/\/www.materialgruppe.de\/?page_id=1082"},"modified":"2019-06-15T22:26:10","modified_gmt":"2019-06-15T20:26:10","slug":"lieferantenstrategie-3","status":"publish","type":"page","link":"https:\/\/www.beschaffungsstrategie.de\/?page_id=1082","title":{"rendered":"Lieferantenstrategie"},"content":{"rendered":"<h2>Strategiebaustein 3: Lieferantenstrategie<\/h2>\n<p>Die Lieferantenstrategie bezieht sich auf die Supply-Marktstrategie und die Lieferantenbewertung. In einer Lieferantenstrategie wird f\u00fcr jeweils einen Lieferanten die Form der angestrebten Entwicklung des Lieferanten bzw. der angestrebten Zusammenarbeit mit dem Lieferanten formuliert. Dabei ist zun\u00e4chst offen, ob die Strategie mit dem Lieferanten gemeinsam entwickelt wird und ob die Strategie f\u00fcr&nbsp; den Lieferanten transparent.<\/p>\n<p><a href=\"http:\/\/www.materialgruppe.de\/wp-content\/uploads\/2013\/07\/SB-3.jpg\"><img loading=\"lazy\" decoding=\"async\" width=\"301\" height=\"273\" class=\" wp-image-1083 alignleft\" alt=\"SB 3\" src=\"http:\/\/www.materialgruppe.de\/wp-content\/uploads\/2013\/07\/SB-3.jpg\"><\/a><\/p>\n<p>&nbsp;<\/p>\n<p>&nbsp;<\/p>\n<p>&nbsp;<\/p>\n<p>&nbsp;<\/p>\n<p>&nbsp;<\/p>\n<p>&nbsp;<\/p>\n<p><a href=\"http:\/\/www.materialgruppe.de\/wp-content\/uploads\/2013\/07\/zur\u00fcck.png\">&nbsp;<\/a><\/p>\n<p>Im Rahmen der Lieferantenstrategie wird die strategische Vorgehensweise im Umgang mit jeweils einem Lieferanten entwickelt. Im Gegensatz zu gro\u00dfen Teilen der Literatur im Supply Management wird in der 15M-Architektur<sup>\u00ae<\/sup> sehr strikt zwischen den Lieferantenstrategien und der Sourcing-Strategie als Teil der Supply-Marktstrategie unterschieden. Zun\u00e4chst sollte im Rahmen der Supply-Marktstrategie die \u201eideale\u201c Marktstruktur identifiziert und dann im Anschluss die Auswahl und Entwicklung von geeigneten Lieferanten vorangetrieben werden. Beispielsweise wird in der Supply-Marktstrategie die optimale Zahl der Lieferanten pro Sachnummer oder pro Marktsegment definiert. Ferner k\u00f6nnen attraktive Lieferl\u00e4nder identifiziert bzw. die regionale Struktur der Lieferl\u00e4nder bestimmt werden. Ebenso wird die Frage nach der Vorteilhaftigkeit von partnerschaftlichen Lieferantenbeziehungen gekl\u00e4rt. Im Sinne der definierten Supply-Marktstrategie werden dann mit den bedeutenden Lieferanten Lieferantenstrategien vereinbart. Beispielsweise wird mit einem Lieferanten eine Entwicklungspartnerschaft aufgebaut. Oder: Es werden zwei osteurop\u00e4ische Lieferanten f\u00fcr ein bestimmtes Marktsegment entwickelt.<\/p>\n<p><a href=\"http:\/\/www.beschaffungsstrategie.de\/wp-content\/uploads\/2013\/10\/Lieferantenmanagement-Markt-und-Technik-0911.pdf\">Wie wirkungsvoll ist Ihr Lieferantenmanagement?<\/a><\/p>\n<p><a title=\"Strategie-Controlling\" href=\"http:\/\/www.beschaffungsstrategie.de\/?page_id=1086\"><img loading=\"lazy\" decoding=\"async\" width=\"108\" height=\"59\" class=\" wp-image-1472 alignright\" alt=\"weiter\" src=\"http:\/\/www.materialgruppe.de\/wp-content\/uploads\/2013\/07\/weiter.png\"><\/a><a title=\"Supply-Marktstrategie\" href=\"http:\/\/www.beschaffungsstrategie.de\/?page_id=1078\"><img loading=\"lazy\" decoding=\"async\" width=\"108\" height=\"59\" class=\" wp-image-1471 alignleft\" alt=\"zur\u00fcck\" src=\"http:\/\/www.materialgruppe.de\/wp-content\/uploads\/2013\/07\/zur\u00fcck.png\"><br \/>\n<\/a><\/p>\n<p>&nbsp;<\/p>\n","protected":false},"excerpt":{"rendered":"<p>Strategiebaustein 3: Lieferantenstrategie Die Lieferantenstrategie bezieht sich auf die Supply-Marktstrategie und die Lieferantenbewertung. In einer Lieferantenstrategie wird f\u00fcr jeweils einen Lieferanten die Form der angestrebten Entwicklung des Lieferanten bzw. der angestrebten Zusammenarbeit mit dem Lieferanten formuliert. Dabei ist zun\u00e4chst offen, &hellip; <a href=\"https:\/\/www.beschaffungsstrategie.de\/?page_id=1082\">Weiterlesen <span class=\"meta-nav\">&rarr;<\/span><\/a><\/p>\n","protected":false},"author":1,"featured_media":0,"parent":0,"menu_order":0,"comment_status":"closed","ping_status":"closed","template":"","meta":{"footnotes":""},"class_list":["post-1082","page","type-page","status-publish","hentry"],"_links":{"self":[{"href":"https:\/\/www.beschaffungsstrategie.de\/index.php?rest_route=\/wp\/v2\/pages\/1082","targetHints":{"allow":["GET"]}}],"collection":[{"href":"https:\/\/www.beschaffungsstrategie.de\/index.php?rest_route=\/wp\/v2\/pages"}],"about":[{"href":"https:\/\/www.beschaffungsstrategie.de\/index.php?rest_route=\/wp\/v2\/types\/page"}],"author":[{"embeddable":true,"href":"https:\/\/www.beschaffungsstrategie.de\/index.php?rest_route=\/wp\/v2\/users\/1"}],"replies":[{"embeddable":true,"href":"https:\/\/www.beschaffungsstrategie.de\/index.php?rest_route=%2Fwp%2Fv2%2Fcomments&post=1082"}],"version-history":[{"count":14,"href":"https:\/\/www.beschaffungsstrategie.de\/index.php?rest_route=\/wp\/v2\/pages\/1082\/revisions"}],"predecessor-version":[{"id":3494,"href":"https:\/\/www.beschaffungsstrategie.de\/index.php?rest_route=\/wp\/v2\/pages\/1082\/revisions\/3494"}],"wp:attachment":[{"href":"https:\/\/www.beschaffungsstrategie.de\/index.php?rest_route=%2Fwp%2Fv2%2Fmedia&parent=1082"}],"curies":[{"name":"wp","href":"https:\/\/api.w.org\/{rel}","templated":true}]}}