{"id":1086,"date":"2013-07-29T16:08:33","date_gmt":"2013-07-29T14:08:33","guid":{"rendered":"http:\/\/www.materialgruppe.de\/?page_id=1086"},"modified":"2019-06-15T22:27:18","modified_gmt":"2019-06-15T20:27:18","slug":"strategie-controlling-2","status":"publish","type":"page","link":"https:\/\/www.beschaffungsstrategie.de\/?page_id=1086","title":{"rendered":"Strategie-Controlling"},"content":{"rendered":"<h2>Strategiebaustein 4: Performance Management \/ Strategie-Controlling<\/h2>\n<p>Die Supply-Strategie wird im Sinne der Balanced Scorecard-Logik \u00fcber Wertbeitragsziele, Treibergr\u00f6\u00dfen und Projekte konkretisiert und gesteuert. Dar\u00fcber hinaus muss die Supply-Strategie schrittweise aufgebaut werden. Das Strategie-Controlling steuert den Entwicklungspfad der Supply-Strategie.<\/p>\n<p><a href=\"http:\/\/www.materialgruppe.de\/wp-content\/uploads\/2013\/07\/SB-4.jpg\"><img loading=\"lazy\" decoding=\"async\" width=\"295\" height=\"293\" class=\" wp-image-1087 alignleft\" alt=\"SB 4\" src=\"http:\/\/www.materialgruppe.de\/wp-content\/uploads\/2013\/07\/SB-4.jpg\"><\/a><\/p>\n<p>&nbsp;<\/p>\n<p>&nbsp;<\/p>\n<p>&nbsp;<\/p>\n<p>&nbsp;<\/p>\n<p>&nbsp;<\/p>\n<p>&nbsp;<\/p>\n<p>&nbsp;<\/p>\n<p><b>&nbsp;<\/b><\/p>\n<p>Die Umsetzung der Supply-Strategie muss mit besonderer Aufmerksamkeit begleitet werden. Aufgrund der hohen Komplexit\u00e4t, Ungewissheit und Langfristigkeit strategischer Entscheidungen sind nachtr\u00e4gliche Anpassungen in den Supply-Strategien als \u201enormal\u201c einzustufen und m\u00fcssen aktiv gesteuert werden. Im Sinne einer strategischen \u00dcberwachung muss die G\u00fcltigkeit der Strategie stets im Auge behalten werden. Dar\u00fcber hinaus f\u00fchrt der oben aufgezeigte investive Charakter von Strategien leicht dazu, dass \u201ebrennende\u201c Probleme des Tagesgesch\u00e4ftes strategische Aktionen verz\u00f6gern bzw. ganz verdr\u00e4ngen. So m\u00fcssen im Supply-Strategie-Controlling Umsetzungsschw\u00e4chen sehr fr\u00fchzeitig erkannt werden, um schnell reagieren zu k\u00f6nnen. Dar\u00fcber hinaus sollte auch die Entwicklung des Supply-Strategie-Systems systematisch gesteuert werden.<\/p>\n<p><a title=\"Lieferantenstrategie\" href=\"http:\/\/www.beschaffungsstrategie.de\/?page_id=1082\"><img loading=\"lazy\" decoding=\"async\" width=\"108\" height=\"59\" class=\" wp-image-1471 alignleft\" alt=\"zur\u00fcck\" src=\"http:\/\/www.materialgruppe.de\/wp-content\/uploads\/2013\/07\/zur\u00fcck.png\"><\/a><a title=\"Strategiebausteine\" href=\"http:\/\/www.beschaffungsstrategie.de\/?page_id=1180\"><img loading=\"lazy\" decoding=\"async\" width=\"108\" height=\"59\" class=\" wp-image-1472 alignright\" alt=\"weiter\" src=\"http:\/\/www.materialgruppe.de\/wp-content\/uploads\/2013\/07\/weiter.png\"><br \/>\n<\/a><\/p>\n<p>&nbsp;<\/p>\n","protected":false},"excerpt":{"rendered":"<p>Strategiebaustein 4: Performance Management \/ Strategie-Controlling Die Supply-Strategie wird im Sinne der Balanced Scorecard-Logik \u00fcber Wertbeitragsziele, Treibergr\u00f6\u00dfen und Projekte konkretisiert und gesteuert. Dar\u00fcber hinaus muss die Supply-Strategie schrittweise aufgebaut werden. Das Strategie-Controlling steuert den Entwicklungspfad der Supply-Strategie. &nbsp; &nbsp; &nbsp; &hellip; <a href=\"https:\/\/www.beschaffungsstrategie.de\/?page_id=1086\">Weiterlesen <span class=\"meta-nav\">&rarr;<\/span><\/a><\/p>\n","protected":false},"author":1,"featured_media":0,"parent":0,"menu_order":0,"comment_status":"closed","ping_status":"closed","template":"","meta":{"footnotes":""},"class_list":["post-1086","page","type-page","status-publish","hentry"],"_links":{"self":[{"href":"https:\/\/www.beschaffungsstrategie.de\/index.php?rest_route=\/wp\/v2\/pages\/1086","targetHints":{"allow":["GET"]}}],"collection":[{"href":"https:\/\/www.beschaffungsstrategie.de\/index.php?rest_route=\/wp\/v2\/pages"}],"about":[{"href":"https:\/\/www.beschaffungsstrategie.de\/index.php?rest_route=\/wp\/v2\/types\/page"}],"author":[{"embeddable":true,"href":"https:\/\/www.beschaffungsstrategie.de\/index.php?rest_route=\/wp\/v2\/users\/1"}],"replies":[{"embeddable":true,"href":"https:\/\/www.beschaffungsstrategie.de\/index.php?rest_route=%2Fwp%2Fv2%2Fcomments&post=1086"}],"version-history":[{"count":10,"href":"https:\/\/www.beschaffungsstrategie.de\/index.php?rest_route=\/wp\/v2\/pages\/1086\/revisions"}],"predecessor-version":[{"id":3495,"href":"https:\/\/www.beschaffungsstrategie.de\/index.php?rest_route=\/wp\/v2\/pages\/1086\/revisions\/3495"}],"wp:attachment":[{"href":"https:\/\/www.beschaffungsstrategie.de\/index.php?rest_route=%2Fwp%2Fv2%2Fmedia&parent=1086"}],"curies":[{"name":"wp","href":"https:\/\/api.w.org\/{rel}","templated":true}]}}