{"id":1110,"date":"2013-08-15T18:30:19","date_gmt":"2013-08-15T16:30:19","guid":{"rendered":"http:\/\/www.materialgruppe.de\/?page_id=1110"},"modified":"2019-06-15T22:13:40","modified_gmt":"2019-06-15T20:13:40","slug":"modul-1-neu","status":"publish","type":"page","link":"https:\/\/www.beschaffungsstrategie.de\/?page_id=1110","title":{"rendered":"Modul 1"},"content":{"rendered":"<h1>M1 Basisstrategie entwickeln<\/h1>\n<p>In der Basisstrategie werden die normativen und strategischen Vorgaben des Unternehmens f\u00fcr das Supply Management konkretisiert:<\/p>\n<ul>\n<li>Konsequenzen aus dem Wertesystem, z.B. Sicherung menschenw\u00fcrdiger Arbeitsbedingungen auch bei den Lieferanten<\/li>\n<li>Supply-Vision zur Ausrichtung des Supply Managements<\/li>\n<li>\n<div>Konsequenzen aus der Unternehmens- und Wettbewerbsstrategie<\/div>\n<\/li>\n<\/ul>\n<p><a href=\"http:\/\/www.materialgruppe.de\/wp-content\/uploads\/2013\/08\/Pr\u00e4sentation1.jpg\"><img loading=\"lazy\" decoding=\"async\" width=\"299\" height=\"294\" class=\"size-full wp-image-1111 alignleft\" alt=\"Pr\u00e4sentation1\" src=\"http:\/\/www.materialgruppe.de\/wp-content\/uploads\/2013\/08\/Pr\u00e4sentation1.jpg\"><br \/>\n<\/a><\/p>\n<p>&nbsp;<\/p>\n<p>&nbsp;<\/p>\n<p>&nbsp;<\/p>\n<p>&nbsp;<\/p>\n<p>&nbsp;<\/p>\n<p>&nbsp;<\/p>\n<p>In der Basisstrategie werden die im Unternehmen geltenden Werte sowie die strategische Ausrichtung des Unternehmens als Vorgaben f\u00fcr die Supply-Strategie konkretisiert. Damit wird der geforderte Beitrag der Supply-Strategie f\u00fcr den strategischen Erfolg des Unternehmens formuliert und der strategische Handlungsrahmen festgelegt, innerhalb dem sich die Supply-Strategie bewegen darf. Der Handlungsspielraum zur Entwicklung der Supply-Strategie sollte m\u00f6glichst umfangreich sein. Formal gesehen enth\u00e4lt die Basisstrategie in der Regel eine \u00fcberschaubare Liste mit qualitativen Zielen und Forderungen f\u00fcr die Supply-Strategie. Folgende Themenfelder sind in der Basisstrategie zu beachten:<\/p>\n<h1><\/h1>\n<ul>\n<li>Es sind die Konsequenzen des Wertesystems f\u00fcr die Supply-Strategie zu identifizieren. Welche ethischen oder sozialen Richtlinien sind in der Supply-Strategie zu ber\u00fccksichtigen? Beispielsweise sind eingegangene Verpflichtungen aus Sozialstandards auch von den Lieferanten einzuhalten.<\/li>\n<li>Zur Ausrichtung des Supply Managements kann eine Supply-Vision formuliert werden.<\/li>\n<li>Es ist der Beitrag der Supply-Strategie f\u00fcr die Unternehmens- und Wettbewerbsstrategie zu definieren. Beispielsweise muss die Supply-Strategie Wachstums- oder Internationalisierungsstrategien absichern oder durch die Einbindung von Lieferanten den Aufbau von Wettbewerbsvorteilen unterst\u00fctzen.<\/li>\n<\/ul>\n<p>&nbsp;<\/p>\n","protected":false},"excerpt":{"rendered":"<p>M1 Basisstrategie entwickeln In der Basisstrategie werden die normativen und strategischen Vorgaben des Unternehmens f\u00fcr das Supply Management konkretisiert: Konsequenzen aus dem Wertesystem, z.B. Sicherung menschenw\u00fcrdiger Arbeitsbedingungen auch bei den Lieferanten Supply-Vision zur Ausrichtung des Supply Managements Konsequenzen aus der &hellip; <a href=\"https:\/\/www.beschaffungsstrategie.de\/?page_id=1110\">Weiterlesen <span class=\"meta-nav\">&rarr;<\/span><\/a><\/p>\n","protected":false},"author":1,"featured_media":0,"parent":0,"menu_order":0,"comment_status":"closed","ping_status":"closed","template":"","meta":{"footnotes":""},"class_list":["post-1110","page","type-page","status-publish","hentry"],"_links":{"self":[{"href":"https:\/\/www.beschaffungsstrategie.de\/index.php?rest_route=\/wp\/v2\/pages\/1110","targetHints":{"allow":["GET"]}}],"collection":[{"href":"https:\/\/www.beschaffungsstrategie.de\/index.php?rest_route=\/wp\/v2\/pages"}],"about":[{"href":"https:\/\/www.beschaffungsstrategie.de\/index.php?rest_route=\/wp\/v2\/types\/page"}],"author":[{"embeddable":true,"href":"https:\/\/www.beschaffungsstrategie.de\/index.php?rest_route=\/wp\/v2\/users\/1"}],"replies":[{"embeddable":true,"href":"https:\/\/www.beschaffungsstrategie.de\/index.php?rest_route=%2Fwp%2Fv2%2Fcomments&post=1110"}],"version-history":[{"count":8,"href":"https:\/\/www.beschaffungsstrategie.de\/index.php?rest_route=\/wp\/v2\/pages\/1110\/revisions"}],"predecessor-version":[{"id":3456,"href":"https:\/\/www.beschaffungsstrategie.de\/index.php?rest_route=\/wp\/v2\/pages\/1110\/revisions\/3456"}],"wp:attachment":[{"href":"https:\/\/www.beschaffungsstrategie.de\/index.php?rest_route=%2Fwp%2Fv2%2Fmedia&parent=1110"}],"curies":[{"name":"wp","href":"https:\/\/api.w.org\/{rel}","templated":true}]}}