{"id":1120,"date":"2013-08-15T18:46:38","date_gmt":"2013-08-15T16:46:38","guid":{"rendered":"http:\/\/www.materialgruppe.de\/?page_id=1120"},"modified":"2019-06-15T22:14:56","modified_gmt":"2019-06-15T20:14:56","slug":"modul-3-3","status":"publish","type":"page","link":"https:\/\/www.beschaffungsstrategie.de\/?page_id=1120","title":{"rendered":"Modul 3"},"content":{"rendered":"<h1>M3 Strategische Sto\u00dfrichtungen und Strategy Map entwickeln<\/h1>\n<p>Eine strategische Sto\u00dfrichtung beschreibt sloganhaft eine strategische Entwicklungslinie mit besonderer Priorit\u00e4t. Sie sollte eine Reichweite bzw. einen Planungshorizont von drei bis f\u00fcnf Jahre haben und deutlich konkreter sein als die Supply-Vision. Es sollten je nach Unternehmensgr\u00f6\u00dfe drei bis f\u00fcnf strategische Sto\u00dfrichtungen formuliert werden. Die strategischen Sto\u00dfrichtungen k\u00f6nnen mit Hilfe der Supply Balanced Scorecard konkretisiert werden. Folgende Anforderungen sind hierbei zu ber\u00fccksichtigen:<\/p>\n<ul>\n<li>Die strategische Richtung ist zu definieren<\/li>\n<li>Die Strategie ist in Aktion zu setzen<\/li>\n<li>Die Strategie ist in der Umsetzung zu steuern<\/li>\n<li>Die Managementkommunikation ist zu unterst\u00fctzen<\/li>\n<\/ul>\n<p><a href=\"http:\/\/www.materialgruppe.de\/wp-content\/uploads\/2013\/08\/Pr\u00e4sentation3.jpg\"><img loading=\"lazy\" decoding=\"async\" width=\"300\" height=\"291\" class=\"size-full wp-image-1121 alignleft\" alt=\"Pr\u00e4sentation3\" src=\"http:\/\/www.materialgruppe.de\/wp-content\/uploads\/2013\/08\/Pr\u00e4sentation3.jpg\"><br \/>\n<\/a><\/p>\n<p>&nbsp;<\/p>\n<p>&nbsp;<\/p>\n<p>&nbsp;<\/p>\n<p>&nbsp;<\/p>\n<p>&nbsp;<\/p>\n<p>&nbsp;<\/p>\n<p>Ausschnitt aus einer Strategy Map f\u00fcr ein Unternehmen im Sonderfahrzeugbau<\/p>\n<p><a href=\"http:\/\/www.beschaffungsstrategie.de\/wp-content\/uploads\/2013\/08\/Bild-3.3-Neu.jpg\"><img loading=\"lazy\" decoding=\"async\" width=\"496\" height=\"371\" class=\" wp-image-1204 alignleft\" alt=\"Bild 3.3 Neu\" src=\"http:\/\/www.beschaffungsstrategie.de\/wp-content\/uploads\/2013\/08\/Bild-3.3-Neu.jpg\" srcset=\"https:\/\/www.beschaffungsstrategie.de\/wp-content\/uploads\/2013\/08\/Bild-3.3-Neu.jpg 826w, https:\/\/www.beschaffungsstrategie.de\/wp-content\/uploads\/2013\/08\/Bild-3.3-Neu-300x224.jpg 300w, https:\/\/www.beschaffungsstrategie.de\/wp-content\/uploads\/2013\/08\/Bild-3.3-Neu-400x300.jpg 400w\" sizes=\"auto, (max-width: 496px) 100vw, 496px\" \/><\/a><\/p>\n<p>&nbsp;<\/p>\n","protected":false},"excerpt":{"rendered":"<p>M3 Strategische Sto\u00dfrichtungen und Strategy Map entwickeln Eine strategische Sto\u00dfrichtung beschreibt sloganhaft eine strategische Entwicklungslinie mit besonderer Priorit\u00e4t. Sie sollte eine Reichweite bzw. einen Planungshorizont von drei bis f\u00fcnf Jahre haben und deutlich konkreter sein als die Supply-Vision. Es sollten &hellip; <a href=\"https:\/\/www.beschaffungsstrategie.de\/?page_id=1120\">Weiterlesen <span class=\"meta-nav\">&rarr;<\/span><\/a><\/p>\n","protected":false},"author":1,"featured_media":0,"parent":0,"menu_order":0,"comment_status":"closed","ping_status":"closed","template":"","meta":{"footnotes":""},"class_list":["post-1120","page","type-page","status-publish","hentry"],"_links":{"self":[{"href":"https:\/\/www.beschaffungsstrategie.de\/index.php?rest_route=\/wp\/v2\/pages\/1120","targetHints":{"allow":["GET"]}}],"collection":[{"href":"https:\/\/www.beschaffungsstrategie.de\/index.php?rest_route=\/wp\/v2\/pages"}],"about":[{"href":"https:\/\/www.beschaffungsstrategie.de\/index.php?rest_route=\/wp\/v2\/types\/page"}],"author":[{"embeddable":true,"href":"https:\/\/www.beschaffungsstrategie.de\/index.php?rest_route=\/wp\/v2\/users\/1"}],"replies":[{"embeddable":true,"href":"https:\/\/www.beschaffungsstrategie.de\/index.php?rest_route=%2Fwp%2Fv2%2Fcomments&post=1120"}],"version-history":[{"count":9,"href":"https:\/\/www.beschaffungsstrategie.de\/index.php?rest_route=\/wp\/v2\/pages\/1120\/revisions"}],"predecessor-version":[{"id":3479,"href":"https:\/\/www.beschaffungsstrategie.de\/index.php?rest_route=\/wp\/v2\/pages\/1120\/revisions\/3479"}],"wp:attachment":[{"href":"https:\/\/www.beschaffungsstrategie.de\/index.php?rest_route=%2Fwp%2Fv2%2Fmedia&parent=1120"}],"curies":[{"name":"wp","href":"https:\/\/api.w.org\/{rel}","templated":true}]}}