{"id":1145,"date":"2013-08-23T11:49:17","date_gmt":"2013-08-23T09:49:17","guid":{"rendered":"http:\/\/www.materialgruppe.de\/?page_id=1145"},"modified":"2019-06-15T22:18:57","modified_gmt":"2019-06-15T20:18:57","slug":"modul-8-3","status":"publish","type":"page","link":"https:\/\/www.beschaffungsstrategie.de\/?page_id=1145","title":{"rendered":"Modul 8"},"content":{"rendered":"<h1>M8 Supply-Marktstrategie formulieren<\/h1>\n<p>Aus den vielf\u00e4ltigen Handlungsoptionen muss eine einheitliche Supply-Marktstrategie formiert werden.<\/p>\n<ul>\n<li>Mit Strategy Map oder mit einfacher Roadmap, je nach Umfang verf\u00fcgbarer Ressourcen<\/li>\n<li>Supply-Marktportfolio zur \u00dcberpr\u00fcfung der Strategie<\/li>\n<\/ul>\n<p><a href=\"http:\/\/www.materialgruppe.de\/wp-content\/uploads\/2013\/08\/Pr\u00e4sentation8.jpg\"><img loading=\"lazy\" decoding=\"async\" width=\"305\" height=\"290\" class=\"size-full wp-image-1146 alignleft\" alt=\"Pr\u00e4sentation8\" src=\"http:\/\/www.materialgruppe.de\/wp-content\/uploads\/2013\/08\/Pr\u00e4sentation8.jpg\" srcset=\"https:\/\/www.beschaffungsstrategie.de\/wp-content\/uploads\/2013\/08\/Pr\u00e4sentation8.jpg 305w, https:\/\/www.beschaffungsstrategie.de\/wp-content\/uploads\/2013\/08\/Pr\u00e4sentation8-300x285.jpg 300w\" sizes=\"auto, (max-width: 305px) 100vw, 305px\" \/><br \/>\n<\/a><\/p>\n<p>&nbsp;<\/p>\n<p>&nbsp;<\/p>\n<p>&nbsp;<\/p>\n<p>&nbsp;<\/p>\n<p>&nbsp;<\/p>\n<p>&nbsp;<\/p>\n<h2><\/h2>\n<p>Aus den vielf\u00e4ltigen Handlungsoptionen muss eine einheitliche Supply-Marktstrategie formiert werden.<\/p>\n<ul>\n<li>Mit der Balanced Scorecard-Systematik k\u00f6nnen&nbsp;analog zu Modul 3 strategische Sto\u00dfrichtungen und eine Strategy Map f\u00fcr&nbsp;den Supply-Markt formuliert werden. Falls dies zu aufwendig erscheint,&nbsp;k\u00f6nnen auch strategische Sto\u00dfrichtungen und wesentliche strategische&nbsp;Ma\u00dfnahmen in Form einer Roadmap definiert werden.<\/li>\n<li>Die Position des Supply-Marktes im&nbsp;Supply-Marktportfolio (vgl. Modul 4) kann zur \u00dcberpr\u00fcfung der&nbsp;identifizierten Strategie dienen. Sobald sich Abweichungen zwischen der&nbsp;Normstrategie des Portfolios und der entwickelten Supply-Marktstrategie&nbsp;ergeben, sind die Gr\u00fcnde kritisch zu hinterfragen und ggf. Konsequenzen zu&nbsp;ziehen.<\/li>\n<\/ul>\n","protected":false},"excerpt":{"rendered":"<p>M8 Supply-Marktstrategie formulieren Aus den vielf\u00e4ltigen Handlungsoptionen muss eine einheitliche Supply-Marktstrategie formiert werden. Mit Strategy Map oder mit einfacher Roadmap, je nach Umfang verf\u00fcgbarer Ressourcen Supply-Marktportfolio zur \u00dcberpr\u00fcfung der Strategie &nbsp; &nbsp; &nbsp; &nbsp; &nbsp; &nbsp; Aus den vielf\u00e4ltigen Handlungsoptionen &hellip; <a href=\"https:\/\/www.beschaffungsstrategie.de\/?page_id=1145\">Weiterlesen <span class=\"meta-nav\">&rarr;<\/span><\/a><\/p>\n","protected":false},"author":1,"featured_media":0,"parent":0,"menu_order":0,"comment_status":"closed","ping_status":"closed","template":"","meta":{"footnotes":""},"class_list":["post-1145","page","type-page","status-publish","hentry"],"_links":{"self":[{"href":"https:\/\/www.beschaffungsstrategie.de\/index.php?rest_route=\/wp\/v2\/pages\/1145","targetHints":{"allow":["GET"]}}],"collection":[{"href":"https:\/\/www.beschaffungsstrategie.de\/index.php?rest_route=\/wp\/v2\/pages"}],"about":[{"href":"https:\/\/www.beschaffungsstrategie.de\/index.php?rest_route=\/wp\/v2\/types\/page"}],"author":[{"embeddable":true,"href":"https:\/\/www.beschaffungsstrategie.de\/index.php?rest_route=\/wp\/v2\/users\/1"}],"replies":[{"embeddable":true,"href":"https:\/\/www.beschaffungsstrategie.de\/index.php?rest_route=%2Fwp%2Fv2%2Fcomments&post=1145"}],"version-history":[{"count":10,"href":"https:\/\/www.beschaffungsstrategie.de\/index.php?rest_route=\/wp\/v2\/pages\/1145\/revisions"}],"predecessor-version":[{"id":3484,"href":"https:\/\/www.beschaffungsstrategie.de\/index.php?rest_route=\/wp\/v2\/pages\/1145\/revisions\/3484"}],"wp:attachment":[{"href":"https:\/\/www.beschaffungsstrategie.de\/index.php?rest_route=%2Fwp%2Fv2%2Fmedia&parent=1145"}],"curies":[{"name":"wp","href":"https:\/\/api.w.org\/{rel}","templated":true}]}}