{"id":1158,"date":"2013-08-23T11:57:11","date_gmt":"2013-08-23T09:57:11","guid":{"rendered":"http:\/\/www.materialgruppe.de\/?page_id=1158"},"modified":"2019-06-15T22:22:00","modified_gmt":"2019-06-15T20:22:00","slug":"modul-12-2","status":"publish","type":"page","link":"https:\/\/www.beschaffungsstrategie.de\/?page_id=1158","title":{"rendered":"Modul 12"},"content":{"rendered":"<h1>M12 Supply-Marktstrategien und Lieferantenstrategien synchronisieren<\/h1>\n<p>Die Supply-Marktstrategien und die Lieferantenstrategien sollen zun\u00e4chst m\u00f6glichst eigenst\u00e4ndig die Potenziale des Marktes bzw. des Lieferanten aussch\u00f6pfen. Dieser grunds\u00e4tzlichen Freiheit sind allerdings Grenzen zu setzen, um eine ganzheitliche Ausrichtung und Optimierung der Supply-Strategie zu sichern. So m\u00fcssen die Markt- und Lieferantenstrategie beispielsweise auf \u00fcbergreifende Ziele wie der Verk\u00fcrzung der Lieferzeit gegen\u00fcber dem Kunden ausgerichtet werden&#8230;<br \/>\n<a href=\"http:\/\/www.materialgruppe.de\/wp-content\/uploads\/2013\/08\/Pr\u00e4sentation12.jpg\"><img loading=\"lazy\" decoding=\"async\" width=\"304\" height=\"325\" class=\"size-full wp-image-1159 alignleft\" alt=\"Pr\u00e4sentation12\" src=\"http:\/\/www.materialgruppe.de\/wp-content\/uploads\/2013\/08\/Pr\u00e4sentation12.jpg\" srcset=\"https:\/\/www.beschaffungsstrategie.de\/wp-content\/uploads\/2013\/08\/Pr\u00e4sentation12.jpg 304w, https:\/\/www.beschaffungsstrategie.de\/wp-content\/uploads\/2013\/08\/Pr\u00e4sentation12-280x300.jpg 280w\" sizes=\"auto, (max-width: 304px) 100vw, 304px\" \/><\/a><\/p>\n<p>&nbsp;<\/p>\n<p>&nbsp;<\/p>\n<p>&nbsp;<\/p>\n<p>&nbsp;<\/p>\n<p>&nbsp;<\/p>\n<p>&nbsp;<\/p>\n<p><b>&nbsp;<\/b><\/p>\n<p>&#8230; ferner k\u00f6nnen durch die Synchronisierung Synergien realisiert bzw. Ressourcen eingespart werden. Beispielsweise spart die Konzentration auf ausgew\u00e4hlte regionale Beschaffungsm\u00e4rkte erhebliche Mittel in der Lieferantenbetreuung. Synergien werden ebenso durch einheitliche Prozessdefinitionen, Methoden oder Instrumente freigesetzt. Die Synchronisierung der Supply-Marktstrategien und der Lieferantenstrategien erfolgt \u00fcblicher Weise \u00fcber Zielvorgaben, generelle Regeln oder \u00fcber strategische Projekte, in denen \u00fcbergreifende Vorgaben oder Systeme (z.B. Prozessdefinitionen oder DV-Systeme) entwickelt werden.<\/p>\n","protected":false},"excerpt":{"rendered":"<p>M12 Supply-Marktstrategien und Lieferantenstrategien synchronisieren Die Supply-Marktstrategien und die Lieferantenstrategien sollen zun\u00e4chst m\u00f6glichst eigenst\u00e4ndig die Potenziale des Marktes bzw. des Lieferanten aussch\u00f6pfen. Dieser grunds\u00e4tzlichen Freiheit sind allerdings Grenzen zu setzen, um eine ganzheitliche Ausrichtung und Optimierung der Supply-Strategie zu sichern. &hellip; <a href=\"https:\/\/www.beschaffungsstrategie.de\/?page_id=1158\">Weiterlesen <span class=\"meta-nav\">&rarr;<\/span><\/a><\/p>\n","protected":false},"author":1,"featured_media":0,"parent":0,"menu_order":0,"comment_status":"closed","ping_status":"closed","template":"","meta":{"footnotes":""},"class_list":["post-1158","page","type-page","status-publish","hentry"],"_links":{"self":[{"href":"https:\/\/www.beschaffungsstrategie.de\/index.php?rest_route=\/wp\/v2\/pages\/1158","targetHints":{"allow":["GET"]}}],"collection":[{"href":"https:\/\/www.beschaffungsstrategie.de\/index.php?rest_route=\/wp\/v2\/pages"}],"about":[{"href":"https:\/\/www.beschaffungsstrategie.de\/index.php?rest_route=\/wp\/v2\/types\/page"}],"author":[{"embeddable":true,"href":"https:\/\/www.beschaffungsstrategie.de\/index.php?rest_route=\/wp\/v2\/users\/1"}],"replies":[{"embeddable":true,"href":"https:\/\/www.beschaffungsstrategie.de\/index.php?rest_route=%2Fwp%2Fv2%2Fcomments&post=1158"}],"version-history":[{"count":6,"href":"https:\/\/www.beschaffungsstrategie.de\/index.php?rest_route=\/wp\/v2\/pages\/1158\/revisions"}],"predecessor-version":[{"id":3488,"href":"https:\/\/www.beschaffungsstrategie.de\/index.php?rest_route=\/wp\/v2\/pages\/1158\/revisions\/3488"}],"wp:attachment":[{"href":"https:\/\/www.beschaffungsstrategie.de\/index.php?rest_route=%2Fwp%2Fv2%2Fmedia&parent=1158"}],"curies":[{"name":"wp","href":"https:\/\/api.w.org\/{rel}","templated":true}]}}