{"id":1248,"date":"2013-10-11T14:10:56","date_gmt":"2013-10-11T12:10:56","guid":{"rendered":"http:\/\/www.materialgruppe.de\/?page_id=1248"},"modified":"2019-06-15T21:32:31","modified_gmt":"2019-06-15T19:32:31","slug":"einkaufsstrategie-supply-strategie-2","status":"publish","type":"page","link":"https:\/\/www.beschaffungsstrategie.de\/?page_id=1248","title":{"rendered":"Einkaufsstrategie Supply-Strategie"},"content":{"rendered":"<h2><span style=\"font-size: 18px;\">Einkaufsstrategie \u2013 Beschaffungsstrategie \u2013 Supply-Strategie<\/span><\/h2>\n<p>Die Supply-Strategie umfasst die grundlegenden Entscheidungen und Ma\u00dfnahmen in Bezug auf die Versorgung des Unternehmens mit G\u00fctern und Leistungen, mit denen heute die Voraussetzungen f\u00fcr den zuk\u00fcnftigen Erfolg (in der Regel der n\u00e4chsten zwei bis f\u00fcnf Jahre) geschaffen werden sollen.<\/p>\n<p>Die Supply-Strategie zielt also auf die Schaffung und Sicherung von Erfolgspotenzialen in der Versorgung des Unternehmens mit G\u00fctern und Leistungen. Es geht darum, heute die Voraussetzungen einer \u00fcberlegenen Position in den Beschaffungsm\u00e4rkten zu schaffen bzw. zu erhalten, damit das Unternehmen in zwei bis f\u00fcnf Jahren \u00fcber Wettbewerbsvorteile (in seinen Absatzm\u00e4rkten) verf\u00fcgen kann. Kurz: Eine Supply-Strategie ist eine Roadmap, um die Voraussetzungen f\u00fcr den zuk\u00fcnftigen Erfolg in den Beschaffungsm\u00e4rkten zu sichern.<\/p>\n<p><span style=\"color: rgb(0, 80, 140);\">_______________________________________________________________________<\/span><\/p>\n<h2>Warum sprechen wir von einer Supply-Strategie und nicht von einer&nbsp;Beschaffungsstrategie oder von einer Einkaufsstrategie?<\/h2>\n<p>Unter einer Einkaufsstrategie wird leicht die Strategie der Einkaufsabteilung verstanden. Entsprechend wird mit einer Beschaffungsstrategie die Strategie des operativen Einkaufs oder der Beschaffungslogistik assoziiert. Diese Vorstellung erschwert bzw. verhindert leicht die sinnvolle abteilungs\u00fcbergreifende Zusammenarbeit in der Strategieentwicklung und -implementierung.<\/p>\n<p>Um den cross-funktionalen Ansatz deutlich zu machen und dabei auch mit Nachdruck auf die gemeinsame Entwicklung von Strategien zur Versorgung des Unternehmens hinzuweisen, sprechen wir von Supply-Strategie. Gegenstand ist also die Versorgung des Unternehmens mit Materialien und Dienstleistungen, d.h. die Steuerung der Schnittstelle gegen\u00fcber den Lieferanten. Die Supply-Strategie sollte gemeinsam von Einkauf, Entwicklung, Logistik, Qualit\u00e4t, Marketing und ggf. weiteren Abteilungen erarbeitet werden.<\/p>\n<p>In den meisten Unternehmen sollte der Einkauf die Strategieentwicklung&nbsp;koordinieren und verantworten.<\/p>\n","protected":false},"excerpt":{"rendered":"<p>Einkaufsstrategie \u2013 Beschaffungsstrategie \u2013 Supply-Strategie Die Supply-Strategie umfasst die grundlegenden Entscheidungen und Ma\u00dfnahmen in Bezug auf die Versorgung des Unternehmens mit G\u00fctern und Leistungen, mit denen heute die Voraussetzungen f\u00fcr den zuk\u00fcnftigen Erfolg (in der Regel der n\u00e4chsten zwei bis &hellip; <a href=\"https:\/\/www.beschaffungsstrategie.de\/?page_id=1248\">Weiterlesen <span class=\"meta-nav\">&rarr;<\/span><\/a><\/p>\n","protected":false},"author":1,"featured_media":0,"parent":0,"menu_order":0,"comment_status":"closed","ping_status":"closed","template":"","meta":{"footnotes":""},"class_list":["post-1248","page","type-page","status-publish","hentry"],"_links":{"self":[{"href":"https:\/\/www.beschaffungsstrategie.de\/index.php?rest_route=\/wp\/v2\/pages\/1248","targetHints":{"allow":["GET"]}}],"collection":[{"href":"https:\/\/www.beschaffungsstrategie.de\/index.php?rest_route=\/wp\/v2\/pages"}],"about":[{"href":"https:\/\/www.beschaffungsstrategie.de\/index.php?rest_route=\/wp\/v2\/types\/page"}],"author":[{"embeddable":true,"href":"https:\/\/www.beschaffungsstrategie.de\/index.php?rest_route=\/wp\/v2\/users\/1"}],"replies":[{"embeddable":true,"href":"https:\/\/www.beschaffungsstrategie.de\/index.php?rest_route=%2Fwp%2Fv2%2Fcomments&post=1248"}],"version-history":[{"count":6,"href":"https:\/\/www.beschaffungsstrategie.de\/index.php?rest_route=\/wp\/v2\/pages\/1248\/revisions"}],"predecessor-version":[{"id":3447,"href":"https:\/\/www.beschaffungsstrategie.de\/index.php?rest_route=\/wp\/v2\/pages\/1248\/revisions\/3447"}],"wp:attachment":[{"href":"https:\/\/www.beschaffungsstrategie.de\/index.php?rest_route=%2Fwp%2Fv2%2Fmedia&parent=1248"}],"curies":[{"name":"wp","href":"https:\/\/api.w.org\/{rel}","templated":true}]}}