{"id":1363,"date":"2013-11-06T15:46:19","date_gmt":"2013-11-06T13:46:19","guid":{"rendered":"http:\/\/www.materialgruppe.de\/?page_id=1363"},"modified":"2022-10-06T14:01:23","modified_gmt":"2022-10-06T12:01:23","slug":"weiterbildung-2","status":"publish","type":"page","link":"https:\/\/www.beschaffungsstrategie.de\/?page_id=1363","title":{"rendered":"Weiterbildung"},"content":{"rendered":"<h2><\/h2>\n<p><a href=\"http:\/\/www.beschaffungsstrategie.de\/wp-content\/uploads\/2013\/11\/Zweit\u00e4giger-Workshop.png\">\u00a0<\/a><img loading=\"lazy\" decoding=\"async\" class=\"alignnone size-full wp-image-2687\" src=\"http:\/\/www.beschaffungsstrategie.de\/wp-content\/uploads\/2013\/11\/Weiterbildung-Institut.png\" alt=\"Weiterbildung Institut\" width=\"1550\" height=\"218\" srcset=\"https:\/\/www.beschaffungsstrategie.de\/wp-content\/uploads\/2013\/11\/Weiterbildung-Institut.png 1550w, https:\/\/www.beschaffungsstrategie.de\/wp-content\/uploads\/2013\/11\/Weiterbildung-Institut-300x42.png 300w, https:\/\/www.beschaffungsstrategie.de\/wp-content\/uploads\/2013\/11\/Weiterbildung-Institut-1024x144.png 1024w, https:\/\/www.beschaffungsstrategie.de\/wp-content\/uploads\/2013\/11\/Weiterbildung-Institut-500x70.png 500w\" sizes=\"auto, (max-width: 1550px) 100vw, 1550px\" \/><\/p>\n<p><strong>Online Workshopkonzept<\/strong><br \/>\n<strong>Ganzheitliches Risikomanagement und Resilienz im Einkauf und in der Lieferkette<br \/>\nAuf Basis der 15M-Architektur der Supply-Strategie<\/strong><\/p>\n<p>Risikomanagement im Einkauf ist facettenreich!<br \/>\nLernen Sie einen systematischen und ganzheitlichen Ansatz zur Steuerung der Risiken im Einkauf und in den Lieferketten kennen und entwerfen Sie eine Roadmap, wie Sie Ihr Risikomanagement fortentwickeln.<\/p>\n<p><strong>Workshopkonzept und Workshopinhalte:<br \/>\n<\/strong>Nach dem Workshop haben Sie einen systematischen \u00dcberblick \u00fcber die wesentlichen Handlungsfelder im Risikomanagement des Einkaufs. Basis ist die 15M-Architektur, ein Einkaufsmanagementsystem, das sich seit 15 Jahren in der Praxis bew\u00e4hrt hat. Sie erhalten umfangreich praktische Hinweise und Tipps, wie Sie die einzelnen Bausteine in Ihrer Praxis implementieren k\u00f6nnen. Sie lernen, wie Sie Ihre Roadmap zur Fortenwicklung des Risikomanagements im Einkauf gestalten. Der Workshop umfasst folgende Inhalte:<\/p>\n<ul>\n<li>Aufbau des Risikomanagements im Einkauf und in den Lieferketten<\/li>\n<li>Steuerung der Top-Risiken im Einkauf<\/li>\n<li>Steigerung der Resilienz im Einkauf und in den Lieferketten, inklusive Reifegradmodell zur Resilienz im Einkauf<\/li>\n<li>Steuerung der Lieferantenrisiken<\/li>\n<li>Steuerung materialbezogener Risiken, insbesondere Risiken in den Materialgruppen und den Marktstrategien<\/li>\n<li>Entwicklung einer risikoorientierten F\u00fchrung und eines angemessenen Risikobewusstseins bei F\u00fchrungskr\u00e4ften und Mitarbeitern<\/li>\n<\/ul>\n<p><strong>Ablauf und Inhalte der einzelnen Workshops:<br \/>\n<\/strong>Der Weiterbildungsworkshop setzt sich aus f\u00fcnf Einheiten zusammen, die jeweils montags von 15.00 Uhr bis 18.00 Uhr per Zoom stattfinden:<\/p>\n<ol>\n<li><strong>\u00dcberblick ganzheitliches Risikomanagement\u00a0<\/strong><br \/>\n\u00dcberblick zum Ansatz des ganzheitlichen Risikomanagements und zur Resilienz im Einkauf und in der Lieferkette.<\/li>\n<li><strong>Management von Risiken und Resilienz auf Ebene des gesamten Einkaufs )<\/strong><br \/>\nRisikopolitiken, Risikomanagement-Prozess, Risk-Map und weitere Tools, Reifegradmodell zur Vorbereitung eines professionellen Krisenmanagements<\/li>\n<li><strong>Management von Lieferantenrisiken\u00a0<\/strong><br \/>\nLieferanten-Risikobewertung, Lieferanten-Risikoportfolien, Integration ins Lieferantenmanagement, Steuerung der Risiken der sozialen Nachhaltigkeit<\/li>\n<li><strong>Management von Material- und Marktrisiken im Einkauf<\/strong><br \/>\nRisiken in der Materialgruppenstrategie, Steuerung von Versorgungs- und Qualit\u00e4tsrisiken sowie von Risiken der \u00f6kologischen Nachhaltigkeit.<\/li>\n<li><strong>Abschlussgespr\u00e4ch\u00a0<\/strong><\/li>\n<\/ol>\n<p>_____________________________________________________________________________________________________<\/p>\n<p><strong>Zweit\u00e4giger Weiterbildungsworkshop &#8211; online:<br \/>\nEinkaufsstrategie und nachhaltige Entwicklung des strategischen Einkaufs<\/strong><\/p>\n<p>Nach dem Workshop kennen Sie die 15M-Architektur der Supply-Strategie und wissen, wie Sie diese in Ihrem Unternehmen anwenden k\u00f6nnen. Sie haben f\u00fcr Ihr Unternehmen ein Konzept entwickelt, wie Sie eine systematische Einkaufsstrategie sowie Ihren strategischen Einkauf nachhaltig entwickeln. Sie haben erste \u00dcberlegungen zur Umsetzung des Konzeptes erarbeitet und wissen wie Sie weiter vorgehen k\u00f6nnen. Der Workshop umfasst folgende Inhalte:<\/p>\n<ul>\n<li><strong>1. Tag: Vorstellung der 15M-Architektur der Supply-Strategie<\/strong> mit vielf\u00e4ltigen Anwendungsbeispielen und ausf\u00fchrlichen Umsetzungstipps<\/li>\n<li><strong>1. Tag: Strategische Ausrichtung des Einkaufs mit der Rahmenstrategie (Strategiebaustein 1):<\/strong> Sie entwerfen Ihre Rahmenstrategie.<\/li>\n<li><strong>1. Tag: Performance Management (Strategiebaustein 4):<\/strong> Sie diskutieren Vorgehensweisen, wie Sie den strategischen Einkauf in Ihrem Unternehmen nachhaltig fortentwickeln und wie Sie Rahmen-, Markt- und Lieferantenstrategien im Unternehmen umsetzen.<\/li>\n<li><strong>2. Tag: Marktstrategie (entspricht Warengruppenstrategie bzw. Catagory Management (Strategiebaustein 2):<\/strong> Sie entwickeln mit der 15M-Architektur beispielhaft eine Marktstrategie.<\/li>\n<li><strong>2. Tag: Lieferantenbewertung und Lieferantenstrategie (Strategiebaustein 3):<\/strong> Sie spiegeln Ihr Lieferantenmanagement mit der 15M-Architektur und \u00fcberlegen, wie Sie Ihr System fortentwickeln.<\/li>\n<\/ul>\n<p>Der zweite Tag ist auch einzeln buchbar, siehe unten:<br \/>\nWarengruppen- und Lieferantenstrategien im strategischen Einkauf<\/p>\n<p>Ort: online per Zoo<\/p>\n<p><span style=\"color: #008000;\">_________________________________________________________________________________________________<\/span><\/p>\n<p><strong>Weiterbildungs-Tagesworkshop &#8211; online:<\/strong><br \/>\n<strong>Warengruppen- und Lieferantenstrategien im strategischen Einkauf entwickeln mit der 15M-Architektur der Supply-Strategie<\/strong><\/p>\n<p>Lernen Sie Warengruppen- und Lieferantenstrategien systematisch formulieren und nachhaltig umsetzen. Entwerfen Sie auf Basis der 15M-Architektur der Supply-Strategie f\u00fcr Ihr Unternehmen ein integriertes Konzept zum Warengruppen- und Lieferantenmanagement.<br \/>\nDie nachhaltige Entwicklung von Beschaffungsmarktstrategien (= Warengruppenstrategien) und Lieferantenstrategien mit der 15M-Architektur der Supply-Strategie sind Gegenstand des Tagesworkshops mit folgenden Inhalten:<\/p>\n<ul>\n<li><strong>Markt- und Bedarfsanalyse:<\/strong> Wie k\u00f6nnen die Anforderungen der Beschaffungsm\u00e4rkte sowie der Bedarfstr\u00e4ger erfasst und analysiert werden?<\/li>\n<li><strong>Hebel der Marktstrategie:<\/strong> Welche Hebel stehen bei der Formulierung einer konkreten Marktstrategie zur Verf\u00fcgung? Wie k\u00f6nnen Hebelworkshops organisiert werden?<\/li>\n<li><strong>Steckbriefmethode zur Strategieformulierung:<\/strong> Wie k\u00f6nnen Marktstrategien mit der Steckbriefmethode formuliert und nachhaltig umgesetzt werden?<\/li>\n<li><strong>Risikomanagement:<\/strong> Wie sind Markt- und Lieferantenrisiken sinnvoll in das Warengruppen- und Lieferantenmanagement zu integrieren?<\/li>\n<li><strong>Lieferantenbewertung und -klassifizierung:<\/strong> Wie k\u00f6nnen Lieferanten vergangenheits- und potentialorientiert bewertet werden? Wie ist eine strategische Lieferantenklassifizierung aufzubauen?<\/li>\n<li><strong>Lieferantenstrategien:<\/strong> Wie k\u00f6nnen Lieferantenstrategien formuliert und umgesetzt werden (Steckbriefmethode)?<\/li>\n<li><strong>Strategiebezug:<\/strong> Wie sind Beschaffungsmarkt- sowie Lieferantenstrategie mit der Unternehmens- sowie der Rahmenstrategie des Einkaufs zu verkn\u00fcpfen? Wie erfolgt das entsprechende Controlling?<\/li>\n<li><strong>Integration:<\/strong> Wie sind Warengruppen- und Lieferantenmanagement miteinander zu verkn\u00fcpfen? Wie erfolgt die cross-funktionale Abstimmung mit Logistik, Qualit\u00e4t, Entwicklung, Produktion und Marketing?<\/li>\n<\/ul>\n<p>Ort: online per Zoom<\/p>\n<p><a href=\"http:\/\/www.beschaffungsstrategie.de\/wp-content\/uploads\/2013\/11\/OHM-Professional-School.png\"><img loading=\"lazy\" decoding=\"async\" class=\"alignnone size-full wp-image-3212\" src=\"http:\/\/www.beschaffungsstrategie.de\/wp-content\/uploads\/2013\/11\/OHM-Professional-School.png\" alt=\"\" width=\"1329\" height=\"137\" srcset=\"https:\/\/www.beschaffungsstrategie.de\/wp-content\/uploads\/2013\/11\/OHM-Professional-School.png 1329w, https:\/\/www.beschaffungsstrategie.de\/wp-content\/uploads\/2013\/11\/OHM-Professional-School-300x31.png 300w, https:\/\/www.beschaffungsstrategie.de\/wp-content\/uploads\/2013\/11\/OHM-Professional-School-768x79.png 768w, https:\/\/www.beschaffungsstrategie.de\/wp-content\/uploads\/2013\/11\/OHM-Professional-School-1024x106.png 1024w, https:\/\/www.beschaffungsstrategie.de\/wp-content\/uploads\/2013\/11\/OHM-Professional-School-500x52.png 500w\" sizes=\"auto, (max-width: 1329px) 100vw, 1329px\" \/><\/a><\/p>\n<p><strong>Berufsbegleitender Masterstudiengang Einkauf und Logistik \/ Supply Chain Management<\/strong><\/p>\n<p>Der berufsbegleitende Masterstudiengang &#8222;Einkauf und Logistik\/Supply Chain Management&#8220; richtet sich an erfahrene Praktiker aus Einkauf und Logistik und verwandten Unternehmensfunktionen. Ziel ist eine an die Anforderungen einer modernen Praxis ausgerichteten Qualifizierung zu allen Fragen in Einkauf und Logistik sowie Supply Chain Management. Mit insgesamt 90 ECTS wird am Ende des Masterstudiengangs der international anerkannte akademische Titel &#8222;Master of Arts&#8220; (M.A.) verliehen.<\/p>\n<p>Systematischer \u00dcberblick \u00fcber aktuelle Trends, Methoden und Instrumente und deren Anwendung mit insgesamt drei Studienabschnitten.<\/p>\n<ol>\n<li>Einkauf und Supply Chain Management<br \/>\n2 Semester mit 12 Kurseinheiten jeweils Freitag und Samstag<\/li>\n<li>Logistik und Supply Chain Management<br \/>\n2 Semester mit 12 Kurseinheiten jeweils Freitag und Samstag<\/li>\n<li>Masterarbeit<\/li>\n<\/ol>\n<p>Aktuelle Informationen sowie die n\u00e4chsten Starttermine entnehmen Sie bitte der Homepage\u00a0der <a href=\"https:\/\/ohm-professional-school.de\/studium\/master\/master-im-ueberblick\/\">OHM Professional School; Technische Hochschule N\u00fcrnberg Georg-Simon-Ohm<\/a><br \/>\n<span style=\"color: #93be0d;\">_________________________________________________________________________________<\/span><\/p>\n<p><strong>Neu: Berufsbegleitender Masterstudiengang Einkauf und Supply Management <\/strong><\/p>\n<p>Der berufsbegleitende Masterstudiengang &#8222;Einkauf und Supply Management&#8220; richtet sich an erfahrene Praktiker aus dem Einkauf und verwandten Unternehmensfunktionen. Der Lehrgang konzentriert sich auf Fragestellung aus dem Einkauf. Insbesondere findet eine Vertiefung zum Einkaufscontrolling und zur Lieferantenauswahl statt. Mit insgesamt 90 ECTS wird am Ende des Masterstudiengangs der international anerkannte akademische Titel &#8222;Master of Arts&#8220; (M.A.) verliehen.<\/p>\n<ol>\n<li>Einkauf und Supply Chain Management<br \/>\n2 Semester mit 12 Kurseinheiten jeweils Freitag und Samstag<\/li>\n<li>Lieferantenauswahl und Vergabemanagement<br \/>\n2 Semester mit 12 Kurseinheiten jeweils Freitag und Samstag<\/li>\n<li>Masterarbeit<\/li>\n<\/ol>\n<p>Aktuelle Informationen sowie die n\u00e4chsten Starttermine entnehmen Sie bitte der Homepage\u00a0der <a href=\"https:\/\/ohm-professional-school.de\/studium\/master\/master-im-ueberblick\/\">OHM Professional School; Technische Hochschule N\u00fcrnberg Georg-Simon-Ohm<\/a><br \/>\n<span style=\"color: #fed501;\">_________________________________________________________________________________<\/span><\/p>\n<p><strong>Berufsbegleitender Zertifikatslehrgang Beschaffung und Supply Chain Management<\/strong><\/p>\n<p>Systematischer \u00dcberblick \u00fcber aktuelle Trends, Methoden und Instrumente und deren Anwendung. 12 Kurseinheiten jeweils Freitag und Samstag. Erfolgreiche Teilnehmer und Teilnehmerinnen erhalten das renommierte Hochschulzertifikat der Technischen Hochschule N\u00fcrnberg mit der Bezeichnung Supply Chain Manager TH N\u00fcrnberg bzw. Supply Chain Managerin TH N\u00fcrnberg.<\/p>\n<p>Aktuelle Informationen sowie die n\u00e4chsten Starttermine entnehmen Sie bitte der Homepage\u00a0der <a href=\"https:\/\/ohm-professional-school.de\/lehrgaenge\/lehrgaenge-im-ueberblick\/\">OHM Professional School; Technische Hochschule N\u00fcrnberg Georg-Simon-Ohm<\/a><br \/>\n<span style=\"color: #fed501;\">_________________________________________________________________________________<\/span><\/p>\n<p><strong>Berufsbegleitender Zertifikatslehrgang Einkaufscontrolling &#8211; Den Einkaufserfolg messen und steuern<\/strong><\/p>\n<p>Systematische Weiterbildung f\u00fcr Praktiker zu Philosophie, Methoden und Instrumenten des Einkaufscontrollings sowie ein starker Bezug zu Fragen der Implementierung in der Unternehmenspraxis.\u00a06 Kurseinheiten jeweils Freitag und Samstag. Erfolgreiche Teilnehmer und Teilnehmerinnen erhalten das renommierte Hochschulzertifikat der Technischen Hochschule N\u00fcrnberg mit der Bezeichnung Einkaufscontroller TH N\u00fcrnberg bzw. Einkaufscontrollerin TH N\u00fcrnberg.<\/p>\n<p>Aktuelle Informationen sowie die n\u00e4chsten Starttermine entnehmen Sie bitte der Homepage\u00a0der <a href=\"https:\/\/ohm-professional-school.de\/lehrgaenge\/lehrgaenge-im-ueberblick\/\">OHM Professional School; Technische Hochschule N\u00fcrnberg Georg-Simon-Ohm<\/a><br \/>\n<span style=\"color: #ff0000;\">__________________________________________________________________________________<\/span><\/p>\n<p><strong>Berufsbegleitender Zertifikatslehrgang Lieferantenauswahl und Vergabemanagement<\/strong><\/p>\n<p>Ziel der Weiterbildung ist es, den Teilnehmern Schl\u00fcsselkompetenzen bei der Lieferantenauswahl und dem Management von Vergabeprozessen, welche bereits in der Produktentwicklung beginnen, zu vermitteln.<\/p>\n<p>Besonderen Wert wird hierbei auf unverzichtbare Kernkompetenzen des Einkaufs gelegt, wie z. B. Lieferantenauswahl, innovative Verhandlungsmethoden und internationale Vertragsgestaltung, aber auch auf die Fr\u00fcheinbindung des Einkaufs in der Produktentwicklung.<\/p>\n<p><strong>Der Zertifikatslehrgang gliedert sich in zwei Module mit 6 Kurseinheiten (jeweils freitags und samstags) und ein Add-On:<\/strong><\/p>\n<p><strong>Modul 1:<\/strong> Grundlagen und Prozesse der Lieferantenauswahl und der Vergabeentscheidung, Grundlagen der Lieferantenauswahl, Konzeptwettbewerb, Einkauf indirekter G\u00fcter und Dienstleistungen<\/p>\n<p><strong>Modul 2:<\/strong> Methoden und Systeme der Lieferantenauswahl und des Vergabemanagements, Value Sourcing und Produktkostenkalkulation, Innovative Verhandlungsmethoden, Internationale Verhandlung und Vertragsgestaltung<\/p>\n<p>Aktuelle Informationen sowie die n\u00e4chsten Starttermine entnehmen Sie bitte der Homepage\u00a0der <a href=\"https:\/\/ohm-professional-school.de\/lehrgaenge\/lehrgaenge-im-ueberblick\/\">OHM Professional School; Technische Hochschule N\u00fcrnberg Georg-Simon-Ohm<\/a><\/p>\n<h2><a href=\"http:\/\/www.materialgruppe.de\/wp-content\/uploads\/2013\/11\/Logo-Beschaffungsstrategie-u-Inhouse-Schulung.png\"><img loading=\"lazy\" decoding=\"async\" class=\" wp-image-1486 alignleft\" src=\"http:\/\/www.materialgruppe.de\/wp-content\/uploads\/2013\/11\/Logo-Beschaffungsstrategie-u-Inhouse-Schulung.png\" alt=\"Logo Beschaffungsstrategie u Inhouse Schulung\" width=\"923\" height=\"113\" srcset=\"https:\/\/www.beschaffungsstrategie.de\/wp-content\/uploads\/2013\/11\/Logo-Beschaffungsstrategie-u-Inhouse-Schulung.png 1538w, https:\/\/www.beschaffungsstrategie.de\/wp-content\/uploads\/2013\/11\/Logo-Beschaffungsstrategie-u-Inhouse-Schulung-300x36.png 300w, https:\/\/www.beschaffungsstrategie.de\/wp-content\/uploads\/2013\/11\/Logo-Beschaffungsstrategie-u-Inhouse-Schulung-1024x125.png 1024w, https:\/\/www.beschaffungsstrategie.de\/wp-content\/uploads\/2013\/11\/Logo-Beschaffungsstrategie-u-Inhouse-Schulung-500x61.png 500w\" sizes=\"auto, (max-width: 923px) 100vw, 923px\" \/><br \/>\n<\/a><\/h2>\n<p>Gerne gestalten wir spezifische und individuelle Schulungs-, Workshop- oder Lehrgangskonzepte aus dem Einkauf nach Ihren Anforderungen.<\/p>\n","protected":false},"excerpt":{"rendered":"<p>\u00a0 Online Workshopkonzept Ganzheitliches Risikomanagement und Resilienz im Einkauf und in der Lieferkette Auf Basis der 15M-Architektur der Supply-Strategie Risikomanagement im Einkauf ist facettenreich! Lernen Sie einen systematischen und ganzheitlichen Ansatz zur Steuerung der Risiken im Einkauf und in den &hellip; <a href=\"https:\/\/www.beschaffungsstrategie.de\/?page_id=1363\">Weiterlesen <span class=\"meta-nav\">&rarr;<\/span><\/a><\/p>\n","protected":false},"author":1,"featured_media":0,"parent":0,"menu_order":0,"comment_status":"closed","ping_status":"closed","template":"","meta":{"footnotes":""},"class_list":["post-1363","page","type-page","status-publish","hentry"],"_links":{"self":[{"href":"https:\/\/www.beschaffungsstrategie.de\/index.php?rest_route=\/wp\/v2\/pages\/1363","targetHints":{"allow":["GET"]}}],"collection":[{"href":"https:\/\/www.beschaffungsstrategie.de\/index.php?rest_route=\/wp\/v2\/pages"}],"about":[{"href":"https:\/\/www.beschaffungsstrategie.de\/index.php?rest_route=\/wp\/v2\/types\/page"}],"author":[{"embeddable":true,"href":"https:\/\/www.beschaffungsstrategie.de\/index.php?rest_route=\/wp\/v2\/users\/1"}],"replies":[{"embeddable":true,"href":"https:\/\/www.beschaffungsstrategie.de\/index.php?rest_route=%2Fwp%2Fv2%2Fcomments&post=1363"}],"version-history":[{"count":109,"href":"https:\/\/www.beschaffungsstrategie.de\/index.php?rest_route=\/wp\/v2\/pages\/1363\/revisions"}],"predecessor-version":[{"id":4232,"href":"https:\/\/www.beschaffungsstrategie.de\/index.php?rest_route=\/wp\/v2\/pages\/1363\/revisions\/4232"}],"wp:attachment":[{"href":"https:\/\/www.beschaffungsstrategie.de\/index.php?rest_route=%2Fwp%2Fv2%2Fmedia&parent=1363"}],"curies":[{"name":"wp","href":"https:\/\/api.w.org\/{rel}","templated":true}]}}