{"id":1504,"date":"2013-12-12T09:37:08","date_gmt":"2013-12-12T07:37:08","guid":{"rendered":"http:\/\/www.materialgruppe.de\/?page_id=1504"},"modified":"2022-10-11T15:01:40","modified_gmt":"2022-10-11T13:01:40","slug":"aufbau-der-arbeit","status":"publish","type":"page","link":"https:\/\/www.beschaffungsstrategie.de\/?page_id=1504","title":{"rendered":"4. Aufbau der Arbeit"},"content":{"rendered":"<p>Die Gliederung der Arbeit richtet sich im Wesentlichen nach den inhaltlichen Erfordernissen. Folgend werden formale Anforderungen erl\u00e4utert.<\/p>\n<p>4.1 Deckblatt<\/p>\n<p>Das Deckblatt sollte mindestens folgende Angaben enthalten<\/p>\n<ul>\n<li>Titel<\/li>\n<li>Bachelorarbeit \/ Masterarbeit<\/li>\n<li>an der Technischen Hochschule N\u00fcrnberg<\/li>\n<li>Fakult\u00e4t Betriebswirtschaft<\/li>\n<li>Vorgelegt bei Prof. Dr. Gerhard He\u00df<\/li>\n<li>Bearbeiter&nbsp;\/ Bearbeiterin (Name, Adresse, Email, Telefon (freiwillig), Matrikelnummer)<\/li>\n<li>Ort<\/li>\n<li>Datum<\/li>\n<\/ul>\n<p>4.2 Gliederung \/ Inhaltsverzeichnis<\/p>\n<p>Es gibt mehrere m\u00f6gliche Gliederungsformen. Empfohlen wird eine rein nummerische Gliederung<\/p>\n<p><a href=\"http:\/\/www.materialgruppe.de\/wp-content\/uploads\/2013\/12\/Aufbau-d-Arbeit-\u00dcberschriften.png\"><img loading=\"lazy\" decoding=\"async\" class=\"alignnone size-full wp-image-1527\" src=\"http:\/\/www.materialgruppe.de\/wp-content\/uploads\/2013\/12\/Aufbau-d-Arbeit-\u00dcberschriften.png\" alt=\"Aufbau d Arbeit \u00dcberschriften\" width=\"488\" height=\"339\" srcset=\"https:\/\/www.beschaffungsstrategie.de\/wp-content\/uploads\/2013\/12\/Aufbau-d-Arbeit-\u00dcberschriften.png 488w, https:\/\/www.beschaffungsstrategie.de\/wp-content\/uploads\/2013\/12\/Aufbau-d-Arbeit-\u00dcberschriften-300x208.png 300w, https:\/\/www.beschaffungsstrategie.de\/wp-content\/uploads\/2013\/12\/Aufbau-d-Arbeit-\u00dcberschriften-431x300.png 431w\" sizes=\"auto, (max-width: 488px) 100vw, 488px\" \/><\/a><br>\nAchtung: Je Gliederungspunkt sind kein oder mindestens zwei Unterpunkte erforderlich. (Nur ein Unterpunkt ist also nicht zul\u00e4ssig.)<\/p>\n<p>In Inhaltsverzeichnis sind die Seitenzahlen anzugeben. Der Text beginnt mit Seite 1. Die Verzeichnisse zu Beginn der Arbeit (Inhaltsverzeichnis, Abk\u00fcrzungs-, Abbildungs- und Tabellenverzeichnis) werden mit r\u00f6mischen Ziffern durchnummeriert.<\/p>\n<p>Das Literaturverzeichnis und der Anhang schlie\u00dft sich an den Text an. Die Nummerierung des Textes wird fortgesetzt.<\/p>\n<p>4.3 Abbildungen und Tabellen<\/p>\n<p>Abbildungen und Tabellen sind auf die erste Gliederungsebene bezogen durchzunummerieren:<br>\nAbbildung 1-1, 1-2, 2-1, &#8230;<\/p>\n<p>Abbildungen und Tabellen sind Sinn bringend zu beschriften, z. B.<br>\nAbbildung 2-1: Das Einkaufsportfolio<br>\nUnter der Abbildung bzw. Tabelle ist die Quelle anzugeben. Beispiel:<br>\nQuelle: He\u00df (2010) S. 100.<\/p>\n<p>Nach dem Inhaltsverzeichnis folgt das<\/p>\n<ul>\n<li>Abk\u00fcrzungsverzeichnis<\/li>\n<li>Abbildungsverzeichnis<\/li>\n<li>Tabellenverzeichnis<\/li>\n<\/ul>\n<p>4.4 Start der Arbeit (Hinf\u00fchrung, Zielsetzung, Aufbau der Arbeit)<\/p>\n<p>Die Arbeit startet mit einer kurzen Hinf\u00fchrung zum Thema (m\u00f6glichst nicht mehr als ca. 1 Seite).<br>\nEs folgt die Zielsetzung der Arbeit. Diese sollte sehr fundiert ausgearbeitet werden. Hierbei ist auch abzugrenzen, was bearbeitet und was nicht bearbeitet werden soll.<br>\nAnschlie\u00dfend folgt der Aufbau der Arbeit, ggf. die Methodik: hier wird der rote Faden der Arbeit vorgestellt. Der Leser muss wissen wie die Logik der Arbeit ist. Insofern sollte gerade die Verkn\u00fcpfung der einzelnen Kapitel dem Leser bewusst gemacht werden.<br>\nDie Abschnitte &#8222;Zielsetzung&#8220; und &#8222;Aufbau der Arbeit&#8220; sind &#8222;Pflichtkapitel&#8220; einer jeden Arbeit. Sie sind f\u00fcr die Beurteilung der Arbeit von besonderer Bedeutung.<\/p>\n<p>4.5 Inhaltliche Bearbeitung<\/p>\n<p>Zur inhaltlichen Bearbeitung der Themenstellung k\u00f6nnen kaum generelle Aussagen getroffen werden. Als Zielgruppe der Arbeit stellen Sie sich einen Fachexperten vor, der von der speziellen Fragestellung bzw. vom speziellen Projekt keine Kenntnis hat. Hieraus ergeben sich h\u00e4ufig folgende Konsequenzen:<\/p>\n<p><span style=\"text-decoration: underline;\">Definitionen<br>\n<\/span>Grundlegende Definitionen (z. B. Einkauf, Rol, &#8230;) sind nur dann auszuf\u00fchren, wenn Sie in Ihrer Arbeit eine besondere Rolle spielen oder von Ihnen in besonderer Weise verwendet werden.<\/p>\n<p><span style=\"text-decoration: underline;\">Firmenpr\u00e4sentation<br>\n<\/span>Bei Firmenarbeiten ist die Firma und ggf. das entsprechende Projekt ausf\u00fchrlich vorzustellen. Hierbei sollten die spezifischen Aspekte besonders beachtet werden. Z. B: Falls Sie in einer Abteilung bei Siemens Ihre Abschlussarbeit schreiben, sind die Konzernstruktur und die Konzernkennzahlen von Siemens im Regelfall nicht relevant. Interessant sind beispielsweise die Aufgaben, die Standorte oder spezifische Kennzahlen des entsprechenden Gesch\u00e4ftsfeldes oder der Abteilung.<\/p>\n<p><span style=\"text-decoration: underline;\">Leserf\u00fchrung<br>\n<\/span>Ein weiterer Qualit\u00e4tsaspekt einer Abschlussarbeit ist die Leserf\u00fchrung. In der \u00dcberleitung zwischen den einzelnen Kapiteln bzw. Abschnitten sollte dem Leser jeweils der Zweck des n\u00e4chsten Abschnittes kurz erl\u00e4utert werden. Hierzu gen\u00fcgen meist wenige S\u00e4tze. Die Leserf\u00fchrung hilft dem Leser, beim Lesen den roten Faden der Arbeit nicht aus den Augen zu verlieren.<\/p>\n<p>4.6 Abschluss<\/p>\n<p>Zum Ende der Arbeit kann eine kurze Zusammenfassung oder ein Ausblick auf weitere Forschungsbem\u00fchungen erfolgen. Bei praktischen Arbeiten kann eine Beurteilung des Umsetzungsstandes oder ein Ausblick f\u00fcr die weitere Vorgehensweise gegeben werden.<\/p>\n<p>4.7 Quellenverzeichnis<\/p>\n<p>Im Quellenverzeichnis empfehle ich zwei Abschnitte: Literaturquellen und Internetquellen (siehe unter Form). Von einer weiteren Untergliederung, z. B. B\u00fccher, Zeitschriften usw., rate ich ab.<\/p>\n<p>4.8 Anhang<\/p>\n<p>Arbeitsergebnisse, die zum Verst\u00e4ndnis der Arbeit nicht erforderlich sind, aber Aussagen der Arbeit &#8222;beweisen&#8220;, erl\u00e4utern bzw. illustrieren geh\u00f6ren in den Anhang. Z. B. Berechnungsgrundlagen umfangreicher Berechnungen. Um Missverst\u00e4ndnissen vorzubeugen: Nicht jede Arbeit ben\u00f6tigt einen Anhang.<\/p>\n<p>4.9 Fu\u00dfnoten<\/p>\n<p>Die Fu\u00dfnoten dienen neben dem Verweis auf die verwendeten Quellen auch dazu weitere Erl\u00e4uterungen auszuf\u00fchren, d.h. alles was den Fluss des eigentlichen Textes st\u00f6rt und dennoch wichtig f\u00fcr die Arbeit ist, geh\u00f6rt in die Fu\u00dfnote. Beispiele hierf\u00fcr sind erg\u00e4nzende Hinweise, Hinweise auf weiterf\u00fchrende Literatur, Zusatzinformationen, nicht ganz so wichtige Definitionen.<\/p>\n<p>4.10 Eidesstattliche Erkl\u00e4rung<\/p>\n<p>Bei Abschlussarbeiten ist auf der letzten Seite, die nicht in der Nummerierung einbezogen wird, folgende Erkl\u00e4rung anzuf\u00fcgen und zu unterschreiben:<\/p>\n<p><strong>Ehrenw\u00f6rtliche Erkl\u00e4rung<br>\n<\/strong>Ich, Name, Matrikelnummer 2&#8230;, versichere, dass ich die vorliegende Bachelorarbeit ohne fremde Hilfe und ohne Benutzung anderer als der angegebenen Quellen angefertigt habe und dass die Arbeit in gleicher oder \u00e4hnlicher Form noch keiner anderen Pr\u00fcfungsbeh\u00f6rde vorgelegen hat. Alle Ausf\u00fchrungen, die w\u00f6rtlich oder sinngem\u00e4\u00df \u00fcbernommen wurden, sind als solche gekennzeichnet.<\/p>\n<p>_______________________&nbsp;&nbsp;&nbsp;&nbsp;&nbsp;&nbsp;&nbsp;&nbsp;&nbsp;&nbsp;&nbsp;&nbsp;&nbsp;&nbsp;&nbsp;&nbsp;&nbsp;&nbsp;&nbsp;&nbsp;&nbsp;&nbsp;&nbsp;&nbsp;&nbsp;&nbsp;&nbsp;&nbsp;&nbsp; __________________________<br>\nOrt, Datum&nbsp;&nbsp;&nbsp;&nbsp;&nbsp;&nbsp;&nbsp;&nbsp;&nbsp;&nbsp;&nbsp;&nbsp;&nbsp;&nbsp;&nbsp;&nbsp;&nbsp;&nbsp;&nbsp;&nbsp;&nbsp;&nbsp;&nbsp;&nbsp;&nbsp;&nbsp;&nbsp;&nbsp;&nbsp;&nbsp;&nbsp;&nbsp;&nbsp;&nbsp;&nbsp;&nbsp;&nbsp;&nbsp;&nbsp;&nbsp;&nbsp;&nbsp;&nbsp;&nbsp;&nbsp;&nbsp;&nbsp;&nbsp;&nbsp;&nbsp;&nbsp;&nbsp;&nbsp;&nbsp;&nbsp;&nbsp;&nbsp;&nbsp; Unterschrift<\/p>\n\n\n<div class=\"wp-block-buttons is-layout-flex wp-block-buttons-is-layout-flex\">\n<div class=\"wp-block-button\"><a class=\"wp-block-button__link has-blue-background-color has-background\" href=\"https:\/\/www.beschaffungsstrategie.de\/?page_id=1506\" style=\"border-radius:10px\">&#8230; weiter zu 5. Hinweise zur Form &#8230;<\/a><\/div>\n<\/div>\n","protected":false},"excerpt":{"rendered":"<p>Die Gliederung der Arbeit richtet sich im Wesentlichen nach den inhaltlichen Erfordernissen. Folgend werden formale Anforderungen erl\u00e4utert. 4.1 Deckblatt Das Deckblatt sollte mindestens folgende Angaben enthalten Titel Bachelorarbeit \/ Masterarbeit an der Technischen Hochschule N\u00fcrnberg Fakult\u00e4t Betriebswirtschaft Vorgelegt bei Prof. &hellip; <a href=\"https:\/\/www.beschaffungsstrategie.de\/?page_id=1504\">Weiterlesen <span class=\"meta-nav\">&rarr;<\/span><\/a><\/p>\n","protected":false},"author":1,"featured_media":0,"parent":1664,"menu_order":4,"comment_status":"closed","ping_status":"closed","template":"","meta":{"footnotes":""},"class_list":["post-1504","page","type-page","status-publish","hentry"],"_links":{"self":[{"href":"https:\/\/www.beschaffungsstrategie.de\/index.php?rest_route=\/wp\/v2\/pages\/1504","targetHints":{"allow":["GET"]}}],"collection":[{"href":"https:\/\/www.beschaffungsstrategie.de\/index.php?rest_route=\/wp\/v2\/pages"}],"about":[{"href":"https:\/\/www.beschaffungsstrategie.de\/index.php?rest_route=\/wp\/v2\/types\/page"}],"author":[{"embeddable":true,"href":"https:\/\/www.beschaffungsstrategie.de\/index.php?rest_route=\/wp\/v2\/users\/1"}],"replies":[{"embeddable":true,"href":"https:\/\/www.beschaffungsstrategie.de\/index.php?rest_route=%2Fwp%2Fv2%2Fcomments&post=1504"}],"version-history":[{"count":7,"href":"https:\/\/www.beschaffungsstrategie.de\/index.php?rest_route=\/wp\/v2\/pages\/1504\/revisions"}],"predecessor-version":[{"id":4294,"href":"https:\/\/www.beschaffungsstrategie.de\/index.php?rest_route=\/wp\/v2\/pages\/1504\/revisions\/4294"}],"up":[{"embeddable":true,"href":"https:\/\/www.beschaffungsstrategie.de\/index.php?rest_route=\/wp\/v2\/pages\/1664"}],"wp:attachment":[{"href":"https:\/\/www.beschaffungsstrategie.de\/index.php?rest_route=%2Fwp%2Fv2%2Fmedia&parent=1504"}],"curies":[{"name":"wp","href":"https:\/\/api.w.org\/{rel}","templated":true}]}}