{"id":1556,"date":"2013-12-17T16:05:35","date_gmt":"2013-12-17T14:05:35","guid":{"rendered":"http:\/\/www.materialgruppe.de\/?page_id=1556"},"modified":"2024-09-16T17:39:56","modified_gmt":"2024-09-16T15:39:56","slug":"leistungen","status":"publish","type":"page","link":"https:\/\/www.beschaffungsstrategie.de\/?page_id=1556","title":{"rendered":"Leistungen"},"content":{"rendered":"<p><strong><span style=\"font-size: 18px;\">Leistungen<\/span><\/strong><\/p>\n<p>Die Entwicklung des strategischen Einkaufs und der Supply-Strategie hat \u00fcblicherweise Projektcharakter. Entsprechend der oben ausgef\u00fchrten Empfehlungen wird die Ausgangssituation im strategischen Einkauf analysiert und danach in einem oder mehreren strategischen Projekten verbessert. Teilweise wird diese Entwicklung durch den Einkaufsleiter alleine getrieben, der in die unterschiedlichen Teilprojekte jeweils geeignete Mitarbeiter einbindet. Teilweise wird auch ein kleines Projektteam gebildet.<\/p>\n<p>Das Institut f\u00fcr Beschaffungsstrategie unterst\u00fctzt die Verantwortlichen w\u00e4hrend der gesamten Entwicklung und Steuerung des Projektes. Hierzu erfolgt eine regelm\u00e4\u00dfige Abstimmung, z. B. einmal im Monat. Dar\u00fcber hinaus k\u00f6nnen unterschiedliche Fachaufgaben \u00fcbernommen werden. Beispielsweise sind folgende Leistungen m\u00f6glich:<br \/>\n<span style=\"color: #fed501;\">_________________________________________________________________________________________________________<\/span><\/p>\n<p><strong>Beratung bei der Konzipierung der grunds\u00e4tzlichen Vorgehensweise zur nachhaltigen Entwicklung des strategischen Einkaufs:<\/strong><\/p>\n<p>Welche Strategiebausteine, welche Module, welche Methoden oder Instrumente sollen eingef\u00fchrt werden und in welcher Reihenfolge sollte vorgegangen werden.<br \/>\n<span style=\"color: #c00518;\">_________________________________________________________________________________________________________<\/span><\/p>\n<p><strong>Durchf\u00fchrung des 15M-Strategy-Scans mit Reifegradbewertung:<\/strong><\/p>\n<p>Das Institut f\u00fcr Beschaffungsstrategie f\u00fchrt den 15M-Reifegrad-Scan durch, moderiert die Reifegradbewertung und erstellt sowohl die qualitative wie auch die quantitative Auswertung.<br \/>\n<span style=\"color: #93be0d;\">_________________________________________________________________________________________________________<\/span><\/p>\n<p><strong>Unterst\u00fctzung bei der Formulierung der Rahmenstrategie:<\/strong><\/p>\n<p>Das Institut f\u00fcr Beschaffungsstrategie moderiert den Prozess, achtet dabei auf die systematische Vorgehensweise, gibt wesentliche fachliche Impulse und hinterfragt die diskutierten Strategien konstruktiv-kritisch. Dar\u00fcber hinaus kann die Erstellung des Strategiepapiers unterst\u00fctzt werden.<br \/>\n<span style=\"color: #b1bfd9;\">_________________________________________________________________________________________________________<\/span><\/p>\n<p><span style=\"color: #b1bfd9;\"><strong><span style=\"color: #000000;\">Beratung bei der Entwicklung und Implementierung einzelner Strategiebausteine, Module, Methoden oder Instrumente<\/span><\/strong><br \/>\n<\/span><\/p>\n<p>Das Institut f\u00fcr Beschaffungsstrategie verf\u00fcgt \u00fcber tiefgehendes Fachwissen und umfangreiche Praxiserfahrung zu den unterschiedlichen Konzepten. So kann er die Entwicklung der jeweiligen Fachkonzepte und der damit verkn\u00fcpften Implementierungsprozesse steuern bzw. zumindest wesentliche Hinweise geben. Beispielsweise kann er die Entwicklung einer angemessenen Lieferantenbewertung und -klassifizierung sowie deren Implementierung mitgestalten und mitsteuern.<br \/>\n<span style=\"color: #00508c;\">_________________________________________________________________________________________________________<\/span><\/p>\n<p><strong>Unterst\u00fctzung der Implementierung<\/strong><\/p>\n<p>Die Implementierung der Konzepte kann in vielf\u00e4ltiger Weise unterst\u00fctzt werden. Beispielsweise k\u00f6nnen Workshops zur Entwicklung von Fachkonzepten moderiert werden, Mitarbeiter zu einzelnen Fragestellungen aus dem Projekt geschult werden (z. B. zur Lieferantenbewertung) oder Mitarbeiter bei der Strategieentwicklung gecoacht werden (z. B. erstmalige Formulierung einer Markt- bzw. einer Materialgruppenstrategie). Ferner kann ein externer Partner helfen, das Projekt im Unternehmen zu verkaufen bzw. die Attention und die Akzeptanz im Unternehmen zu steigern.<br \/>\n<span style=\"color: #fed501;\">_________________________________________________________________________________________________________<\/span><\/p>\n<p><strong>Challenge der Fachexperten<\/strong><\/p>\n<p>Das Institut f\u00fcr Beschaffungsstrategie kann nicht Experte zu den unterschiedlichen Beschaffungsm\u00e4rkten sein. Allerdings hat er vielf\u00e4ltige praktische Erfahrungen zu Rahmen-, Markt und Lieferantenstrategien, so dass er mit Hilfe entsprechender Fragetechnik sowie analoger Beispiele zusammen mit den Fachexperten blinde Flecken in der Strategie entlarven und neuartige Strategien entwickeln kann.<br \/>\n<span style=\"color: #c00518;\">_________________________________________________________________________________________________________<\/span><\/p>\n<p><strong>Etwas abstrahiert sind die Leistungen des Instituts f\u00fcr Beschaffungsstrategie:<\/strong><\/p>\n<ul>\n<li>Er bringt umfangreiche praktische Erfahrung und Fachkenntnisse zur nachhaltigen Entwicklung des strategischen Einkaufs und von Supply-Strategien ein.<\/li>\n<li>Er dient als Sparringspartner bei der Strategie- und Methodikentwicklung. Gerade im Dialog k\u00f6nnen alternative Vorgehensweisen verglichen und abgewogen werden.<\/li>\n<li>Er unterst\u00fctzt die Implementierung in vielf\u00e4ltiger Weise.<\/li>\n<li>Seine Unterst\u00fctzung erh\u00f6ht die Geschwindigkeit bei der nachhaltigen Entwicklung von Supply-Strategien. Da das Fachwissen und die praktische Erfahrung im Projekt nicht erst erarbeitet werden m\u00fcssen, k\u00f6nnen die Fachkonzepte schneller entwickelt werden. Mancher Irrweg kann vermieden werden.<\/li>\n<li>Der Berater bringt ferner Kapazit\u00e4t in das Projekt ein und steigert auch so die Umsetzungsgeschwindigkeit.<\/li>\n<\/ul>\n<p><span style=\"color: #93be0d;\">_________________________________________________________________________________________________________<\/span><\/p>\n<p><strong>Zusammenarbeit am Atotech-Beispiel<\/strong><\/p>\n<p>Welche Leistungen das Institut f\u00fcr Beschaffungsstrategie erbringen soll, werden im Projekt gem\u00e4\u00df den firmenspezifischen Anforderungen abgesprochen. Am Aotech-Beispiel kann die Zusammenarbeit veranschaulicht werden. Fordern Sie die ausf\u00fchrliche Fallbeschreibung an:\u00a0<a href=\"http:\/\/www.beschaffungsstrategie.de\/?page_id=1698\">Institut f\u00fcr Beschaffungsstrategie<\/a> \u00a0\u00a0\u00a0 <a title=\"Beispiel Atotech\" href=\"http:\/\/www.beschaffungsstrategie.de\/?page_id=1559\"><strong>mehr<\/strong><\/a><\/p>\n","protected":false},"excerpt":{"rendered":"<p>Leistungen Die Entwicklung des strategischen Einkaufs und der Supply-Strategie hat \u00fcblicherweise Projektcharakter. Entsprechend der oben ausgef\u00fchrten Empfehlungen wird die Ausgangssituation im strategischen Einkauf analysiert und danach in einem oder mehreren strategischen Projekten verbessert. Teilweise wird diese Entwicklung durch den Einkaufsleiter &hellip; <a href=\"https:\/\/www.beschaffungsstrategie.de\/?page_id=1556\">Weiterlesen <span class=\"meta-nav\">&rarr;<\/span><\/a><\/p>\n","protected":false},"author":1,"featured_media":0,"parent":0,"menu_order":0,"comment_status":"closed","ping_status":"closed","template":"","meta":{"footnotes":""},"class_list":["post-1556","page","type-page","status-publish","hentry"],"_links":{"self":[{"href":"https:\/\/www.beschaffungsstrategie.de\/index.php?rest_route=\/wp\/v2\/pages\/1556","targetHints":{"allow":["GET"]}}],"collection":[{"href":"https:\/\/www.beschaffungsstrategie.de\/index.php?rest_route=\/wp\/v2\/pages"}],"about":[{"href":"https:\/\/www.beschaffungsstrategie.de\/index.php?rest_route=\/wp\/v2\/types\/page"}],"author":[{"embeddable":true,"href":"https:\/\/www.beschaffungsstrategie.de\/index.php?rest_route=\/wp\/v2\/users\/1"}],"replies":[{"embeddable":true,"href":"https:\/\/www.beschaffungsstrategie.de\/index.php?rest_route=%2Fwp%2Fv2%2Fcomments&post=1556"}],"version-history":[{"count":6,"href":"https:\/\/www.beschaffungsstrategie.de\/index.php?rest_route=\/wp\/v2\/pages\/1556\/revisions"}],"predecessor-version":[{"id":4465,"href":"https:\/\/www.beschaffungsstrategie.de\/index.php?rest_route=\/wp\/v2\/pages\/1556\/revisions\/4465"}],"wp:attachment":[{"href":"https:\/\/www.beschaffungsstrategie.de\/index.php?rest_route=%2Fwp%2Fv2%2Fmedia&parent=1556"}],"curies":[{"name":"wp","href":"https:\/\/api.w.org\/{rel}","templated":true}]}}