{"id":1636,"date":"2013-12-20T16:51:23","date_gmt":"2013-12-20T14:51:23","guid":{"rendered":"http:\/\/www.materialgruppe.de\/?page_id=1636"},"modified":"2019-06-15T22:02:20","modified_gmt":"2019-06-15T20:02:20","slug":"e-t-a","status":"publish","type":"page","link":"https:\/\/www.beschaffungsstrategie.de\/?page_id=1636","title":{"rendered":"E-T-A"},"content":{"rendered":"<p><strong><span style=\"font-size: 18px;\">E-T-A<\/span><\/strong><\/p>\n<p>Entwicklung der Supply-Strategie bei E-T-A, Altdorf<br \/>\nvon Manfred Laschinger und Michael Frank<\/p>\n<p>Innerhalb von drei Jahren hat E-T-A Elektrotechnische Apparate GmbH eine umfassende Supply-Strategie entwickelt und implementiert. Es soll folgend der Entwicklungspfad nachgezeichnet werden, weil damit hervorragend illustriert wird, wie ein mittelst\u00e4ndisches Unternehmen schrittweise &#8211; entsprechend der jeweils verf\u00fcgbaren Ressourcen &#8211; seine Supply-Strategie entwickeln kann. Mittlerweile sind alle 15 Module der 15M-Architektur der Supply-Strategie nach He\u00df weitestgehend eingef\u00fchrt, so dass die Fallstudie auch beispielhaft aufzeigt, wie eine &#8222;vollst\u00e4ndige&#8220; Supply-Strategie in einem globalisierten mittelst\u00e4ndischen Unternehmen funktionieren kann.<\/p>\n<p>&nbsp;<\/p>\n","protected":false},"excerpt":{"rendered":"<p>E-T-A Entwicklung der Supply-Strategie bei E-T-A, Altdorf von Manfred Laschinger und Michael Frank Innerhalb von drei Jahren hat E-T-A Elektrotechnische Apparate GmbH eine umfassende Supply-Strategie entwickelt und implementiert. Es soll folgend der Entwicklungspfad nachgezeichnet werden, weil damit hervorragend illustriert wird, &hellip; <a href=\"https:\/\/www.beschaffungsstrategie.de\/?page_id=1636\">Weiterlesen <span class=\"meta-nav\">&rarr;<\/span><\/a><\/p>\n","protected":false},"author":1,"featured_media":0,"parent":0,"menu_order":0,"comment_status":"closed","ping_status":"closed","template":"","meta":{"footnotes":""},"class_list":["post-1636","page","type-page","status-publish","hentry"],"_links":{"self":[{"href":"https:\/\/www.beschaffungsstrategie.de\/index.php?rest_route=\/wp\/v2\/pages\/1636","targetHints":{"allow":["GET"]}}],"collection":[{"href":"https:\/\/www.beschaffungsstrategie.de\/index.php?rest_route=\/wp\/v2\/pages"}],"about":[{"href":"https:\/\/www.beschaffungsstrategie.de\/index.php?rest_route=\/wp\/v2\/types\/page"}],"author":[{"embeddable":true,"href":"https:\/\/www.beschaffungsstrategie.de\/index.php?rest_route=\/wp\/v2\/users\/1"}],"replies":[{"embeddable":true,"href":"https:\/\/www.beschaffungsstrategie.de\/index.php?rest_route=%2Fwp%2Fv2%2Fcomments&post=1636"}],"version-history":[{"count":1,"href":"https:\/\/www.beschaffungsstrategie.de\/index.php?rest_route=\/wp\/v2\/pages\/1636\/revisions"}],"predecessor-version":[{"id":1637,"href":"https:\/\/www.beschaffungsstrategie.de\/index.php?rest_route=\/wp\/v2\/pages\/1636\/revisions\/1637"}],"wp:attachment":[{"href":"https:\/\/www.beschaffungsstrategie.de\/index.php?rest_route=%2Fwp%2Fv2%2Fmedia&parent=1636"}],"curies":[{"name":"wp","href":"https:\/\/api.w.org\/{rel}","templated":true}]}}