{"id":1638,"date":"2013-12-20T16:56:46","date_gmt":"2013-12-20T14:56:46","guid":{"rendered":"http:\/\/www.materialgruppe.de\/?page_id=1638"},"modified":"2019-06-15T22:03:18","modified_gmt":"2019-06-15T20:03:18","slug":"siemens-ag","status":"publish","type":"page","link":"https:\/\/www.beschaffungsstrategie.de\/?page_id=1638","title":{"rendered":"Siemens AG"},"content":{"rendered":"<p><strong><span style=\"font-size: 18px;\">Siemens AG<\/span><\/strong><\/p>\n<p>Strategic Material Segment Guide bei Siemens AG Automation and Drives<br \/>\nvon Reinhold Schindler und Matthias Schuster<\/p>\n<p>Mit dem Strategic Material Segment Guide wird bei Siemens Automation and Drives (A&amp;D) die strategische Ausrichtung ausgew\u00e4hlter Materialfelder in den B\u00fcndelungsgremien des Bereiches umfassend und nachhaltig unterst\u00fctzt. Der B\u00fcndelung der Beschaffungsaktivit\u00e4ten kommt bei Siemens wegen der dezentralen Einkaufsverantwortung in den Gesch\u00e4ftsgebieten besondere Bedeutung zu. Mit Strategy Maps werden die gemeinsamen strategischen Orientierungen im Materialfeld weltweit in Aktion gesetzt. Umfassend wird die Kommunikation der beteiligten Personen gef\u00f6rdert.<\/p>\n","protected":false},"excerpt":{"rendered":"<p>Siemens AG Strategic Material Segment Guide bei Siemens AG Automation and Drives von Reinhold Schindler und Matthias Schuster Mit dem Strategic Material Segment Guide wird bei Siemens Automation and Drives (A&amp;D) die strategische Ausrichtung ausgew\u00e4hlter Materialfelder in den B\u00fcndelungsgremien des &hellip; <a href=\"https:\/\/www.beschaffungsstrategie.de\/?page_id=1638\">Weiterlesen <span class=\"meta-nav\">&rarr;<\/span><\/a><\/p>\n","protected":false},"author":1,"featured_media":0,"parent":0,"menu_order":0,"comment_status":"closed","ping_status":"closed","template":"","meta":{"footnotes":""},"class_list":["post-1638","page","type-page","status-publish","hentry"],"_links":{"self":[{"href":"https:\/\/www.beschaffungsstrategie.de\/index.php?rest_route=\/wp\/v2\/pages\/1638","targetHints":{"allow":["GET"]}}],"collection":[{"href":"https:\/\/www.beschaffungsstrategie.de\/index.php?rest_route=\/wp\/v2\/pages"}],"about":[{"href":"https:\/\/www.beschaffungsstrategie.de\/index.php?rest_route=\/wp\/v2\/types\/page"}],"author":[{"embeddable":true,"href":"https:\/\/www.beschaffungsstrategie.de\/index.php?rest_route=\/wp\/v2\/users\/1"}],"replies":[{"embeddable":true,"href":"https:\/\/www.beschaffungsstrategie.de\/index.php?rest_route=%2Fwp%2Fv2%2Fcomments&post=1638"}],"version-history":[{"count":1,"href":"https:\/\/www.beschaffungsstrategie.de\/index.php?rest_route=\/wp\/v2\/pages\/1638\/revisions"}],"predecessor-version":[{"id":1639,"href":"https:\/\/www.beschaffungsstrategie.de\/index.php?rest_route=\/wp\/v2\/pages\/1638\/revisions\/1639"}],"wp:attachment":[{"href":"https:\/\/www.beschaffungsstrategie.de\/index.php?rest_route=%2Fwp%2Fv2%2Fmedia&parent=1638"}],"curies":[{"name":"wp","href":"https:\/\/api.w.org\/{rel}","templated":true}]}}