{"id":1642,"date":"2013-12-20T17:07:11","date_gmt":"2013-12-20T15:07:11","guid":{"rendered":"http:\/\/www.materialgruppe.de\/?page_id=1642"},"modified":"2019-06-15T22:08:22","modified_gmt":"2019-06-15T20:08:22","slug":"satisloh-gmbh","status":"publish","type":"page","link":"https:\/\/www.beschaffungsstrategie.de\/?page_id=1642","title":{"rendered":"Satisloh GmbH"},"content":{"rendered":"<p><strong><span style=\"font-size: 18px;\">Satisloh GmbH<\/span><\/strong><\/p>\n<p>Supply-Marktstrategie f\u00fcr Mineralguss bei Satisloh GmbH<br \/>\nvon Christian Endlicher<\/p>\n<p>Die Satisloh GmbH Wetzlar ist als mittelst\u00e4ndischer Werkzeugmaschinenhersteller mit Schwerpunk Brillen- und Feinoptik einem globalen Technologiewettbewerb ausgesetzt. Am Beispiel der Engpass-Materialgruppe Mineralguss wird die stringente Verkn\u00fcpfung der Unternehmensstrategie mit einer technologieorientierten Supply-Marktstrategie deutlich: Von der Vision \u00fcber die Basisstrategie und die Supply-Marktanalyse wird eine Strategieroadmap und ein konkreter Aktionsplan f\u00fcr den Mineralgussmarkt abgeleitet. Mit vertretbarem Aufwand wird eine Supply-Marktstrategie entwickelt und umgesetzt. Weitere Supply-Markt- und Lieferantenstrategien k\u00f6nnen folgen. Die Entwicklung zur umfassenden Supply-Strategie kann &#8211; nach Verf\u00fcgbarkeit von Ressourcen im strategischen Einkauf &#8211; schrittweise fortgesetzt werden.<\/p>\n","protected":false},"excerpt":{"rendered":"<p>Satisloh GmbH Supply-Marktstrategie f\u00fcr Mineralguss bei Satisloh GmbH von Christian Endlicher Die Satisloh GmbH Wetzlar ist als mittelst\u00e4ndischer Werkzeugmaschinenhersteller mit Schwerpunk Brillen- und Feinoptik einem globalen Technologiewettbewerb ausgesetzt. Am Beispiel der Engpass-Materialgruppe Mineralguss wird die stringente Verkn\u00fcpfung der Unternehmensstrategie mit &hellip; <a href=\"https:\/\/www.beschaffungsstrategie.de\/?page_id=1642\">Weiterlesen <span class=\"meta-nav\">&rarr;<\/span><\/a><\/p>\n","protected":false},"author":1,"featured_media":0,"parent":0,"menu_order":0,"comment_status":"closed","ping_status":"closed","template":"","meta":{"footnotes":""},"class_list":["post-1642","page","type-page","status-publish","hentry"],"_links":{"self":[{"href":"https:\/\/www.beschaffungsstrategie.de\/index.php?rest_route=\/wp\/v2\/pages\/1642","targetHints":{"allow":["GET"]}}],"collection":[{"href":"https:\/\/www.beschaffungsstrategie.de\/index.php?rest_route=\/wp\/v2\/pages"}],"about":[{"href":"https:\/\/www.beschaffungsstrategie.de\/index.php?rest_route=\/wp\/v2\/types\/page"}],"author":[{"embeddable":true,"href":"https:\/\/www.beschaffungsstrategie.de\/index.php?rest_route=\/wp\/v2\/users\/1"}],"replies":[{"embeddable":true,"href":"https:\/\/www.beschaffungsstrategie.de\/index.php?rest_route=%2Fwp%2Fv2%2Fcomments&post=1642"}],"version-history":[{"count":1,"href":"https:\/\/www.beschaffungsstrategie.de\/index.php?rest_route=\/wp\/v2\/pages\/1642\/revisions"}],"predecessor-version":[{"id":1643,"href":"https:\/\/www.beschaffungsstrategie.de\/index.php?rest_route=\/wp\/v2\/pages\/1642\/revisions\/1643"}],"wp:attachment":[{"href":"https:\/\/www.beschaffungsstrategie.de\/index.php?rest_route=%2Fwp%2Fv2%2Fmedia&parent=1642"}],"curies":[{"name":"wp","href":"https:\/\/api.w.org\/{rel}","templated":true}]}}