{"id":1646,"date":"2013-12-20T17:20:57","date_gmt":"2013-12-20T15:20:57","guid":{"rendered":"http:\/\/www.materialgruppe.de\/?page_id=1646"},"modified":"2019-06-15T22:09:20","modified_gmt":"2019-06-15T20:09:20","slug":"buehler-motor","status":"publish","type":"page","link":"https:\/\/www.beschaffungsstrategie.de\/?page_id=1646","title":{"rendered":"B\u00fchler Motor"},"content":{"rendered":"<p><strong><span style=\"font-size: 18px;\">B\u00fchler Motor<\/span><\/strong><\/p>\n<p>Supply-Controlling bei B\u00fchler Motor<\/p>\n<p>Mit der Fallstudie &#8222;Supply-Controlling bei B\u00fchler Motor&#8220; soll der Aufbau eines Controllingsystems zur Umsetzung und Steuerung der Supply-Strategie vorgestellt werden. Die Steuerung und insbesondere die weltweite und cross-funktionale Abstimmung der Supply-Strategie erfolgt bei B\u00fchler Motor stringent und nachhaltig, so dass das Vorgehen von B\u00fchler prototypisch als Orientierungsrahmen gelten darf.<\/p>\n","protected":false},"excerpt":{"rendered":"<p>B\u00fchler Motor Supply-Controlling bei B\u00fchler Motor Mit der Fallstudie &#8222;Supply-Controlling bei B\u00fchler Motor&#8220; soll der Aufbau eines Controllingsystems zur Umsetzung und Steuerung der Supply-Strategie vorgestellt werden. Die Steuerung und insbesondere die weltweite und cross-funktionale Abstimmung der Supply-Strategie erfolgt bei B\u00fchler &hellip; <a href=\"https:\/\/www.beschaffungsstrategie.de\/?page_id=1646\">Weiterlesen <span class=\"meta-nav\">&rarr;<\/span><\/a><\/p>\n","protected":false},"author":1,"featured_media":0,"parent":0,"menu_order":0,"comment_status":"closed","ping_status":"closed","template":"","meta":{"footnotes":""},"class_list":["post-1646","page","type-page","status-publish","hentry"],"_links":{"self":[{"href":"https:\/\/www.beschaffungsstrategie.de\/index.php?rest_route=\/wp\/v2\/pages\/1646","targetHints":{"allow":["GET"]}}],"collection":[{"href":"https:\/\/www.beschaffungsstrategie.de\/index.php?rest_route=\/wp\/v2\/pages"}],"about":[{"href":"https:\/\/www.beschaffungsstrategie.de\/index.php?rest_route=\/wp\/v2\/types\/page"}],"author":[{"embeddable":true,"href":"https:\/\/www.beschaffungsstrategie.de\/index.php?rest_route=\/wp\/v2\/users\/1"}],"replies":[{"embeddable":true,"href":"https:\/\/www.beschaffungsstrategie.de\/index.php?rest_route=%2Fwp%2Fv2%2Fcomments&post=1646"}],"version-history":[{"count":1,"href":"https:\/\/www.beschaffungsstrategie.de\/index.php?rest_route=\/wp\/v2\/pages\/1646\/revisions"}],"predecessor-version":[{"id":1647,"href":"https:\/\/www.beschaffungsstrategie.de\/index.php?rest_route=\/wp\/v2\/pages\/1646\/revisions\/1647"}],"wp:attachment":[{"href":"https:\/\/www.beschaffungsstrategie.de\/index.php?rest_route=%2Fwp%2Fv2%2Fmedia&parent=1646"}],"curies":[{"name":"wp","href":"https:\/\/api.w.org\/{rel}","templated":true}]}}