{"id":1655,"date":"2014-01-03T15:28:52","date_gmt":"2014-01-03T13:28:52","guid":{"rendered":"http:\/\/www.materialgruppe.de\/?page_id=1655"},"modified":"2024-09-17T11:45:16","modified_gmt":"2024-09-17T09:45:16","slug":"elektro-ag","status":"publish","type":"page","link":"https:\/\/www.beschaffungsstrategie.de\/?page_id=1655","title":{"rendered":"Elektro AG"},"content":{"rendered":"<p><strong><span style=\"font-size: 18px;\">Fallstudie Elektro AG<\/span><\/strong><\/p>\n<p>Mit der Fallstudie Elektro AG soll ein durchg\u00e4ngiges Beispiel f\u00fcr die Anwendung der 15M-Architektur der Supply-Strategie pr\u00e4sentiert werden. In diesem Kapital wird die Fallsituation, die Situation der Elektro AG Gesch\u00e4ftsfeld Leistungsantriebe (kurz Elektro LA), vorgestellt. L\u00f6sungsvorschl\u00e4ge zur Supply-Strategie der Elektro AG finden sich in Teil 2 dieses Buches jeweils am Ende der einzelnen Modulbeschreibungen.<\/p>\n<p>Die Fallstudie wurde in der berufsbegleitenden Weiterbildung f\u00fcr Supply-Manager aus Einkauf und Logistik an der Technischen Hochschule Georg-Simon-Ohm N\u00fcrnberg\u00a0entwickelt und \u00fcber Jahre ausgetestet. Neben dem Training f\u00fcr qualifizierte Fach- und F\u00fchrungskr\u00e4fte aus Einkauf und Logistik eignet sich die Fallstudie insbesondere f\u00fcr praxisorientierte Studierende mit Studienschwerpunkt Einkauf und\/oder Logistik.<\/p>\n<p>Bei der Fallstudie handelt es sich um eine realit\u00e4tsgetreue Erfindung. Ausgangspunkt war ein realer Fall. Dieser wurde allerdings f\u00fcr die Fallstudie stark vereinfacht und &#8222;begradigt&#8220;, d.h. um unlogische Widerw\u00e4rtigkeiten des realen Lebens bereinigt. Ferner wurde der Fall mit Themen angereichert, um zus\u00e4tzliche interessante Fragestellungen diskutieren zu k\u00f6nnen und die Durchg\u00e4ngigkeit des Beispiels zu gew\u00e4hrleisten. Die Erg\u00e4nzungen stammen meist aus anderen Praxisf\u00e4llen. Alle Zahlenangaben sind v\u00f6llig frei erfunden. Allerdings wurde auf Konsistenz der Daten geachtet.<\/p>\n<p>Der Fall kann alleine oder besser im Team entlang der folgenden Fragestellungen bearbeitet werden:<\/p>\n<p><a href=\"http:\/\/www.materialgruppe.de\/wp-content\/uploads\/2014\/01\/Elektro-AG.png\"><img loading=\"lazy\" decoding=\"async\" class=\" wp-image-1656 alignleft\" style=\"width: 352px;\" src=\"http:\/\/www.materialgruppe.de\/wp-content\/uploads\/2014\/01\/Elektro-AG.png\" alt=\"Elektro AG\" width=\"628\" height=\"510\" \/><br \/>\n<\/a><\/p>\n<p>L\u00f6sungsskizzen zu den Fragestellungen finden sich in den jeweiligen Kapiteln.<\/p>\n","protected":false},"excerpt":{"rendered":"<p>Fallstudie Elektro AG Mit der Fallstudie Elektro AG soll ein durchg\u00e4ngiges Beispiel f\u00fcr die Anwendung der 15M-Architektur der Supply-Strategie pr\u00e4sentiert werden. In diesem Kapital wird die Fallsituation, die Situation der Elektro AG Gesch\u00e4ftsfeld Leistungsantriebe (kurz Elektro LA), vorgestellt. L\u00f6sungsvorschl\u00e4ge zur &hellip; <a href=\"https:\/\/www.beschaffungsstrategie.de\/?page_id=1655\">Weiterlesen <span class=\"meta-nav\">&rarr;<\/span><\/a><\/p>\n","protected":false},"author":1,"featured_media":0,"parent":0,"menu_order":0,"comment_status":"closed","ping_status":"closed","template":"","meta":{"footnotes":""},"class_list":["post-1655","page","type-page","status-publish","hentry"],"_links":{"self":[{"href":"https:\/\/www.beschaffungsstrategie.de\/index.php?rest_route=\/wp\/v2\/pages\/1655","targetHints":{"allow":["GET"]}}],"collection":[{"href":"https:\/\/www.beschaffungsstrategie.de\/index.php?rest_route=\/wp\/v2\/pages"}],"about":[{"href":"https:\/\/www.beschaffungsstrategie.de\/index.php?rest_route=\/wp\/v2\/types\/page"}],"author":[{"embeddable":true,"href":"https:\/\/www.beschaffungsstrategie.de\/index.php?rest_route=\/wp\/v2\/users\/1"}],"replies":[{"embeddable":true,"href":"https:\/\/www.beschaffungsstrategie.de\/index.php?rest_route=%2Fwp%2Fv2%2Fcomments&post=1655"}],"version-history":[{"count":4,"href":"https:\/\/www.beschaffungsstrategie.de\/index.php?rest_route=\/wp\/v2\/pages\/1655\/revisions"}],"predecessor-version":[{"id":4475,"href":"https:\/\/www.beschaffungsstrategie.de\/index.php?rest_route=\/wp\/v2\/pages\/1655\/revisions\/4475"}],"wp:attachment":[{"href":"https:\/\/www.beschaffungsstrategie.de\/index.php?rest_route=%2Fwp%2Fv2%2Fmedia&parent=1655"}],"curies":[{"name":"wp","href":"https:\/\/api.w.org\/{rel}","templated":true}]}}