{"id":1674,"date":"2014-01-03T16:37:16","date_gmt":"2014-01-03T14:37:16","guid":{"rendered":"http:\/\/www.materialgruppe.de\/?page_id=1674"},"modified":"2024-09-16T17:43:36","modified_gmt":"2024-09-16T15:43:36","slug":"weiterfuehrende-literatur","status":"publish","type":"page","link":"https:\/\/www.beschaffungsstrategie.de\/?page_id=1674","title":{"rendered":"Literatur zur 15M-Architektur"},"content":{"rendered":"<p><strong><span style=\"font-size: 18px;\">Literatur zur 15M-Architektur<\/span><\/strong><\/p>\n<p><img loading=\"lazy\" decoding=\"async\" class=\"alignnone size-full wp-image-1685\" src=\"http:\/\/www.materialgruppe.de\/wp-content\/uploads\/2014\/01\/Fachb\u00fccher-und-Fachartikel.png\" alt=\"Fachb\u00fccher und Fachartikel\" width=\"1087\" height=\"70\" srcset=\"https:\/\/www.beschaffungsstrategie.de\/wp-content\/uploads\/2014\/01\/Fachb\u00fccher-und-Fachartikel.png 1087w, https:\/\/www.beschaffungsstrategie.de\/wp-content\/uploads\/2014\/01\/Fachb\u00fccher-und-Fachartikel-300x19.png 300w, https:\/\/www.beschaffungsstrategie.de\/wp-content\/uploads\/2014\/01\/Fachb\u00fccher-und-Fachartikel-1024x65.png 1024w, https:\/\/www.beschaffungsstrategie.de\/wp-content\/uploads\/2014\/01\/Fachb\u00fccher-und-Fachartikel-500x32.png 500w\" sizes=\"auto, (max-width: 1087px) 100vw, 1087px\" \/><\/p>\n<p><strong>Markt\u00fcbersicht zu Softwaretools im Risikomanagement des Einkaufs<\/strong><br \/>\n<strong>Gerhard He\u00df, Jannik Fritz: Systemischer \u00dcberblick zu den Softwaretools im Risikomanagement im Einkauf, 2022,<br \/>\nISBN 978-3-9821670-2-2 <\/strong>(115 Seiten)<\/p>\n<p>Bestellung ausschlie\u00dflich \u00fcber <a href=\"http:\/\/www.beschaffungsstrategie.de\/?page_id=1698\">Institut f\u00fcr Beschaffungsstrategie<\/a> zum Preis von 25,00 \u20ac inkl. Versand f\u00fcr Deutschland<\/p>\n<p><a href=\"http:\/\/www.beschaffungsstrategie.de\/wp-content\/uploads\/2022\/09\/15M_Risikomanagement_Titel_mKontur_220929-scaled.jpg\"><img loading=\"lazy\" decoding=\"async\" class=\"alignnone  wp-image-4176\" src=\"http:\/\/www.beschaffungsstrategie.de\/wp-content\/uploads\/2022\/09\/15M_Risikomanagement_Titel_mKontur_220929-scaled.jpg\" alt=\"\" width=\"154\" height=\"215\" \/><\/a><\/p>\n<p><a href=\"http:\/\/www.beschaffungsstrategie.de\/wp-content\/uploads\/2022\/09\/15M_Risikomanagement_Titel_ges_mKontur_220729-scaled.jpg\">Buchinformationen<\/a><\/p>\n<p>_________________________________________________________________________________<\/p>\n<p><strong>He\u00df, Gerhard: Strategischer Einkauf und Supply-Strategie &#8211; Schrittweise Entwicklung des strategischen Einkaufs mit der 15M-Architektur 2.0, SpringerGabler-Verlag 4. Aufl. 2017, ISBN 978-3-658-16214-6 .<\/strong> (270 Seiten)<\/p>\n<p><!-- x-tinymce\/html --><a href=\"http:\/\/www.beschaffungsstrategie.de\/wp-content\/uploads\/2013\/07\/Buch-png.png\"><img loading=\"lazy\" decoding=\"async\" class=\"alignnone wp-image-3175\" src=\"http:\/\/www.beschaffungsstrategie.de\/wp-content\/uploads\/2013\/07\/Buch-png.png\" alt=\"\" width=\"140\" height=\"200\" srcset=\"https:\/\/www.beschaffungsstrategie.de\/wp-content\/uploads\/2013\/07\/Buch-png.png 414w, https:\/\/www.beschaffungsstrategie.de\/wp-content\/uploads\/2013\/07\/Buch-png-210x300.png 210w\" sizes=\"auto, (max-width: 140px) 100vw, 140px\" \/><\/a><\/p>\n<p><a href=\"http:\/\/www.beschaffungsstrategie.de\/wp-content\/uploads\/2016\/06\/Buchtitel.jpg\">Buchinformationen<\/a><br \/>\n_________________________________________________________________________________<\/p>\n<p><strong>He\u00df, Gerhard, Kleinlein, Ann-Christin: Resilienz im Einkauf &#8211; Konzept und Praxisleitfaden zum Management unerwarteter Risiken in der Lieferkette, SpringerGabler-Verlag 2021, ISBN 978-3-658-34461-0\u00a0<\/strong><\/p>\n<p><strong><img loading=\"lazy\" decoding=\"async\" class=\"\" src=\"http:\/\/www.beschaffungsstrategie.de\/wp-content\/uploads\/2021\/10\/Resilienz-im-Einkauf.png\" width=\"138\" height=\"210\" \/><\/strong><br \/>\n<a href=\"http:\/\/www.beschaffungsstrategie.de\/wp-content\/uploads\/2021\/10\/Cover-Resilienz.pdf\">Buchinformationen<\/a><strong><a><br \/>\n<\/a><\/strong><\/p>\n<p>_________________________________________________________________________________<\/p>\n<p><strong>He\u00df, Gerhard, Laschinger, Manfred: Strategische Transformation im Einkauf &#8211; Fallstudie und Anleitung zur praktischen Umsetzung, SpringerGabler-Verlag 2019, ISBN 978-3-658-25539-8 .<\/strong> (188 Seiten)<\/p>\n<p><img loading=\"lazy\" decoding=\"async\" src=\"http:\/\/www.beschaffungsstrategie.de\/wp-content\/uploads\/2019\/07\/Titelbild.jpg\" alt=\"Dieses Bild hat ein leeres Alt-Attribut. Der Dateiname ist Titelbild.jpg\" width=\"144\" height=\"202\" \/><\/p>\n<p><a href=\"http:\/\/www.beschaffungsstrategie.de\/wp-content\/uploads\/2019\/07\/Flyer-Strategische-Transformation.pdf\">Buchinformationen<\/a><br \/>\n<span style=\"color: #ff6600;\">_________________________________________________________________________________<\/span><\/p>\n<p><strong>He\u00df, Gerhard, Holschbach, Elmar, Kleemann, Florian C.: Strategischer Dienstleistungseinkauf, SpringerGabler-Verlag 2020, ISBN 978-3-658-30798-1<br \/>\n<\/strong>(259 Seiten)<\/p>\n<p><strong><img loading=\"lazy\" decoding=\"async\" class=\"\" src=\"http:\/\/www.beschaffungsstrategie.de\/wp-content\/uploads\/2021\/01\/Strategischer-Dienstleistungseinkauf-002-e1611763129522.jpg\" alt=\"Dieses Bild hat ein leeres Alt-Attribut. Der Dateiname ist Strategischer-Dienstleistungseinkauf-002-e1611763129522.jpg\" width=\"162\" height=\"227\" \/><\/strong><\/p>\n<p><a href=\"http:\/\/www.beschaffungsstrategie.de\/wp-content\/uploads\/2021\/02\/ProductFlyer_9783658307981.pdf\">Buchinformationen<\/a><\/p>\n<p>_________________________________________________________________________________<\/p>\n<p><strong>He\u00df, Gerhard: Strategic Purchasing and Supply Strategy &#8211; Step-by-Step Development of Strategic Purchasing with the 15M Architecture, N\u00fcrnberg 2020, ISBN 978-3-9821670-0-8 <\/strong><\/p>\n<p><img loading=\"lazy\" decoding=\"async\" src=\"http:\/\/www.beschaffungsstrategie.de\/wp-content\/uploads\/2020\/03\/15M-Englisch-002-3.png\" alt=\"Dieses Bild hat ein leeres Alt-Attribut. Der Dateiname ist 15M-Englisch-002-3.png\" width=\"150\" height=\"217\" \/><\/p>\n<p><a href=\"http:\/\/www.beschaffungsstrategie.de\/wp-content\/uploads\/2020\/03\/Flyer-15M-Englisch.pdf\">Buchinformationen<\/a><br \/>\n_________________________________________________________________________________<\/p>\n<p><strong>He\u00df, Gerhard: Supply-Strategien in Einkauf und Beschaffung &#8211; Systematischer Ansatz und Praxisf\u00e4lle, Gabler-Verlag Wiesbaden 2. Aufl. 2010, ISBN 978-3-8349-1991-5 <\/strong>. (458 Seiten)<br \/>\nZentrale und detailierte Beschreibung der 15M-Architektur der Supply-Strategie.<a href=\"http:\/\/www.materialgruppe.de\/wp-content\/uploads\/2014\/01\/Bild-2.-Aufl.jpg\"><br \/>\n<\/a><strong><a href=\"http:\/\/www.materialgruppe.de\/wp-content\/uploads\/2014\/01\/Bild-2.-Aufl.jpg\"><img loading=\"lazy\" decoding=\"async\" class=\"wp-image-1684 alignleft\" src=\"http:\/\/www.materialgruppe.de\/wp-content\/uploads\/2014\/01\/Bild-2.-Aufl.jpg\" alt=\"Bild 2. Aufl\" width=\"160\" height=\"224\" \/><\/a><\/strong><\/p>\n<p><a href=\"http:\/\/www.beschaffungsstrategie.de\/wp-content\/uploads\/2014\/01\/Buchinformationen-2.-Aufl.pdf\">Buchinformationen<\/a><\/p>\n<p><a href=\"http:\/\/www.beschaffungsstrategie.de\/wp-content\/uploads\/2014\/01\/Leseprobe-2.-Aufl.pdf\">Leseprobe<\/a><\/p>\n<p style=\"text-align: left;\"><span style=\"color: #ffff00;\">\u00a0<\/span><span style=\"color: #ffff00;\">_________________________________________________________________________________<\/span><\/p>\n<p style=\"text-align: left;\"><strong><span style=\"color: #000000;\">Beschreibung des 15M-Reifegradmanagements<\/span><\/strong><\/p>\n<p><strong><a href=\"http:\/\/www.beschaffungsstrategie.de\/wp-content\/uploads\/2015\/07\/Reifegradmanagement-im-Einkauf-Neu.jpg\"><img loading=\"lazy\" decoding=\"async\" class=\"wp-image-2611 alignleft\" src=\"http:\/\/www.beschaffungsstrategie.de\/wp-content\/uploads\/2015\/07\/Reifegradmanagement-im-Einkauf-Neu.jpg\" alt=\"Reifegradmanagement im Einkauf Neu\" width=\"168\" height=\"228\" \/><\/a><\/strong><\/p>\n<p><a href=\"http:\/\/www.beschaffungsstrategie.de\/wp-content\/uploads\/2014\/01\/Buchinformationen-Reifegradmanagement-im-Einkauf.pdf\">Buchinformationen <\/a><\/p>\n<p><a href=\"http:\/\/www.beschaffungsstrategie.de\/wp-content\/uploads\/2014\/01\/Vorwort-Gliederung-.pdf\">Vorwort &#8211; Gliederung<\/a><\/p>\n<p><span style=\"color: #93be0d;\">\u00a0<\/span><\/p>\n<p><span style=\"color: #ff0000;\">_________________________________________________________________________________<\/span><\/p>\n<p><strong>He\u00df, Gerhard; Ettinger, Alfons; Wesp, Rudolf: Strategisches Supplier Relationship Management mit System &#8211; Best Practice und Realistic Vision, N\u00fcrnberg 2010, ISBN 978-3-00-030100-1 <\/strong>. Leider ausverkauft!<\/p>\n<p><span style=\"color: #c00518;\">_________________________________________________________________________________<\/span><\/p>\n<p><strong>He\u00df, Gerhard: Supply-Performance-Management &#8211; Den Wertbeitrag im Einkauf messen und steuern. <\/strong>In: Gabath, C.: Praxishandbuch innovatives Einkaufsmanagement &#8211; Trends, Herausforderungen und Handlungsans\u00e4tze, Gabler-Verlag Wiesbaden 2011, S. 53-88. ISBN: 978-3-8349-2845-0<\/p>\n<p><span style=\"color: #00508c;\">_________________________________________________________________________________<\/span><\/p>\n<p><strong>He\u00df, Gerhard: Prozessansatz zur Formulierung von Beschaffungs- und Materialfeldstrategien, N\u00fcrnberg Mai 2004 (68 Seiten)<\/strong><br \/>\nDer Prozessansatz stellt das theoretische Basiskonzept aus dem Jahr 2004 dar, auf dem die Entwicklung zur 15M-Architektur der Supply-Strategie aufgesetzt wurde. Mit der Ver\u00f6ffentlichung der 15M-Architektur ist dieser Ansatz etwas veraltet. F\u00fcr Leser, die an theoretischen Grundlagen interessiert sind, geht der Ansatz allerdings stellenweise tiefer als die neue Ver\u00f6ffentlichung &#8222;Supply-Strategien in Einkauf und Beschaffung&#8220;.<\/p>\n<address>Leider nicht mehr verf\u00fcgbar<\/address>\n<p><a href=\"http:\/\/www.beschaffungsstrategie.de\/wp-content\/uploads\/2014\/01\/Leseprobe-Beschaffungsstrategie-ok.pdf\">Download Leseprobe<\/a><\/p>\n<p><a href=\"http:\/\/www.materialgruppe.de\/wp-content\/uploads\/2014\/01\/Artikelserien.png\"><img loading=\"lazy\" decoding=\"async\" class=\"alignnone size-full wp-image-1687\" src=\"http:\/\/www.materialgruppe.de\/wp-content\/uploads\/2014\/01\/Artikelserien.png\" alt=\"Artikelserien\" width=\"1087\" height=\"70\" srcset=\"https:\/\/www.beschaffungsstrategie.de\/wp-content\/uploads\/2014\/01\/Artikelserien.png 1087w, https:\/\/www.beschaffungsstrategie.de\/wp-content\/uploads\/2014\/01\/Artikelserien-300x19.png 300w, https:\/\/www.beschaffungsstrategie.de\/wp-content\/uploads\/2014\/01\/Artikelserien-1024x65.png 1024w, https:\/\/www.beschaffungsstrategie.de\/wp-content\/uploads\/2014\/01\/Artikelserien-500x32.png 500w\" sizes=\"auto, (max-width: 1087px) 100vw, 1087px\" \/><\/a><\/p>\n<h2>Artikelserie &#8222;Resilienz im Einkauf&#8220;<\/h2>\n<p>erscheint in der Beschaffung aktuell ab Ausgabe 1-2, 2022.<\/p>\n<p>Teil 1: &#8222;Die Widerstandskraft in Lieferketten st\u00e4rken&#8220;<br \/>\nTeil 2: &#8222;Schnelltest statt Schrotflinte&#8220;<br \/>\nTeil 3: &#8222;Gut ger\u00fcstet durch die n\u00e4chste Krise&#8220;<br \/>\nTeil 4: &#8222;Es gibt kein Risikomanagement&#8220;<\/p>\n<p>Auf Wunsch senden wir Ihnen kostenlos die bis dahin erschienene Artikelserie zur &#8222;Resilienz im Einkauf&#8220; aus der Beschaffung aktuell zu.<br \/>\nAnfrage bitte formlos mit Angabe von Adresse und E-Mail an <a href=\"http:\/\/www.beschaffungsstrategie.de\/?page_id=1698\">Institut f\u00fcr Beschaffungsstrategie<\/a> richten.<\/p>\n<h2>Artikelserie zur Strategischen Transformation im Einkauf<\/h2>\n<p>erscheint in der Beschaffung aktuell ab M\u00e4rz 2020.<\/p>\n<p>Teil 1: Wie sich der Einkauf bei der Schreiner Group zum strategischen Player entwickelt<br \/>\nTeil 2: Transparenz und Strukturen schaffen<br \/>\nTeil 3: Den Strategischen Einkauf professionalisieren<br \/>\nTeil 4: Integration in die Unternehmensstrategie vorantreiben<br \/>\nTeil 5: Changemanagement &#8211; Mitarbeiter mitnehmen<\/p>\n<p>Auf Wunsch senden wir Ihnen kostenlos die bis dahin erschienene Artikelserie zur Strategischen Transformation im Einkauf aus der Beschaffung aktuell zu.<br \/>\nAnfrage bitte formlos mit Angabe von Adresse und E-Mail an <a href=\"http:\/\/www.beschaffungsstrategie.de\/?page_id=1698\">Institut f\u00fcr Beschaffungsstrategie<\/a>\u00a0richten.<\/p>\n<h2>Artikelserie: Performance Management im Einkauf<\/h2>\n<p>in Beschaffung aktuell Mai 2011 bis Juli 2012<\/p>\n<ul>\n<li>He\u00df, Gerhard: Performance Management im Einkauf Teil 1: Den Werteitrag des Einkaufs messen und steigern, in: Beschaffung aktuell 2011, Heft 5<\/li>\n<li>He\u00df, Gerhard: Performance Management im Einkauf Teil 2:Den Wertbeitrag des Einkaufs bestimmen, in: Beschaffung aktuell 2011, Heft 6<\/li>\n<li>He\u00df, Gerhard: Performance Management im Einkauf Teil 3: Mit Treiberb\u00e4umen arbeiten, in: Beschaffung aktuell 2011, Heft 7<\/li>\n<li>He\u00df, Gerhard: Performance Management im Einkauf Teil 4: Kennzahlen richtig definieren, in: Beschaffung aktuell 2011, Heft 8<\/li>\n<li>He\u00df, Gerhard: Performance Management im Einkauf Teil 5: Strategisch denken und handeln, in: Beschaffung aktuell 2011, Heft 9<\/li>\n<li>He\u00df, Gerhard: Performance Management im Einkauf Teil 6: Marktstrategien formulieren und steuern, in: Beschaffung aktuell 2011, Heft 10<\/li>\n<li>He\u00df, Gerhard: Performance Management im Einkauf Teil 7: Lieferanten strategieorientiert steuern, in: Beschaffung aktuell 2011, Heft 11<\/li>\n<li>He\u00df, Gerhard: Performance Management im Einkauf Teil 8: Zielwerte im Einkauf festlegen, in: Beschaffung aktuell 2011, Heft 12<\/li>\n<li>He\u00df, Gerhard: Performance Management im Einkauf Teil 9: Mit Zielen motivieren, in: Beschaffung aktuell 2012, Heft 2<\/li>\n<li>He\u00df, Gerhard: Performance Management im Einkauf Teil 10: Mit Zielen im Einkauf incentivieren, in: Beschaffung aktuell 2012, Heft 3<\/li>\n<li>He\u00df, Gerhard: Performance Management im Einkauf Teil 11: Risiken steuern, in Beschaffung aktuell 2012, Heft 5<\/li>\n<li>He\u00df, Gerhard: Performance Management im Einkauf Teil 12: Den Wertbeitrag nachhaltig steigern, in Beschaffung aktuell 2012, Heft 6<\/li>\n<li>He\u00df, Gerhard: Performance Management im Einkauf Teil 13: Wertsteigerde Kommunikation, in Beschaffung aktuell 2012, Heft 7<\/li>\n<\/ul>\n<h2>Artikelserie: Kennzahlen im Einkauf<\/h2>\n<p>in Beschaffung aktuell: Print: Vorstellung der Kennzahl, on-line Vertiefung und Aufgaben von April 2010 bis M\u00e4rz 2011<\/p>\n<ul>\n<li>\u00dcberblick: Kennzahlen &#8211; Messen, managen, mitmachen, Beschaffung aktuell, 2010, Heft 4, S. 42 f.<\/li>\n<li>01: Materialkostenver\u00e4nderung einfach, Beschaffung aktuell 2010, Heft 4<\/li>\n<li>02: Materialkostenver\u00e4nderung Extended, Beschaffung aktuell 2010, Heft 5<\/li>\n<li>03: Verhandlungserfolg, Beschaffung aktuell 2010, Heft 6<\/li>\n<li>04: Ratioerfolge mit H\u00e4rtegradsystematik, Beschaffung aktuell 2010, Heft 7<\/li>\n<li>05: Kosten je Bestellung, Beschaffung aktuell 2010, Heft 8<\/li>\n<li>06: Liefertermintreue, Beschaffung aktuell 2010, Heft 9<\/li>\n<li>07: Lieferzeit, Beschaffung aktuell 2010, Heft 10<\/li>\n<li>08: Reichweite, Beschaffung aktuell 2010, Heft 11<\/li>\n<li>09: Reklamationsquote, Beschaffung aktuell 2010, Heft 12<\/li>\n<li>10: Durchschnittlicher Bestand, Beschaffung aktuell 2011, Heft 1<\/li>\n<li>11: Working Capital Supply, Beschaffung aktuell 2011, Heft 2<\/li>\n<\/ul>\n<h2>Artikelserie zur 15M-Architektur der Supply-Strategie in der Beschaffung aktuell<\/h2>\n<p><a href=\"http:\/\/www.beschaffungsstrategie.de\/wp-content\/uploads\/2013\/11\/He\u00df-Ein-Bauplan-f\u00fcr-die-Einkaufsstrategie.pdf\">Teil I:\u00a0\u00a0 Der Bauplan (BA 10\/2008)<\/a><br \/>\nTeil II:\u00a0 Supply-Marktstrategien (BA 11\/2008)<br \/>\nTeil III: Lieferantenstrategien (BA 12\/2008)<br \/>\nTeil IV: Supply-Rahmenstrategie (BA 02\/2009)<br \/>\nTeil V:\u00a0 Strategie-Controlling (BA 03\/2009)<\/p>\n<p>Auf Wunsch senden wir Ihnen kostenlos die gesamte Artikelserie zur 15M-Architektur der Supply-Strategie in der Beschaffung aktuell.<br \/>\nAnfrage bitte formlos mit Angabe von Adresse und E-Mail an <a href=\"http:\/\/www.beschaffungsstrategie.de\/?page_id=1698\">Institut f\u00fcr Beschaffungsstrategie<\/a> richten.<\/p>\n<p><a href=\"http:\/\/www.beschaffungsstrategie.de\/wp-content\/uploads\/2014\/01\/Studien-und-weitere-Artikel.png\"><img loading=\"lazy\" decoding=\"async\" class=\"alignnone size-full wp-image-1886\" src=\"http:\/\/www.beschaffungsstrategie.de\/wp-content\/uploads\/2014\/01\/Studien-und-weitere-Artikel.png\" alt=\"Studien und weitere Artikel\" width=\"1087\" height=\"71\" srcset=\"https:\/\/www.beschaffungsstrategie.de\/wp-content\/uploads\/2014\/01\/Studien-und-weitere-Artikel.png 1087w, https:\/\/www.beschaffungsstrategie.de\/wp-content\/uploads\/2014\/01\/Studien-und-weitere-Artikel-300x19.png 300w, https:\/\/www.beschaffungsstrategie.de\/wp-content\/uploads\/2014\/01\/Studien-und-weitere-Artikel-1024x66.png 1024w, https:\/\/www.beschaffungsstrategie.de\/wp-content\/uploads\/2014\/01\/Studien-und-weitere-Artikel-500x32.png 500w\" sizes=\"auto, (max-width: 1087px) 100vw, 1087px\" \/><\/a><\/p>\n<p>E-Prozesse im Einkauf &#8211; IT-Unterst\u00fctzung taktischer und strategischer Einkaufsprozesse:<br \/>\nEine Studie der amc Group in Zusammenarbeit mit Professor Dr. Gerhard He\u00df, Technische Hochschule Georg-Simon-Ohm N\u00fcrnberg: 75 Studienteilnehmer: Ver\u00f6ffentlicht M\u00e4rz 2013.<\/p>\n<p>He\u00df, G.:<br \/>\n<a href=\"http:\/\/www.beschaffungsstrategie.de\/wp-content\/uploads\/2014\/01\/Industrieanzeiger08_2009.pdf\">Einkauf &#8211; mehr als Erste Hilfe<\/a><br \/>\nTechnischer Einkauf 2009<\/p>\n<p>Neumann, N.: Werner, M.: He\u00df, G.:<br \/>\n<a href=\"http:\/\/www.beschaffungsstrategie.de\/wp-content\/uploads\/2014\/01\/Ausflug-in-die-Soziologie.pdf\">Ausflug in die Soziologie<\/a><br \/>\nBeschaffung aktuell 10\/2007<\/p>\n<p>He\u00df, G.:<br \/>\n<a href=\"http:\/\/www.beschaffungsstrategie.de\/wp-content\/uploads\/2013\/10\/Lieferantenmanagement-Markt-und-Technik-0911.pdf\">Wie wirkungsvoll ist Ihr Lieferantenmanagement?<\/a><\/p>\n<p><a href=\"http:\/\/www.materialgruppe.de\/wp-content\/uploads\/2014\/01\/Bild-2.-Aufl.jpg\">\u00a0<\/a><\/p>\n","protected":false},"excerpt":{"rendered":"<p>Literatur zur 15M-Architektur Markt\u00fcbersicht zu Softwaretools im Risikomanagement des Einkaufs Gerhard He\u00df, Jannik Fritz: Systemischer \u00dcberblick zu den Softwaretools im Risikomanagement im Einkauf, 2022, ISBN 978-3-9821670-2-2 (115 Seiten) Bestellung ausschlie\u00dflich \u00fcber Institut f\u00fcr Beschaffungsstrategie zum Preis von 25,00 \u20ac inkl. &hellip; <a href=\"https:\/\/www.beschaffungsstrategie.de\/?page_id=1674\">Weiterlesen <span class=\"meta-nav\">&rarr;<\/span><\/a><\/p>\n","protected":false},"author":1,"featured_media":0,"parent":0,"menu_order":0,"comment_status":"closed","ping_status":"closed","template":"","meta":{"footnotes":""},"class_list":["post-1674","page","type-page","status-publish","hentry"],"_links":{"self":[{"href":"https:\/\/www.beschaffungsstrategie.de\/index.php?rest_route=\/wp\/v2\/pages\/1674","targetHints":{"allow":["GET"]}}],"collection":[{"href":"https:\/\/www.beschaffungsstrategie.de\/index.php?rest_route=\/wp\/v2\/pages"}],"about":[{"href":"https:\/\/www.beschaffungsstrategie.de\/index.php?rest_route=\/wp\/v2\/types\/page"}],"author":[{"embeddable":true,"href":"https:\/\/www.beschaffungsstrategie.de\/index.php?rest_route=\/wp\/v2\/users\/1"}],"replies":[{"embeddable":true,"href":"https:\/\/www.beschaffungsstrategie.de\/index.php?rest_route=%2Fwp%2Fv2%2Fcomments&post=1674"}],"version-history":[{"count":64,"href":"https:\/\/www.beschaffungsstrategie.de\/index.php?rest_route=\/wp\/v2\/pages\/1674\/revisions"}],"predecessor-version":[{"id":4468,"href":"https:\/\/www.beschaffungsstrategie.de\/index.php?rest_route=\/wp\/v2\/pages\/1674\/revisions\/4468"}],"wp:attachment":[{"href":"https:\/\/www.beschaffungsstrategie.de\/index.php?rest_route=%2Fwp%2Fv2%2Fmedia&parent=1674"}],"curies":[{"name":"wp","href":"https:\/\/api.w.org\/{rel}","templated":true}]}}