{"id":1729,"date":"2014-01-07T15:28:17","date_gmt":"2014-01-07T13:28:17","guid":{"rendered":"http:\/\/www.beschaffungsstrategie.de\/?page_id=1729"},"modified":"2024-09-17T11:46:48","modified_gmt":"2024-09-17T09:46:48","slug":"web-tool-strategischer-einkauf","status":"publish","type":"page","link":"https:\/\/www.beschaffungsstrategie.de\/?page_id=1729","title":{"rendered":"Web-Tool strategischer Einkauf"},"content":{"rendered":"\n<p><strong><em><mark style=\"background-color:rgba(0, 0, 0, 0)\" class=\"has-inline-color has-blue-color\">(derzeit nicht verf\u00fcgbar)<\/mark><\/em><\/strong><\/p>\n\n\n<p><a href=\"http:\/\/www.beschaffungsstrategie.de\/wp-content\/uploads\/2014\/01\/Schulen-und-Bewerten-Sie-Ihren-strategischen-Einkauf.png\"><img loading=\"lazy\" decoding=\"async\" class=\"alignnone size-full wp-image-1730\" src=\"http:\/\/www.beschaffungsstrategie.de\/wp-content\/uploads\/2014\/01\/Schulen-und-Bewerten-Sie-Ihren-strategischen-Einkauf.png\" alt=\"Schulen und Bewerten Sie Ihren strategischen Einkauf\" width=\"1087\" height=\"70\" srcset=\"https:\/\/www.beschaffungsstrategie.de\/wp-content\/uploads\/2014\/01\/Schulen-und-Bewerten-Sie-Ihren-strategischen-Einkauf.png 1087w, https:\/\/www.beschaffungsstrategie.de\/wp-content\/uploads\/2014\/01\/Schulen-und-Bewerten-Sie-Ihren-strategischen-Einkauf-300x19.png 300w, https:\/\/www.beschaffungsstrategie.de\/wp-content\/uploads\/2014\/01\/Schulen-und-Bewerten-Sie-Ihren-strategischen-Einkauf-1024x65.png 1024w, https:\/\/www.beschaffungsstrategie.de\/wp-content\/uploads\/2014\/01\/Schulen-und-Bewerten-Sie-Ihren-strategischen-Einkauf-500x32.png 500w\" sizes=\"auto, (max-width: 1087px) 100vw, 1087px\" \/><\/a><\/p>\n<h2>E-Learning-Tool zum strategischen Einkauf<\/h2>\n<p>Mit dem E-Learning-Tool werden in einfacher und systematischer Weise alle wesentlichen Aspekte des strategischen Einkaufs vorgestellt. Dabei orientiert sich die Software an der 15M-Architektur der Supply Strategie von Prof. Dr. Gerhard He\u00df, die in den Jahren 2006 bis 2008 kollaborativ mit unterschiedlichen Firmen entwickelt wurde. Seit dieser Zeit hat sich das Konzept in vielf\u00e4ltigen Anwendungsbereichen bew\u00e4hrt. Die Schulung ist in 30 Abschnitte gegliedert. Nach jedem Abschnitt erhalten Sie die Chance die aktuelle Situation in Ihrem Unternehmen zu bewerten. Mit den 30 Fragen erhalten Sie ein anschauliches Benchmark zum Reifegrad und zu Leistungsl\u00fccken Ihres strategischen Einkaufs.<\/p>\n<p><strong>Nutzen:<br \/><\/strong>Sie profitieren von einer spannenden Schulung zum strategischen Einkauf sowie von der Reifegrad- bzw. L\u00fcckenanalyse Ihres strategischen Einkaufs. Sie erhalten pro Teilnehmer eine Reifegradauswertung. Falls mehrere Teilnehmer eines Unternehmens (3-5) an der Schulung und der damit verbundenen Befragung teilnehmen, erhalten Sie ebenso eine firmenweite Auswertung.<\/p>\n<p><strong>Hinweise:<\/strong><\/p>\n<ul>\n<li>Die Teilnahme ist f\u00fcr Ihr Unternehmen kostenlos.<\/li>\n<li>Die Daten werden vertraulich behandelt.<\/li>\n<\/ul>\n<p><a href=\"http:\/\/www.beschaffungsstrategie.de\/wp-content\/uploads\/2014\/01\/Referenzen.png\"><img loading=\"lazy\" decoding=\"async\" class=\"alignnone size-full wp-image-1735\" src=\"http:\/\/www.beschaffungsstrategie.de\/wp-content\/uploads\/2014\/01\/Referenzen.png\" alt=\"Referenzen\" width=\"1087\" height=\"70\" srcset=\"https:\/\/www.beschaffungsstrategie.de\/wp-content\/uploads\/2014\/01\/Referenzen.png 1087w, https:\/\/www.beschaffungsstrategie.de\/wp-content\/uploads\/2014\/01\/Referenzen-300x19.png 300w, https:\/\/www.beschaffungsstrategie.de\/wp-content\/uploads\/2014\/01\/Referenzen-1024x65.png 1024w, https:\/\/www.beschaffungsstrategie.de\/wp-content\/uploads\/2014\/01\/Referenzen-500x32.png 500w\" sizes=\"auto, (max-width: 1087px) 100vw, 1087px\" \/><\/a><\/p>\n<h2>Molex Incorporated<\/h2>\n<p>Die e-learning-Software zur 15M-Architektur mit Bewertungsfunktion hat uns sehr geholfen den Umsetzungsstand unseres strategischen Einkaufs aus einer objektiven Sicht zu bewerten. Die Ergebnisse werden auf einer Seite zusammengefasst und machen den Reifegrad des strategischen Einkaufs im Unternehmen transparent. Die identifizierten L\u00fccken kannten wir bereits vorher. Die ganzheitliche Sicht der 15M-Architektur hilft aber, die n\u00e4chsten Schritte zu priorisieren und im Unternehmen zu kommunizieren.<\/p>\n<p>F\u00fcr Mitarbeiter, die die 15M-Architektur gar nicht kennen, ist die Software eine effektive M\u00f6glichkeit sich einen \u00dcberblick \u00fcber die wesentlichen Facetten des strategischen Einkaufs zu verschaffen.<\/p>\n<p>Ich kann jedem Einkaufsverantwortlichen sehr empfehlen sich die Zeit f\u00fcr das e-Learning-Tool zu nehmen und an der Befragung teilzunehmen.<\/p>\n<p>Bretten, den 5. November 2013<br \/>Ralf Eberle<br \/>Vice President Global<br \/>Procurement<br \/>Molex Incorporated<\/p>\n<p>________________________________________________________________________________________________________<\/p>\n<p><strong>Licos Trucktec GmbH<\/strong><\/p>\n<p>Seit zwei Jahren haben wir unseren strategischen Einkauf nach der 15M-Architektur ausgerichtet und schrittweise weiterentwickelt. Dabei hat uns von Anfang an die Kombination aus systematischer und pragmatischer Vorgehensweise begeistert. Trotz knapper Ressourcen eines KMU konnten wir dadurch die strategische Aufstellung unseres Beschaffungswesens in kurzer Zeit auf solide Beine stellen. Mit dem neuen e-Learning-Tool inklusive der Bewertungsfunktion schlie\u00dft sich f\u00fcr uns der Regelkreis in ganz einfacher Weise: Wie weit ist unser strategischer Einkauf bereits fortgeschritten? Was sind die n\u00e4chsten Schritte?<br \/>Das Tool bietet gleicherma\u00dfen einen exzellenten \u00dcberblick \u00fcber den strategischen Einkauf als auch ein einfaches Benchmark zum aktuellen Umsetzungsstand. Wir k\u00f6nnen aus unserer Erfahrung die Teilnahme an einer solchen Selbsteinsch\u00e4tzung sehr empfehlen. Uns hat sie mit sehr vertretbarem Aufwand ein wertvolles Feedback gegeben.<\/p>\n<p>Markdorf, den 06.11.2013<br \/>Kurt Peter<br \/>Prokurist, Leitung Vertrieb und Marketing<br \/>LICOS<br \/>Trucktec GmbH<\/p>\n\n\n<p><\/p>\n\n\n\n<p><\/p>\n","protected":false},"excerpt":{"rendered":"<p>(derzeit nicht verf\u00fcgbar) E-Learning-Tool zum strategischen Einkauf Mit dem E-Learning-Tool werden in einfacher und systematischer Weise alle wesentlichen Aspekte des strategischen Einkaufs vorgestellt. Dabei orientiert sich die Software an der 15M-Architektur der Supply Strategie von Prof. Dr. Gerhard He\u00df, die &hellip; <a href=\"https:\/\/www.beschaffungsstrategie.de\/?page_id=1729\">Weiterlesen <span class=\"meta-nav\">&rarr;<\/span><\/a><\/p>\n","protected":false},"author":1,"featured_media":0,"parent":0,"menu_order":0,"comment_status":"closed","ping_status":"closed","template":"","meta":{"footnotes":""},"class_list":["post-1729","page","type-page","status-publish","hentry"],"_links":{"self":[{"href":"https:\/\/www.beschaffungsstrategie.de\/index.php?rest_route=\/wp\/v2\/pages\/1729","targetHints":{"allow":["GET"]}}],"collection":[{"href":"https:\/\/www.beschaffungsstrategie.de\/index.php?rest_route=\/wp\/v2\/pages"}],"about":[{"href":"https:\/\/www.beschaffungsstrategie.de\/index.php?rest_route=\/wp\/v2\/types\/page"}],"author":[{"embeddable":true,"href":"https:\/\/www.beschaffungsstrategie.de\/index.php?rest_route=\/wp\/v2\/users\/1"}],"replies":[{"embeddable":true,"href":"https:\/\/www.beschaffungsstrategie.de\/index.php?rest_route=%2Fwp%2Fv2%2Fcomments&post=1729"}],"version-history":[{"count":8,"href":"https:\/\/www.beschaffungsstrategie.de\/index.php?rest_route=\/wp\/v2\/pages\/1729\/revisions"}],"predecessor-version":[{"id":4477,"href":"https:\/\/www.beschaffungsstrategie.de\/index.php?rest_route=\/wp\/v2\/pages\/1729\/revisions\/4477"}],"wp:attachment":[{"href":"https:\/\/www.beschaffungsstrategie.de\/index.php?rest_route=%2Fwp%2Fv2%2Fmedia&parent=1729"}],"curies":[{"name":"wp","href":"https:\/\/api.w.org\/{rel}","templated":true}]}}