{"id":18,"date":"2013-03-06T13:07:59","date_gmt":"2013-03-06T11:07:59","guid":{"rendered":"http:\/\/localhost\/wordpress\/?page_id=18"},"modified":"2024-09-16T17:41:15","modified_gmt":"2024-09-16T15:41:15","slug":"weiterbildung","status":"publish","type":"page","link":"https:\/\/www.beschaffungsstrategie.de\/?page_id=18","title":{"rendered":"Weiterbildung, Vortr\u00e4ge und Veranstaltungen"},"content":{"rendered":"<p><a href=\"http:\/\/www.materialgruppe.de\/wp-content\/uploads\/2013\/03\/Weiterbildung1.png\"><img loading=\"lazy\" decoding=\"async\" class=\"alignnone size-full wp-image-1587\" src=\"http:\/\/www.materialgruppe.de\/wp-content\/uploads\/2013\/03\/Weiterbildung1.png\" alt=\"Weiterbildung\" width=\"1087\" height=\"70\" srcset=\"https:\/\/www.beschaffungsstrategie.de\/wp-content\/uploads\/2013\/03\/Weiterbildung1.png 1087w, https:\/\/www.beschaffungsstrategie.de\/wp-content\/uploads\/2013\/03\/Weiterbildung1-300x19.png 300w, https:\/\/www.beschaffungsstrategie.de\/wp-content\/uploads\/2013\/03\/Weiterbildung1-1024x65.png 1024w, https:\/\/www.beschaffungsstrategie.de\/wp-content\/uploads\/2013\/03\/Weiterbildung1-500x32.png 500w\" sizes=\"auto, (max-width: 1087px) 100vw, 1087px\" \/><\/a><\/p>\n<h2>Online Workshopkonzept<br \/>\nGanzheitliches Risikomanagement und Resilienz im Einkauf und in der Lieferkette<br \/>\nAuf Basis der 15M-Architektur der Supply-Strategie<\/h2>\n<p>Risikomanagement im Einkauf ist facettenreich!<br \/>\nLernen Sie einen systematischen und ganzheitlichen Ansatz zur Steuerung der Risiken im Einkauf und in den Lieferketten kennen und entwerfen Sie eine Roadmap, wie Sie Ihr Risikomanagement fortentwickeln.<\/p>\n<p><a href=\"http:\/\/www.beschaffungsstrategie.de\/?page_id=1363\"><strong>mehr<\/strong><\/a><\/p>\n<p>_____________________________________________________________________________________________<\/p>\n<h2>Zweit\u00e4giger Weiterbildungsworkshop &#8211; online:<br \/>\nEinkaufsstrategie und nachhaltige Entwicklung des strategischen Einkaufs<\/h2>\n<p>Nach dem Workshop kennen Sie die 15M-Architektur der Supply-Strategie und wissen, wie Sie diese in Ihrem Unternehmen anwenden k\u00f6nnen. Sie haben f\u00fcr Ihr Unternehmen ein Konzept entwickelt, wie Sie eine systematische Einkaufsstrategie sowie Ihren strategischen Einkauf nachhaltig entwickeln. Sie haben erste \u00dcberlegungen zur Umsetzung des Konzeptes erarbeitet und wissen wie Sie weiter vorgehen k\u00f6nnen.<\/p>\n<p><strong><a href=\"http:\/\/www.beschaffungsstrategie.de\/?page_id=1363\" target=\"_blank\" rel=\"noopener noreferrer\">mehr<\/a><\/strong><strong><br \/>\n<\/strong><\/p>\n<p><span style=\"color: #ff0000;\">_________________________________________________________________________________________<\/span><\/p>\n<h2>Weiterbildungs-Tagesworkshop &#8211; online:<br \/>\nWarengruppen- und Lieferantenstrategien im strategischen Einkauf entwickeln mit der 15M-Architektur der Supply-Strategie<\/h2>\n<p>Lernen Sie Warengruppen- und Lieferantenstrategien systematisch formulieren und nachhaltig umsetzen. Entwerfen Sie auf Basis der 15M-Architektur der Supply-Strategie f\u00fcr Ihr Unternehmen ein integriertes Konzept zum Warengruppen- und Lieferantenmanagement.<\/p>\n<p><strong><a href=\"http:\/\/www.beschaffungsstrategie.de\/?page_id=1363\">mehr<\/a><\/strong><\/p>\n<p><span style=\"color: #93be0d;\">__________________________________________________________________________________________\u00a0\u00a0 <\/span><strong><br \/>\n<\/strong><\/p>\n<h2>Berufsbegleitende Master- und Zertifikatslehrg\u00e4nge zum Einkauf an der Technischen Hochschule N\u00fcrnberg Georg-Simon-Ohm<\/h2>\n<p>An der OHM Professional School\u00a0der Technischen Hochschule N\u00fcrnberg finden Sie folgende berufsbegleitende Masterstudieng\u00e4nge und berufsbegleitende Zertifikatslehrg\u00e4nge zum Thema Einkauf.<\/p>\n<ul>\n<li>Masterstudiengang Einkauf und Logistik \/ Supply Chain Management<\/li>\n<li>Masterstudiengang Einkauf und Supply Management<\/li>\n<li>Zertifikatslehrgang Beschaffung und Supply Chain Management<\/li>\n<li>Zertifikatslehrgang Einkaufscontrolling<\/li>\n<li>Zertifikatslehrgang Lieferantenauswahl und Vergabemanagement<\/li>\n<\/ul>\n<p><strong><a href=\"https:\/\/ohm-professional-school.de\/studium\/master\/master-im-ueberblick\/\">mehr<\/a><br \/>\n<\/strong><span style=\"color: #b1bfd9;\">__________________________________________________________________________________________<strong><br \/>\n<\/strong><\/span><\/p>\n<h2>Inhouse-Schulungen<\/h2>\n<p>Gerne bieten wir ma\u00dfgeschneiderte Trainings und Weiterbildungen rund um den strategischen Einkauf sowie verbundene Einkaufsfragestellungen an.\u00a0\u00a0\u00a0\u00a0 <a title=\"Weiterbildung\" href=\"http:\/\/www.beschaffungsstrategie.de\/?page_id=1363\"><strong>mehr<\/strong><\/a><\/p>\n<p><a href=\"http:\/\/www.materialgruppe.de\/wp-content\/uploads\/2013\/03\/Vortr\u00e4ge-und-Veranstaltungen.png\"><img loading=\"lazy\" decoding=\"async\" class=\"alignnone size-full wp-image-1588\" src=\"http:\/\/www.materialgruppe.de\/wp-content\/uploads\/2013\/03\/Vortr\u00e4ge-und-Veranstaltungen.png\" alt=\"Vortr\u00e4ge und Veranstaltungen\" width=\"1087\" height=\"70\" srcset=\"https:\/\/www.beschaffungsstrategie.de\/wp-content\/uploads\/2013\/03\/Vortr\u00e4ge-und-Veranstaltungen.png 1087w, https:\/\/www.beschaffungsstrategie.de\/wp-content\/uploads\/2013\/03\/Vortr\u00e4ge-und-Veranstaltungen-300x19.png 300w, https:\/\/www.beschaffungsstrategie.de\/wp-content\/uploads\/2013\/03\/Vortr\u00e4ge-und-Veranstaltungen-1024x65.png 1024w, https:\/\/www.beschaffungsstrategie.de\/wp-content\/uploads\/2013\/03\/Vortr\u00e4ge-und-Veranstaltungen-500x32.png 500w\" sizes=\"auto, (max-width: 1087px) 100vw, 1087px\" \/><\/a><\/p>\n<h2>Vortr\u00e4ge Veranstaltungen<\/h2>\n<p>Hier finden Sie Hinweise auf interessante Vortr\u00e4ge und Veranstaltungen, bei denen\u00a0das Institut f\u00fcr Beschaffungsstrategie bzw. Prof. Dr. Gerhard He\u00df mitgewirkt hat.\u00a0\u00a0\u00a0 <a title=\"Vortr\u00e4ge Veranstaltungen\" href=\"http:\/\/www.beschaffungsstrategie.de\/?page_id=1907\"><strong>mehr<br \/>\n<\/strong><\/a><span style=\"color: #c00518;\">__________________________________________________________________________________________<strong><br \/>\n<\/strong><\/span><\/p>\n<h2>Vortragsangebote<\/h2>\n<p>Sie sind auf der Suche nach einem Vortrag zum strategischen Einkauf. Hier finden Sie ein Angebot ausgew\u00e4hlter bew\u00e4hrter Vortragsangebote.\u00a0\u00a0\u00a0\u00a0 <a title=\"Vortragsangebote\" href=\"http:\/\/www.beschaffungsstrategie.de\/?page_id=1909\"><strong>mehr<br \/>\n<\/strong><\/a><span style=\"color: #fed501;\">__________________________________________________________________________________________<strong><br \/>\n<\/strong><\/span><\/p>\n<h2>Fachtagung Einkauf und Logistik an der Technischen Hochschule N\u00fcrnberg<\/h2>\n<p>Die 10. Fachtagung Einkauf und Logistik fand am 20. Oktober 2015 statt. Interessante Begegnungen zwischen den Studierenden, Ehemaligen und der Wirtschaft waren das Ziel der 10. Fachtagung f\u00fcr Einkauf und Logistik der Technischen Hochschule N\u00fcrnberg Georg-Simon-Ohm.<br \/>\nDie Teilnahme zur Tagung war kostenfrei. <strong><a href=\"http:\/\/www.beschaffungsstrategie.de\/wp-content\/uploads\/2015\/07\/Flyer-Fachtagung-Neuer-Termin.pdf\" target=\"_blank\" rel=\"noopener noreferrer\">mehr<\/a><\/strong><\/p>\n<p>Programme der <span style=\"text-decoration: underline;\">ehemaligen<\/span> Fachtagungen Einkauf und Logistik\u00a0\u00a0\u00a0 <a title=\"Ehemalige Fachtagungen zu Einkauf und Logistik\" href=\"http:\/\/www.beschaffungsstrategie.de\/?page_id=1919\"><strong>mehr<\/strong><\/a><\/p>\n","protected":false},"excerpt":{"rendered":"<p>Online Workshopkonzept Ganzheitliches Risikomanagement und Resilienz im Einkauf und in der Lieferkette Auf Basis der 15M-Architektur der Supply-Strategie Risikomanagement im Einkauf ist facettenreich! Lernen Sie einen systematischen und ganzheitlichen Ansatz zur Steuerung der Risiken im Einkauf und in den Lieferketten &hellip; <a href=\"https:\/\/www.beschaffungsstrategie.de\/?page_id=18\">Weiterlesen <span class=\"meta-nav\">&rarr;<\/span><\/a><\/p>\n","protected":false},"author":1,"featured_media":0,"parent":0,"menu_order":0,"comment_status":"closed","ping_status":"open","template":"","meta":{"footnotes":""},"class_list":["post-18","page","type-page","status-publish","hentry"],"_links":{"self":[{"href":"https:\/\/www.beschaffungsstrategie.de\/index.php?rest_route=\/wp\/v2\/pages\/18","targetHints":{"allow":["GET"]}}],"collection":[{"href":"https:\/\/www.beschaffungsstrategie.de\/index.php?rest_route=\/wp\/v2\/pages"}],"about":[{"href":"https:\/\/www.beschaffungsstrategie.de\/index.php?rest_route=\/wp\/v2\/types\/page"}],"author":[{"embeddable":true,"href":"https:\/\/www.beschaffungsstrategie.de\/index.php?rest_route=\/wp\/v2\/users\/1"}],"replies":[{"embeddable":true,"href":"https:\/\/www.beschaffungsstrategie.de\/index.php?rest_route=%2Fwp%2Fv2%2Fcomments&post=18"}],"version-history":[{"count":88,"href":"https:\/\/www.beschaffungsstrategie.de\/index.php?rest_route=\/wp\/v2\/pages\/18\/revisions"}],"predecessor-version":[{"id":4466,"href":"https:\/\/www.beschaffungsstrategie.de\/index.php?rest_route=\/wp\/v2\/pages\/18\/revisions\/4466"}],"wp:attachment":[{"href":"https:\/\/www.beschaffungsstrategie.de\/index.php?rest_route=%2Fwp%2Fv2%2Fmedia&parent=18"}],"curies":[{"name":"wp","href":"https:\/\/api.w.org\/{rel}","templated":true}]}}