{"id":1879,"date":"2014-01-09T12:44:02","date_gmt":"2014-01-09T10:44:02","guid":{"rendered":"http:\/\/www.beschaffungsstrategie.de\/?page_id=1879"},"modified":"2019-06-15T23:41:41","modified_gmt":"2019-06-15T21:41:41","slug":"balanced-scorecard-2","status":"publish","type":"page","link":"https:\/\/www.beschaffungsstrategie.de\/?page_id=1879","title":{"rendered":"Balanced Scorecard"},"content":{"rendered":"<p>Die Balanced Scorecard (BSC) ist ein ganzheitlich orientierter Managementansatz, der auf Kennzahlen basiert und als Strategieinstrument sowie im Unternehmenscontrolling eingesetzt wird. Mit der Balanced Scorecard verkn\u00fcpft man langfristige Ziele und Strategien mit den kurzfristigen operativen Ma\u00dfnahmen unter Einbezug verschiedener Sichten auf das Unternehmen. Das, von Robert S. Kaplan und David P. Norton, Anfang der 90er Jahre vorgestellte, erweiterte Kennzahlensystem geht \u00fcber die reine Betrachtung finanzieller Kennzahlen weit hinaus und wurde mit 12 US-amerikanischen Unternehmen in einem Forschungsprojekt erfolgreich umgesetzt. Dabei finden vier verschiedene Perspektiven: Finanzen, Kunden, Gesch\u00e4ftsprozesse und Mitarbeiter\/Lernen und Entwicklung bei der operativen Realisierung der Unternehmensvision und \u2013strategie Beachtung (siehe Abb.). Innerhalb der Perspektive der internen Gesch\u00e4ftsprozesse wirken Entscheidungen zu operativen Zielen, Kennzahlen, Vorgaben und Ma\u00dfnahmen auf den Einkauf und dessen strategische und operative Ma\u00dfnahmen [Vgl. Bischof; Balanced Scorecard; S. 95 und Vgl. Schmidt; Balanced Scorecard; S. 11].<br \/>\nVerkn\u00fcpfungen der BSC und der 15M-Architektur\u00ae nach He\u00df sind neben Modul 13 \u201eSupply-Managementsystem entwickeln\u201d ebenso in den Modulen M1 \u201eBasisstrategie entwickeln\u201c, M2 \u201eSupply-Ziele formulieren\u201c und M3 \u201eStrategy Map entwickeln\u201c zu finden.<\/p>\n<p><a href=\"http:\/\/www.beschaffungsstrategie.de\/wp-content\/uploads\/2014\/01\/BSC_Abb_Hyperspace.jpg\"><img loading=\"lazy\" decoding=\"async\" width=\"502\" height=\"364\" class=\" wp-image-1881 alignleft\" alt=\"BSC_Abb_Hyperspace\" src=\"http:\/\/www.beschaffungsstrategie.de\/wp-content\/uploads\/2014\/01\/BSC_Abb_Hyperspace.jpg\" srcset=\"https:\/\/www.beschaffungsstrategie.de\/wp-content\/uploads\/2014\/01\/BSC_Abb_Hyperspace.jpg 837w, https:\/\/www.beschaffungsstrategie.de\/wp-content\/uploads\/2014\/01\/BSC_Abb_Hyperspace-300x217.jpg 300w, https:\/\/www.beschaffungsstrategie.de\/wp-content\/uploads\/2014\/01\/BSC_Abb_Hyperspace-413x300.jpg 413w\" sizes=\"auto, (max-width: 502px) 100vw, 502px\" \/><\/a><\/p>\n<p>&nbsp;<\/p>\n<p>&nbsp;<\/p>\n<p>&nbsp;<\/p>\n<p>&nbsp;<\/p>\n<p>&nbsp;<\/p>\n<p>&nbsp;<\/p>\n<p>&nbsp;<\/p>\n<p>&nbsp;<\/p>\n<p>&nbsp;<\/p>\n<p>Abb.: Die Balanced Scorecard mit den 4 Perspektiven<br \/>\n[Quelle: hyperspace GmbH]<\/p>\n<p><span style=\"color: rgb(255, 0, 0);\">15M-Architektur\u00ae:<\/span><br \/>\nModul 3: Strategische Sto\u00dfrichtungen und Strategy Map entwickeln [He\u00df; Supply-Strategien; S. 130]<\/p>\n<p><span style=\"color: rgb(255, 0, 0);\">Quellen\/Literaturhinweise:<\/span><br \/>\nBischof J\u00fcrgen; Die Balanced Scorecard als Instrument einer modernen Controlling-Konzeption; Deutscher-Universit\u00e4ts Verlag Wiesbaden (2002)<br \/>\n<a title=\"Literatur zur 15M-Architektur\" href=\"http:\/\/www.beschaffungsstrategie.de\/?page_id=1674\">He\u00df, Gerhard; Supply-Strategien in Einkauf und Beschaffung; 2. Auflage (2010); Gabler Verlag Wiesbaden <\/a><br \/>\nSchmidt, Walter; Friedag, Herwig; Balanced Scorecard; 3. Auflage (2007); Haufe Verlag M\u00fcnchen<\/p>\n<p><span style=\"color: rgb(255, 0, 0);\">Verbundene Schlagworte:<\/span><br \/>\nShareholder Value, Langfristige Unternehmensentwicklung<\/p>\n<p><span style=\"color: rgb(255, 0, 0);\">Vertiefungen\/Studien: <\/span><\/p>\n<p><span style=\"color: rgb(255, 0, 0);\">Weiterf\u00fchrende Links:<\/span><br \/>\n<a href=\"http:\/\/books.google.de\/books?id=gTQ8P84bp2UC&amp;pg=PA95&amp;lpg=PA95&amp;dq=balanced+scorecard&amp;source=bl&amp;ots=KWYghnQEAg&amp;sig=oCAAgj5bqryaJhfYhLCs-dckT-I&amp;hl=de&amp;ei=1Q4cSu_RL8OP_QbN2syGDQ&amp;sa=X&amp;oi=book_result&amp;ct=result&amp;resnum=8\" target=\"_blank\" rel=\"noopener noreferrer\">Bischof, J\u00fcrgen; Die Balanced Scorecard als Instrument einer modernen Controlling-Konzeption; Deutscher-Universit\u00e4ts Verlag Wiesbaden (2002) <\/a><\/p>\n<p><a href=\"http:\/\/books.google.de\/books?id=VclfAUJccs0C&amp;printsec=frontcover&amp;dq=supply+strategien+in+einkauf+und+beschaffung&amp;hl=de&amp;ei=fylYTKOyNYz9sQbInLm8Cg&amp;sa=X&amp;oi=book_result&amp;ct=result&amp;resnum=1&amp;ved=0CDMQ6AEwAA#v=onepage&amp;q&amp;f=false\" target=\"_blank\" rel=\"noopener noreferrer\">He\u00df, Gerhard; Supply-Strategien in Einkauf und Beschaffung; 2. Auflage (2010); Gabler Verlag Wiesbaden <\/a><\/p>\n<p><a href=\"http:\/\/books.google.de\/books?id=W1CX8IRZZ5UC&amp;pg=PT11&amp;lpg=PT11&amp;dq=balanced+scorecard&amp;source=bl&amp;ots=K6KN03cEgw&amp;sig=iEV7GVVUCdc-2qsJS28KKNXTbxU&amp;hl=de&amp;ei=GAocSsSFBcKD_QaEmezlDA&amp;sa=X&amp;oi=book_result&amp;ct=result&amp;resnum=8#v=onepage&amp;q=balanced%20scorecard&amp;f=false\" target=\"_blank\" rel=\"noopener noreferrer\">Schmidt, Walter; Friedag, Herwig; Balanced Scorecard; 3. Auflage (2007); Haufe Verlag M\u00fcnchen <\/a><\/p>\n<p><a href=\"http:\/\/books.google.de\/books?id=D3s7QAy6NwwC&amp;dq=balanced+scorecard&amp;printsec=frontcover&amp;source=bl&amp;ots=vS7YhIJyJB&amp;sig=dOxLS8vdB1icoNL3QircXIe7bD4&amp;hl=de&amp;ei=PQMcSpjiCoeZ_Aa5rPD6DA&amp;sa=X&amp;oi=book_result&amp;ct=result&amp;resnum=4#PPA4,M1\" target=\"_blank\" rel=\"noopener noreferrer\">Weber, J\u00fcrgen; Sch\u00e4ffer, Utz; Balanced Scorecard &amp; Controlling; 3. Auflage (2000); Gabler Verlag Wiesbaden <\/a><\/p>\n<p><a href=\"http:\/\/www.4managers.de\/management\/themen\/balanced-scorecard\/\" target=\"_blank\" rel=\"noopener noreferrer\">4managers.de <\/a><\/p>\n<p><a href=\"http:\/\/images.google.de\/imgres?imgurl=http:\/\/www.hyperspace.de\/de\/images\/bsc_vision_strategie.gif&amp;imgrefurl=http:\/\/www.hyperspace.de\/de\/balanced_scorecard.htm&amp;usg=__Uw81aI8ptKdSZz9XSrw0PhD51Rk=&amp;h=375&amp;w=500&amp;sz=29&amp;hl=de&amp;start=11&amp;um=1&amp;tbnid=hEqsgoJy-HxTxM:&amp;t\" target=\"_blank\" rel=\"noopener noreferrer\">hyperspace GmbH<\/a><\/p>\n<p>Autor: M. Reed &#8211; 2010012<\/p>\n","protected":false},"excerpt":{"rendered":"<p>Die Balanced Scorecard (BSC) ist ein ganzheitlich orientierter Managementansatz, der auf Kennzahlen basiert und als Strategieinstrument sowie im Unternehmenscontrolling eingesetzt wird. Mit der Balanced Scorecard verkn\u00fcpft man langfristige Ziele und Strategien mit den kurzfristigen operativen Ma\u00dfnahmen unter Einbezug verschiedener Sichten &hellip; <a href=\"https:\/\/www.beschaffungsstrategie.de\/?page_id=1879\">Weiterlesen <span class=\"meta-nav\">&rarr;<\/span><\/a><\/p>\n","protected":false},"author":1,"featured_media":0,"parent":0,"menu_order":0,"comment_status":"closed","ping_status":"closed","template":"","meta":{"footnotes":""},"class_list":["post-1879","page","type-page","status-publish","hentry"],"_links":{"self":[{"href":"https:\/\/www.beschaffungsstrategie.de\/index.php?rest_route=\/wp\/v2\/pages\/1879","targetHints":{"allow":["GET"]}}],"collection":[{"href":"https:\/\/www.beschaffungsstrategie.de\/index.php?rest_route=\/wp\/v2\/pages"}],"about":[{"href":"https:\/\/www.beschaffungsstrategie.de\/index.php?rest_route=\/wp\/v2\/types\/page"}],"author":[{"embeddable":true,"href":"https:\/\/www.beschaffungsstrategie.de\/index.php?rest_route=\/wp\/v2\/users\/1"}],"replies":[{"embeddable":true,"href":"https:\/\/www.beschaffungsstrategie.de\/index.php?rest_route=%2Fwp%2Fv2%2Fcomments&post=1879"}],"version-history":[{"count":5,"href":"https:\/\/www.beschaffungsstrategie.de\/index.php?rest_route=\/wp\/v2\/pages\/1879\/revisions"}],"predecessor-version":[{"id":3522,"href":"https:\/\/www.beschaffungsstrategie.de\/index.php?rest_route=\/wp\/v2\/pages\/1879\/revisions\/3522"}],"wp:attachment":[{"href":"https:\/\/www.beschaffungsstrategie.de\/index.php?rest_route=%2Fwp%2Fv2%2Fmedia&parent=1879"}],"curies":[{"name":"wp","href":"https:\/\/api.w.org\/{rel}","templated":true}]}}