{"id":1907,"date":"2014-01-17T14:10:34","date_gmt":"2014-01-17T12:10:34","guid":{"rendered":"http:\/\/www.beschaffungsstrategie.de\/?page_id=1907"},"modified":"2023-06-30T12:59:50","modified_gmt":"2023-06-30T10:59:50","slug":"vortraege-veranstaltungen","status":"publish","type":"page","link":"https:\/\/www.beschaffungsstrategie.de\/?page_id=1907","title":{"rendered":"Vortr\u00e4ge Veranstaltungen"},"content":{"rendered":"\n<p><strong>Sie finden Einkauf spannend und m\u00f6chten neue Ideen und Erfahrungen austauschen?<\/strong><\/p>\n\n\n\n<p>Dann sind sie beim Procurement-Talk genau richtig!<\/p>\n\n\n\n<p>Der Procurement-Talk ist eine neue Kommunikationsplattform f\u00fcr Eink\u00e4ufer*Innen. Es geht darum zu h\u00f6ren wie andere mit Fragen umgehen, kreative und innovative Ideen vorzustellen und Tipps auszutauschen.<\/p>\n\n\n\n<p>Die Veranstaltungen finden online mit Zoom statt. Der Austausch erfolgt in kleinen Gruppen mit ca. 5 Personen (sog. Break Out Sessions).<\/p>\n\n\n\n<p><strong>Die Teilnahme ist kostenlos &#8211; Anmeldung erforderlich.<\/strong><br><a href=\"http:\/\/www.procurement-talk.de\">+++ weitere Informationen und Anmeldung +++<\/a><\/p>\n\n\n\n<div class=\"wp-block-buttons is-layout-flex wp-block-buttons-is-layout-flex\"><\/div>\n\n\n\n<hr class=\"wp-block-separator has-alpha-channel-opacity\"\/>\n\n\n\n<p><strong>Vortrag &#8222;Transformation des indirekten Einkaufs bei SIXT SE&#8220;<\/strong><\/p>\n\n\n\n<p>Die Professionalisierung und die Globalisierung des indirekten Einkaufs zeigt sich als Herausforderung f\u00fcr viele Unternehmen.<br>Bei dem in Zusammenarbeit von Prof. Dr. Gerhard He\u00df, Technische Hochschule N\u00fcrnberg, und dem Bundesverband f\u00fcr Materialwirtschaft, Einkauf und Logistik (Region Mittelfranken) veranstaltetem Vortrag, stellte Referent Karsten Dedendorf (Executive Director Corporate Procurement bei SIXT SE) den Transformationsprozess im indirekten Einkauf bei SIXT vor.<\/p>\n\n\n\n<p>Als wesentliche Erfolgsfaktoren wurden ein breit aufgestelltes Category Management, die Digitalisierung im indirekten Spend, klare Transparenz und Messbarkeit der Beschaffungserfolge und ein globales Changemanagement erl\u00e4utert.<\/p>\n\n\n\n<figure class=\"wp-block-image size-full\"><a href=\"https:\/\/www.beschaffungsstrategie.de\/wp-content\/uploads\/2023\/06\/KDedendorf_GH_Banner_reduzWeb_230630.jpg.jpg\"><img loading=\"lazy\" decoding=\"async\" width=\"236\" height=\"312\" src=\"https:\/\/www.beschaffungsstrategie.de\/wp-content\/uploads\/2023\/06\/KDedendorf_GH_Banner_reduzWeb_230630.jpg.jpg\" alt=\"Prof. Dr. Gerhard He\u00df, Technische Hochschule N\u00fcrnberg (links im Bild) - Karsten Dedendorf (Executive Direcort Corporate Procurement, SIXT SE (rechts im Bild)\" class=\"wp-image-4377\" srcset=\"https:\/\/www.beschaffungsstrategie.de\/wp-content\/uploads\/2023\/06\/KDedendorf_GH_Banner_reduzWeb_230630.jpg.jpg 236w, https:\/\/www.beschaffungsstrategie.de\/wp-content\/uploads\/2023\/06\/KDedendorf_GH_Banner_reduzWeb_230630.jpg-227x300.jpg 227w\" sizes=\"auto, (max-width: 236px) 100vw, 236px\" \/><\/a><figcaption class=\"wp-element-caption\">Prof. Dr. Gerhard He\u00df, Technische Hochschule N\u00fcrnberg (li.) &#8211; Karsten Dedendorf, Executive Director Corporate Procurement, SIXT SE (re.)<\/figcaption><\/figure>\n\n\n\n<hr class=\"wp-block-separator has-alpha-channel-opacity\"\/>\n","protected":false},"excerpt":{"rendered":"<p>Sie finden Einkauf spannend und m\u00f6chten neue Ideen und Erfahrungen austauschen? Dann sind sie beim Procurement-Talk genau richtig! Der Procurement-Talk ist eine neue Kommunikationsplattform f\u00fcr Eink\u00e4ufer*Innen. Es geht darum zu h\u00f6ren wie andere mit Fragen umgehen, kreative und innovative Ideen &hellip; <a href=\"https:\/\/www.beschaffungsstrategie.de\/?page_id=1907\">Weiterlesen <span class=\"meta-nav\">&rarr;<\/span><\/a><\/p>\n","protected":false},"author":1,"featured_media":0,"parent":0,"menu_order":0,"comment_status":"closed","ping_status":"closed","template":"","meta":{"footnotes":""},"class_list":["post-1907","page","type-page","status-publish","hentry"],"_links":{"self":[{"href":"https:\/\/www.beschaffungsstrategie.de\/index.php?rest_route=\/wp\/v2\/pages\/1907","targetHints":{"allow":["GET"]}}],"collection":[{"href":"https:\/\/www.beschaffungsstrategie.de\/index.php?rest_route=\/wp\/v2\/pages"}],"about":[{"href":"https:\/\/www.beschaffungsstrategie.de\/index.php?rest_route=\/wp\/v2\/types\/page"}],"author":[{"embeddable":true,"href":"https:\/\/www.beschaffungsstrategie.de\/index.php?rest_route=\/wp\/v2\/users\/1"}],"replies":[{"embeddable":true,"href":"https:\/\/www.beschaffungsstrategie.de\/index.php?rest_route=%2Fwp%2Fv2%2Fcomments&post=1907"}],"version-history":[{"count":14,"href":"https:\/\/www.beschaffungsstrategie.de\/index.php?rest_route=\/wp\/v2\/pages\/1907\/revisions"}],"predecessor-version":[{"id":4378,"href":"https:\/\/www.beschaffungsstrategie.de\/index.php?rest_route=\/wp\/v2\/pages\/1907\/revisions\/4378"}],"wp:attachment":[{"href":"https:\/\/www.beschaffungsstrategie.de\/index.php?rest_route=%2Fwp%2Fv2%2Fmedia&parent=1907"}],"curies":[{"name":"wp","href":"https:\/\/api.w.org\/{rel}","templated":true}]}}