{"id":1936,"date":"2014-01-17T15:46:27","date_gmt":"2014-01-17T13:46:27","guid":{"rendered":"http:\/\/www.beschaffungsstrategie.de\/?page_id=1936"},"modified":"2022-10-06T14:04:10","modified_gmt":"2022-10-06T12:04:10","slug":"2-fachtagung-einkauf-und-logistik","status":"publish","type":"page","link":"https:\/\/www.beschaffungsstrategie.de\/?page_id=1936","title":{"rendered":"2. Fachtagung Einkauf und Logistik"},"content":{"rendered":"<p>Fachbereich Betriebswirtschaft<\/p>\n<p>Aktuelle Entwicklungen in Einkauf und Logistik sowie Begegnungen zwischen Ehemaligen, aktuellen Studierenden sowie interessierten Firmen standen im Mittelpunkt der 2. Fachtagung Einkauf und Logistik.<\/p>\n<p><strong>Begr\u00fc\u00dfung<\/strong><br \/>\nProf. Dr. Michael Braun, Pr\u00e4sident der GSO Hochschule N\u00fcrnberg<\/p>\n<p><strong>Modernes Management von Lieferantenstrukturen in der Automobilzulieferindustrie<\/strong><br \/>\nHerr Norbert Neumann, Supplier Quality and Development, Vice President, Robert Bosch GmbH Diesel Systeme<\/p>\n<p><strong>Flexibilisierung der Logistik bei Conti Temic microeletronic GmbH durch Variabilisierung der operativen Logistikkosten<\/strong><br \/>\nHerr Horst Monsees, Leiter Logistische Prozessoptimierung, ContiTemic microelectronic GmbH<\/p>\n<p><strong>Forum Einkauf und Logistik:<\/strong><\/p>\n<ul>\n<li>Vorstellung Logistikschwerpunkt<\/li>\n<li>Kompetenzzentrum Logistik<\/li>\n<li>Dematic<\/li>\n<\/ul>\n","protected":false},"excerpt":{"rendered":"<p>Fachbereich Betriebswirtschaft Aktuelle Entwicklungen in Einkauf und Logistik sowie Begegnungen zwischen Ehemaligen, aktuellen Studierenden sowie interessierten Firmen standen im Mittelpunkt der 2. Fachtagung Einkauf und Logistik. Begr\u00fc\u00dfung Prof. Dr. Michael Braun, Pr\u00e4sident der GSO Hochschule N\u00fcrnberg Modernes Management von Lieferantenstrukturen &hellip; <a href=\"https:\/\/www.beschaffungsstrategie.de\/?page_id=1936\">Weiterlesen <span class=\"meta-nav\">&rarr;<\/span><\/a><\/p>\n","protected":false},"author":1,"featured_media":0,"parent":0,"menu_order":0,"comment_status":"closed","ping_status":"closed","template":"","meta":{"footnotes":""},"class_list":["post-1936","page","type-page","status-publish","hentry"],"_links":{"self":[{"href":"https:\/\/www.beschaffungsstrategie.de\/index.php?rest_route=\/wp\/v2\/pages\/1936","targetHints":{"allow":["GET"]}}],"collection":[{"href":"https:\/\/www.beschaffungsstrategie.de\/index.php?rest_route=\/wp\/v2\/pages"}],"about":[{"href":"https:\/\/www.beschaffungsstrategie.de\/index.php?rest_route=\/wp\/v2\/types\/page"}],"author":[{"embeddable":true,"href":"https:\/\/www.beschaffungsstrategie.de\/index.php?rest_route=\/wp\/v2\/users\/1"}],"replies":[{"embeddable":true,"href":"https:\/\/www.beschaffungsstrategie.de\/index.php?rest_route=%2Fwp%2Fv2%2Fcomments&post=1936"}],"version-history":[{"count":2,"href":"https:\/\/www.beschaffungsstrategie.de\/index.php?rest_route=\/wp\/v2\/pages\/1936\/revisions"}],"predecessor-version":[{"id":4236,"href":"https:\/\/www.beschaffungsstrategie.de\/index.php?rest_route=\/wp\/v2\/pages\/1936\/revisions\/4236"}],"wp:attachment":[{"href":"https:\/\/www.beschaffungsstrategie.de\/index.php?rest_route=%2Fwp%2Fv2%2Fmedia&parent=1936"}],"curies":[{"name":"wp","href":"https:\/\/api.w.org\/{rel}","templated":true}]}}