{"id":1941,"date":"2014-01-17T16:04:01","date_gmt":"2014-01-17T14:04:01","guid":{"rendered":"http:\/\/www.beschaffungsstrategie.de\/?page_id=1941"},"modified":"2022-10-06T14:04:42","modified_gmt":"2022-10-06T12:04:42","slug":"3-fachtagung-einkauf-und-logistik","status":"publish","type":"page","link":"https:\/\/www.beschaffungsstrategie.de\/?page_id=1941","title":{"rendered":"3. Fachtagung Einkauf und Logistik"},"content":{"rendered":"<p>Aktuelle Entwicklungen in Einkauf und Logistik sowie Begegnungen zwischen Ehemaligen, aktuellen Studierenden sowie interessierten Firmen standen im Mittelpunkt der 3. Fachtagung Einkauf und Logistik.<\/p>\n<p><strong>Begr\u00fc\u00dfung<br \/>\n<\/strong>Prof. Dr. Roland Gegner, Dekan der Fakult\u00e4t Betriebswirtschaft, GSO Hochschule N\u00fcrnberg<\/p>\n<p><strong>Chancen und Risiken innovativer Betreibermodelle f\u00fcr Produktionsanlagen<\/strong><br \/>\nProf. Dr. Peter Pautsch, GSO Hochschule N\u00fcrnberg<\/p>\n<p><strong>Workshops:<\/strong><\/p>\n<ul>\n<li><strong>Funkwerke plettac electronic: Optimierung der Supply Chain in Gro\u00dfprojekten<\/strong><br \/>\nThomas Lammer, Leitung Supply Chain Management<br \/>\nMarkus Hoffmeister<\/li>\n<li><strong>SoftconCis: Einkaufscontrolling mit System &#8211; Potenziale im Einkauf realisieren<\/strong><br \/>\nWerner G\u00fcntner, Gesch\u00e4ftsf\u00fchrer<\/li>\n<li><strong>Allocation Networks: Best Practice-Prozesse beim E-Sourcing am Beispiel der Automobilindustrie<\/strong><br \/>\nBernd Soltmann, Gesch\u00e4ftsf\u00fchrer<\/li>\n<li><strong>Helmut Heim Coaching Entwicklung Gespr\u00e4ch Training:<\/strong><br \/>\n<strong>Kommunikation mit Partnern: Vom &#8222;aktiven zuh\u00f6ren&#8220; zum &#8222;richtigen verstehen&#8220;<\/strong><\/li>\n<\/ul>\n<p><strong>Interdisziplin\u00e4re Zusammenarbeit in der Supply Chain zur St\u00e4rkung der Ertragskraft der Organisation<\/strong><br \/>\nErhard Weiser, MAN Nutzfahrzeuge AG, Zentralbereich Einkauf Support, Controlling, Processes<\/p>\n","protected":false},"excerpt":{"rendered":"<p>Aktuelle Entwicklungen in Einkauf und Logistik sowie Begegnungen zwischen Ehemaligen, aktuellen Studierenden sowie interessierten Firmen standen im Mittelpunkt der 3. Fachtagung Einkauf und Logistik. Begr\u00fc\u00dfung Prof. Dr. Roland Gegner, Dekan der Fakult\u00e4t Betriebswirtschaft, GSO Hochschule N\u00fcrnberg Chancen und Risiken innovativer &hellip; <a href=\"https:\/\/www.beschaffungsstrategie.de\/?page_id=1941\">Weiterlesen <span class=\"meta-nav\">&rarr;<\/span><\/a><\/p>\n","protected":false},"author":1,"featured_media":0,"parent":0,"menu_order":0,"comment_status":"closed","ping_status":"closed","template":"","meta":{"footnotes":""},"class_list":["post-1941","page","type-page","status-publish","hentry"],"_links":{"self":[{"href":"https:\/\/www.beschaffungsstrategie.de\/index.php?rest_route=\/wp\/v2\/pages\/1941","targetHints":{"allow":["GET"]}}],"collection":[{"href":"https:\/\/www.beschaffungsstrategie.de\/index.php?rest_route=\/wp\/v2\/pages"}],"about":[{"href":"https:\/\/www.beschaffungsstrategie.de\/index.php?rest_route=\/wp\/v2\/types\/page"}],"author":[{"embeddable":true,"href":"https:\/\/www.beschaffungsstrategie.de\/index.php?rest_route=\/wp\/v2\/users\/1"}],"replies":[{"embeddable":true,"href":"https:\/\/www.beschaffungsstrategie.de\/index.php?rest_route=%2Fwp%2Fv2%2Fcomments&post=1941"}],"version-history":[{"count":3,"href":"https:\/\/www.beschaffungsstrategie.de\/index.php?rest_route=\/wp\/v2\/pages\/1941\/revisions"}],"predecessor-version":[{"id":4237,"href":"https:\/\/www.beschaffungsstrategie.de\/index.php?rest_route=\/wp\/v2\/pages\/1941\/revisions\/4237"}],"wp:attachment":[{"href":"https:\/\/www.beschaffungsstrategie.de\/index.php?rest_route=%2Fwp%2Fv2%2Fmedia&parent=1941"}],"curies":[{"name":"wp","href":"https:\/\/api.w.org\/{rel}","templated":true}]}}