{"id":1951,"date":"2014-01-17T16:44:38","date_gmt":"2014-01-17T14:44:38","guid":{"rendered":"http:\/\/www.beschaffungsstrategie.de\/?page_id=1951"},"modified":"2022-10-06T14:05:41","modified_gmt":"2022-10-06T12:05:41","slug":"5-fachtagung-einkauf-und-logistik","status":"publish","type":"page","link":"https:\/\/www.beschaffungsstrategie.de\/?page_id=1951","title":{"rendered":"5. Fachtagung Einkauf und Logistik"},"content":{"rendered":"<p>Fachbereich Betriebswirtschaft<\/p>\n<p>Aktuelle Entwicklungen in Einkauf und Logistik sowie Begegnungen zwischen Ehemaligen, aktuellen Studierenden sowie interessierten Firmen standen im Mittelpunkt der 5. Fachtagung Einkauf und Logistik der Technischen Hochschule N\u00fcrnberg Georg-Simon-Ohm.<\/p>\n<p><strong>Begr\u00fc\u00dfung<\/strong><br \/>\nProf. Dr. Roland Gegner, Dekan der Fakult\u00e4t Betriebswirtschaft, GSO Hochschule N\u00fcrnberg<\/p>\n<p><strong>Neues in Einkauf und Logistik an der GSO Hochschule<\/strong><br \/>\nProf. Dr. Gerhard He\u00df, Georg-Simon-Ohm Hochschule N\u00fcrnberg, Fakult\u00e4t Betriebswirtschaft<\/p>\n<p><strong>Die CO2-Emissionen in der textilen Supply Chain:<br \/>\n<\/strong>Bilanz und Optimierung<br \/>\nNorbert Jungmichel, Leiter des Gesch\u00e4ftsbereiches Klimaschutz, Carbon Footprint und Gr\u00fcne Logistik bei der Systain Consulting GmbH (Tochterunternehmen der Otto-Gruppe)<\/p>\n<p><strong>Risiken im Einkauf managen<\/strong><br \/>\nProf. Dr. Gerhard He\u00df, Georg-Simon-Ohm Hochschule N\u00fcrnberg, Fakult\u00e4t Betriebswirtschaft<\/p>\n<p><strong>Workshops:<\/strong><\/p>\n<ul>\n<li><strong>How to implement Best-cost-Country-Sourcing in a fast moving industry?<br \/>\n<\/strong>Detlef Milferst\u00e4dt, Director Purchasing, Infineon Technologies AG<\/li>\n<li><strong>Globale Beschaffung und Volatilit\u00e4t der Transportkosten<\/strong><br \/>\nGueltekin Battal, Sales Manager, Panalpina Welttransport GmbH<\/li>\n<li><strong>Beschaffung von IT-Dienstleistungen: Rahmenbedingungen f\u00fcr den Einkauf und Proze\u00dfgestaltung<\/strong><br \/>\nDr. Wolfgang Bremer, Senior Manager Corporate Procurement, adidas Group<\/li>\n<li><strong>Outsourcing der Logistik &#8211; Ziele &#8211; Vorgehen &#8211; Fu\u00dfangeln<\/strong><br \/>\nLothar Hofmann, Leiter Einkauf und Logistik, Wieland Electric GmbH<\/li>\n<\/ul>\n<p><strong>Forum Einkauf und Logistik:<br \/>\n<\/strong>Vorstellung von Verb\u00e4nden und Firmen, Kontaktangebote<\/p>\n","protected":false},"excerpt":{"rendered":"<p>Fachbereich Betriebswirtschaft Aktuelle Entwicklungen in Einkauf und Logistik sowie Begegnungen zwischen Ehemaligen, aktuellen Studierenden sowie interessierten Firmen standen im Mittelpunkt der 5. Fachtagung Einkauf und Logistik der Technischen Hochschule N\u00fcrnberg Georg-Simon-Ohm. Begr\u00fc\u00dfung Prof. Dr. Roland Gegner, Dekan der Fakult\u00e4t Betriebswirtschaft, &hellip; <a href=\"https:\/\/www.beschaffungsstrategie.de\/?page_id=1951\">Weiterlesen <span class=\"meta-nav\">&rarr;<\/span><\/a><\/p>\n","protected":false},"author":1,"featured_media":0,"parent":0,"menu_order":0,"comment_status":"closed","ping_status":"closed","template":"","meta":{"footnotes":""},"class_list":["post-1951","page","type-page","status-publish","hentry"],"_links":{"self":[{"href":"https:\/\/www.beschaffungsstrategie.de\/index.php?rest_route=\/wp\/v2\/pages\/1951","targetHints":{"allow":["GET"]}}],"collection":[{"href":"https:\/\/www.beschaffungsstrategie.de\/index.php?rest_route=\/wp\/v2\/pages"}],"about":[{"href":"https:\/\/www.beschaffungsstrategie.de\/index.php?rest_route=\/wp\/v2\/types\/page"}],"author":[{"embeddable":true,"href":"https:\/\/www.beschaffungsstrategie.de\/index.php?rest_route=\/wp\/v2\/users\/1"}],"replies":[{"embeddable":true,"href":"https:\/\/www.beschaffungsstrategie.de\/index.php?rest_route=%2Fwp%2Fv2%2Fcomments&post=1951"}],"version-history":[{"count":2,"href":"https:\/\/www.beschaffungsstrategie.de\/index.php?rest_route=\/wp\/v2\/pages\/1951\/revisions"}],"predecessor-version":[{"id":4239,"href":"https:\/\/www.beschaffungsstrategie.de\/index.php?rest_route=\/wp\/v2\/pages\/1951\/revisions\/4239"}],"wp:attachment":[{"href":"https:\/\/www.beschaffungsstrategie.de\/index.php?rest_route=%2Fwp%2Fv2%2Fmedia&parent=1951"}],"curies":[{"name":"wp","href":"https:\/\/api.w.org\/{rel}","templated":true}]}}