{"id":1955,"date":"2014-01-17T17:05:20","date_gmt":"2014-01-17T15:05:20","guid":{"rendered":"http:\/\/www.beschaffungsstrategie.de\/?page_id=1955"},"modified":"2024-09-17T11:47:55","modified_gmt":"2024-09-17T09:47:55","slug":"6-fachtagung-einkauf-und-logistik","status":"publish","type":"page","link":"https:\/\/www.beschaffungsstrategie.de\/?page_id=1955","title":{"rendered":"6. Fachtagung Einkauf und Logistik"},"content":{"rendered":"<p>Fachbereich Betriebswirtschaft<\/p>\n<p>Aktuelle Entwicklungen in Einkauf und Logistik sowie Begegnungen zwischen Ehemaligen, aktuellen Studierenden sowie interessierten Firmen standen im Mittelpunkt der 6. Fachtagung Einkauf und Logistik.<\/p>\n<p><strong>Begr\u00fc\u00dfung<br \/>\n<\/strong>Prof. Dr. Roland Gegner, Dekan Fakult\u00e4t BW an der Technischen Hochschule N\u00fcrnberg Georg-Simon-Ohm.<\/p>\n<p><strong>Neues in Einkauf und Logistik an der GSO Hochschule<\/strong><br \/>\nProf. Dr. Gerhard He\u00df, Georg-Simon-Ohm Hochschule N\u00fcrnberg<\/p>\n<p><strong>Einkaufssynergien in einer international expandierenden Unternehmensgruppe der Automobilzulieferindustrie<\/strong><br \/>\nCarsten Unverricht, Leitung Konzerneinkauf, Prevent Gruppe, Wolfsburg<\/p>\n<p><strong>Workshops:<\/strong><\/p>\n<ul>\n<li><strong>Organizational Design Considerations for Procurement@Gore<\/strong><br \/>\nPeter Amon, Leiter Supply Chain Management, Electronic Product Division, W. L. Gore &amp; Associates GmbH<\/li>\n<li><strong>Wirtschaftlichkeit im innerbetrieblichen Warentransport<\/strong><br \/>\nAlexander Reising, Leiter Prouktmarketing Deutschland und Linde Akademie<br \/>\nLinde Material Handling GmbH, Aschaffenburg<\/li>\n<li><strong>Wandel der Beschaffungsm\u00e4rkte und Konsequenzen im strategischen Einkauf<\/strong><br \/>\nHelmut Ackermann, Leitung Konzerneinkauf Mederer Gruppe (Marke Trolli), F\u00fcrth<\/li>\n<li><strong>Transportkostenbenchmark und mehr &#8230;..<\/strong><br \/>\n<strong>Ist Analyse-&gt;Soll Konzeption-&gt;Realisation-&gt;Monitoring<\/strong><br \/>\nWolfgang Sieber, Vertrieb S\u00fcddeutschland, CONTINETALE Frachten-Revisions-Gesellschaft Puttinger GmbH &amp; Co. KG, Braunschweig<\/li>\n<\/ul>\n<p><strong>Beherrschung der Variantenvielfalt in der Produktion durch schnelles Umr\u00fcsten<\/strong><br \/>\nProf. Dr. Peter Pautsch, Technische Hochschule N\u00fcrnberg Georg-Simon-Ohm<\/p>\n","protected":false},"excerpt":{"rendered":"<p>Fachbereich Betriebswirtschaft Aktuelle Entwicklungen in Einkauf und Logistik sowie Begegnungen zwischen Ehemaligen, aktuellen Studierenden sowie interessierten Firmen standen im Mittelpunkt der 6. Fachtagung Einkauf und Logistik. Begr\u00fc\u00dfung Prof. Dr. Roland Gegner, Dekan Fakult\u00e4t BW an der Technischen Hochschule N\u00fcrnberg Georg-Simon-Ohm. &hellip; <a href=\"https:\/\/www.beschaffungsstrategie.de\/?page_id=1955\">Weiterlesen <span class=\"meta-nav\">&rarr;<\/span><\/a><\/p>\n","protected":false},"author":1,"featured_media":0,"parent":0,"menu_order":0,"comment_status":"closed","ping_status":"closed","template":"","meta":{"footnotes":""},"class_list":["post-1955","page","type-page","status-publish","hentry"],"_links":{"self":[{"href":"https:\/\/www.beschaffungsstrategie.de\/index.php?rest_route=\/wp\/v2\/pages\/1955","targetHints":{"allow":["GET"]}}],"collection":[{"href":"https:\/\/www.beschaffungsstrategie.de\/index.php?rest_route=\/wp\/v2\/pages"}],"about":[{"href":"https:\/\/www.beschaffungsstrategie.de\/index.php?rest_route=\/wp\/v2\/types\/page"}],"author":[{"embeddable":true,"href":"https:\/\/www.beschaffungsstrategie.de\/index.php?rest_route=\/wp\/v2\/users\/1"}],"replies":[{"embeddable":true,"href":"https:\/\/www.beschaffungsstrategie.de\/index.php?rest_route=%2Fwp%2Fv2%2Fcomments&post=1955"}],"version-history":[{"count":3,"href":"https:\/\/www.beschaffungsstrategie.de\/index.php?rest_route=\/wp\/v2\/pages\/1955\/revisions"}],"predecessor-version":[{"id":4478,"href":"https:\/\/www.beschaffungsstrategie.de\/index.php?rest_route=\/wp\/v2\/pages\/1955\/revisions\/4478"}],"wp:attachment":[{"href":"https:\/\/www.beschaffungsstrategie.de\/index.php?rest_route=%2Fwp%2Fv2%2Fmedia&parent=1955"}],"curies":[{"name":"wp","href":"https:\/\/api.w.org\/{rel}","templated":true}]}}