{"id":1964,"date":"2014-01-17T18:05:22","date_gmt":"2014-01-17T16:05:22","guid":{"rendered":"http:\/\/www.beschaffungsstrategie.de\/?page_id=1964"},"modified":"2022-10-06T14:08:03","modified_gmt":"2022-10-06T12:08:03","slug":"8-fachtagung-einkauf-und-logistik","status":"publish","type":"page","link":"https:\/\/www.beschaffungsstrategie.de\/?page_id=1964","title":{"rendered":"8. Fachtagung Einkauf und Logistik"},"content":{"rendered":"<p>Fachbereich Betriebswirtschaft<\/p>\n<p>Interessante Begegnungen zwischen den Studierenden, Ehemaligen und der Wirtschaft waren das Ziel der 8. Fachtagung f\u00fcr Einkauf und Logistik der Technischen Hochschule N\u00fcrnberg Georg-Simon-Ohm. Dabei standen die Diskussion zu aktuellen Entwicklungen in Einkauf und Logistik und die M\u00f6glichkeit zu Kontakten im Mittelpunkt. Veranstalter war der Schwerpunkt Logistik in der Fakult\u00e4t Betriebswirtschaft der Technischen Hochschule N\u00fcrnberg Georg-Simon-Ohm.<\/p>\n<p><strong>Begr\u00fc\u00dfung<\/strong><br \/>\nProf. Dr. Uwe Mummert, Dekan Fakult\u00e4t BW an der Technischen Hochschule N\u00fcrnberg<\/p>\n<p><strong>Neues in Einkauf und Logistik an der Technischen Hochschule N\u00fcrnberg<\/strong><br \/>\nProf. Dr. Gerhard He\u00df, Technische Hochschule N\u00fcrnberg<\/p>\n<p><strong>Aufbau einer Ersatzteildistribution in Russland unter Beachtung einer wei\u00dfen Lieferkette<\/strong><br \/>\nAxel Burghart, Leiter Logistik, EOS GmbH &#8211; Electro Optical Systems, Krailing<\/p>\n<p><strong>Workshops:<\/strong><\/p>\n<ul>\n<li><strong>Effizienz und Automatisation im Operativen und Strategischen Einkauf durch Einf\u00fchrung von unterst\u00fctzenden Systemen am Beispiel SAP\/SRM<\/strong><br \/>\nKlaus Pause, Senior Manager C.P. OSP<br \/>\n(Corporate Procurement Operations, Services &amp; Projects) adidas AG<\/li>\n<li><strong>Transformation of SIXT &#8211; Building up an Entrepreneurial Purchasing Organization<\/strong><br \/>\nThorsten Leidermann, Head of Central Purchasing, Sixt AG M\u00fcnchen<\/li>\n<li><strong>Supply Chain Design &#8211; Logistiknetzwerkoptimierung f\u00fcr eine amerikanische Handelskette<\/strong><br \/>\nFinn von Hammerstein, Vice President, 4flow AG M\u00fcnchen<\/li>\n<li><strong>Preiserh\u00f6hungen wirksam abwehren! &#8211; Aufwandsoptimierte Methoden der Preisstrukturanalyse<\/strong><br \/>\nStephan Schmidt, Einkaufsleiter, Otto Graf GmbH, Teningen<\/li>\n<li><strong>Moderne Umschlagtechnologien f\u00fcr den Kombinierten Verkehr<\/strong><br \/>\nKarsten Kessel, bayernhafen Gruppe, Bereich Intermodal und Gesch\u00e4ftsf\u00fchrer baymodal Bamberg GmbH<\/li>\n<\/ul>\n<p><strong>Nachhaltige Entwicklung des strategischen Einkaufs<\/strong><br \/>\nProf. Dr. Gerhard He\u00df, Technische Hochschule N\u00fcrnberg<\/p>\n","protected":false},"excerpt":{"rendered":"<p>Fachbereich Betriebswirtschaft Interessante Begegnungen zwischen den Studierenden, Ehemaligen und der Wirtschaft waren das Ziel der 8. Fachtagung f\u00fcr Einkauf und Logistik der Technischen Hochschule N\u00fcrnberg Georg-Simon-Ohm. Dabei standen die Diskussion zu aktuellen Entwicklungen in Einkauf und Logistik und die M\u00f6glichkeit &hellip; <a href=\"https:\/\/www.beschaffungsstrategie.de\/?page_id=1964\">Weiterlesen <span class=\"meta-nav\">&rarr;<\/span><\/a><\/p>\n","protected":false},"author":1,"featured_media":0,"parent":0,"menu_order":0,"comment_status":"closed","ping_status":"closed","template":"","meta":{"footnotes":""},"class_list":["post-1964","page","type-page","status-publish","hentry"],"_links":{"self":[{"href":"https:\/\/www.beschaffungsstrategie.de\/index.php?rest_route=\/wp\/v2\/pages\/1964","targetHints":{"allow":["GET"]}}],"collection":[{"href":"https:\/\/www.beschaffungsstrategie.de\/index.php?rest_route=\/wp\/v2\/pages"}],"about":[{"href":"https:\/\/www.beschaffungsstrategie.de\/index.php?rest_route=\/wp\/v2\/types\/page"}],"author":[{"embeddable":true,"href":"https:\/\/www.beschaffungsstrategie.de\/index.php?rest_route=\/wp\/v2\/users\/1"}],"replies":[{"embeddable":true,"href":"https:\/\/www.beschaffungsstrategie.de\/index.php?rest_route=%2Fwp%2Fv2%2Fcomments&post=1964"}],"version-history":[{"count":3,"href":"https:\/\/www.beschaffungsstrategie.de\/index.php?rest_route=\/wp\/v2\/pages\/1964\/revisions"}],"predecessor-version":[{"id":4244,"href":"https:\/\/www.beschaffungsstrategie.de\/index.php?rest_route=\/wp\/v2\/pages\/1964\/revisions\/4244"}],"wp:attachment":[{"href":"https:\/\/www.beschaffungsstrategie.de\/index.php?rest_route=%2Fwp%2Fv2%2Fmedia&parent=1964"}],"curies":[{"name":"wp","href":"https:\/\/api.w.org\/{rel}","templated":true}]}}