{"id":1998,"date":"2014-01-23T12:57:30","date_gmt":"2014-01-23T10:57:30","guid":{"rendered":"http:\/\/www.beschaffungsstrategie.de\/?page_id=1998"},"modified":"2014-01-23T13:12:50","modified_gmt":"2014-01-23T11:12:50","slug":"lieferantenaudit-2","status":"publish","type":"page","link":"https:\/\/www.beschaffungsstrategie.de\/?page_id=1998","title":{"rendered":"Lieferantenaudit"},"content":{"rendered":"<p>Unter Audit (lat. \u201eAnh\u00f6rung\u201c) ist nach DIN EN ISO 9000:2005 ein \u201esystematischer, unabh\u00e4ngiger und dokumentierter Prozess zur Erlangung von Auditnachweisen und zu deren objektiver Auswertung, um zu ermitteln, inwieweit Auditkriterien erf\u00fcllt sind\u201c zu verstehen.<\/p>\n<p>Ein Kunde kann zur Sicherstellung der Qualit\u00e4tsf\u00e4higkeit des Lieferanten ein Lieferantenaudit durch einen erfahrenen Auditor (+Team), mit unterschiedlicher Auspr\u00e4gung (gem. Abbildung) durchf\u00fchren.<\/p>\n<p><a href=\"http:\/\/www.beschaffungsstrategie.de\/wp-content\/uploads\/2013\/06\/Lieferantenaudit.jpg\"><img loading=\"lazy\" decoding=\"async\" class=\"alignnone size-full wp-image-1995\" alt=\"Lieferantenaudit\" src=\"http:\/\/www.beschaffungsstrategie.de\/wp-content\/uploads\/2013\/06\/Lieferantenaudit.jpg\" width=\"818\" height=\"301\" srcset=\"https:\/\/www.beschaffungsstrategie.de\/wp-content\/uploads\/2013\/06\/Lieferantenaudit.jpg 818w, https:\/\/www.beschaffungsstrategie.de\/wp-content\/uploads\/2013\/06\/Lieferantenaudit-300x110.jpg 300w, https:\/\/www.beschaffungsstrategie.de\/wp-content\/uploads\/2013\/06\/Lieferantenaudit-500x183.jpg 500w\" sizes=\"auto, (max-width: 818px) 100vw, 818px\" \/><\/a><\/p>\n<p style=\"text-align: center;\">Arten von Qualit\u00e4tsaudits [nach Pfeifer; Qualit\u00e4tsmanagement;<br \/>\nCarl Hanser Verlag M\u00fcnchen; Bild 3.7-1<\/p>\n<p>Hauptinteressen der Auditoren beim Lieferanten [Vgl. Gietl; Leitfaden Qualit\u00e4tsauditoren; S. 13]:<\/p>\n<ul>\n<li>Kapazit\u00e4ten des Lieferanten<\/li>\n<li>Ber\u00fccksichtigung spezifischer Kundenforderungen (bspw. Verpackungsvorschriften, Verwendung von bestimmten Materialien, Einbezug vorgegebener Vorlieferanten)<\/li>\n<li>Qualit\u00e4tssichernde Ma\u00dfnahmen (bspw. Pr\u00fcfmethode zur Qualit\u00e4tssicherung, Gr\u00f6\u00dfe der Stichprobe)<\/li>\n<li>Liefertermineinhaltung<\/li>\n<li>Terminflexibilit\u00e4t<\/li>\n<\/ul>\n<p>Umfang des Lieferantenaudits, Termin und Dauer (in der Regel ein Arbeitstag) sollten dem Lieferanten rechtzeitig schriftlich angek\u00fcndigt werden [Vgl. Masing; Handbuch Qualit\u00e4tsmanagement; S. 560].<\/p>\n<p>Erfahrungen im asiatischen Beschaffungsraum zeigen, dass Lieferantenaudits ebenso einen wichtigen Beitrag zur Sicherung von Produkt- und Markenrechten leisten. Nur wenn die vertraglichen Inhalte mit den realen Gegebenheiten \u00fcbereinstimmen und diese Lieferanten tats\u00e4chlich ein gewisses Teilrisiko \u00fcbernehmen, sind Gesch\u00e4ftsbeziehungen langfristig erfolgreich [Vgl. Kammerer; Piraten, F\u00e4lscher; S. 222].<\/p>\n<p><span style=\"color: #ff0000;\">15M-Architektur:<br \/>\n<\/span> Modul 7: Gestaltungsfelder analysieren und strategische Optionen identifizieren [He\u00df; Supply-Strategien; S. 262]<\/p>\n<p><span style=\"color: #ff0000;\">Quellen\/Literaturhinweise:<\/span><br \/>\nGietl, Gerhard; Leitfaden f\u00fcr Qualit\u00e4tsauditoren; 3. Auflage (2009); Carl Hanser Verlag M\u00fcnchen<br \/>\n<a title=\"15M-Architektur\" href=\"http:\/\/www.beschaffungsstrategie.de\/?page_id=12\">He\u00df, Gerhard; Supply-Strategien in Einkauf und Beschaffung; 2. Auflage (2010); Gabler Verlag Wiesbaden<\/a><br \/>\nKammerer, J\u00f6rg in Fuchs, Hans-Joachim (Hrsg.); Piraten, F\u00e4lscher und Kopierer; Gabler Verlag Wiesbaden (2006)<br \/>\nMasing, Walter; Handbuch Qualit\u00e4tsmanagement; 5. Auflage (2007); Carl Hanser Verlag M\u00fcnchen<br \/>\nPfeifer, Tilo; Qualit\u00e4tsmanagment: Strategien \u2013 Methoden \u2013 Techniken; 3. Auflage (2001); Carl Hanser Verlag M\u00fcnchen<\/p>\n<p><span style=\"color: #ff0000;\">Verbundene Schlagworte:<\/span><br \/>\nExternes Audit, Zweitparteienaudit, Second Party Audits<\/p>\n<p><span style=\"color: #ff0000;\">Vertiefungen\/Studien: <\/span><\/p>\n<p><span style=\"color: #ff0000;\">Weiterf\u00fchrende Links:<\/span><br \/>\n<a href=\"http:\/\/books.google.de\/books?id=oOBZvS37ikwC&amp;pg=PA13&amp;dq=lieferantenaudit&amp;hl=de&amp;ei=HRhhTO2LFoa6jAfU58yTCQ&amp;sa=X&amp;oi=book_result&amp;ct=result&amp;resnum=6&amp;ved=0CFMQ6AEwBQ#v=onepage&amp;q=lieferantenaudit&amp;f=false\" target=\"_blank\">Gietl, Gerhard; Leitfaden f\u00fcr Qualit\u00e4tsauditoren; 3. Auflage (2009); Carl Hanser Verlag M\u00fcnchen<\/a><\/p>\n<p><a href=\"http:\/\/books.google.de\/books?id=VclfAUJccs0C&amp;printsec=frontcover&amp;dq=supply+strategien+in+einkauf+und+beschaffung&amp;hl=de&amp;ei=fylYTKOyNYz9sQbInLm8Cg&amp;sa=X&amp;oi=book_result&amp;ct=result&amp;resnum=1&amp;ved=0CDMQ6AEwAA#v=onepage&amp;q&amp;f=false\" target=\"_blank\">He\u00df, Gerhard; Supply-Strategien in Einkauf und Beschaffung; 2. Auflage (2010); Gabler Verlag Wiesbaden<\/a><\/p>\n<p><a href=\"http:\/\/books.google.de\/books?id=bmuY5u0ScbYC&amp;pg=PA222&amp;dq=lieferantenaudit&amp;hl=de&amp;ei=HRhhTO2LFoa6jAfU58yTCQ&amp;sa=X&amp;oi=book_result&amp;ct=result&amp;resnum=8&amp;ved=0CGAQ6AEwBw#v=onepage&amp;q=lieferantenaudit&amp;f=false\" target=\"_blank\">Kammerer, J\u00f6rg in Fuchs, Hans-Joachim (Hrsg.); Piraten, F\u00e4lscher und Kopierer; Gabler Verlag Wiesbaden (2006)<\/a><\/p>\n<p><a href=\"http:\/\/books.google.de\/books?id=vox39Ud7QLUC&amp;printsec=frontcover&amp;dq=masing+walter&amp;hl=de&amp;ei=yyhhTMbtMuPQ4waCtvmNCg&amp;sa=X&amp;oi=book_result&amp;ct=result&amp;resnum=1&amp;ved=0CC4Q6AEwAA#\" target=\"_blank\">Masing, Walter; Handbuch Qualit\u00e4tsmanagement; 5. Auflage (2007); Carl Hanser Verlag M\u00fcnchen<\/a><\/p>\n<p><a href=\"http:\/\/books.google.de\/books?id=1KGeQ74l6_QC&amp;pg=PA64&amp;dq=masing+walter&amp;hl=de&amp;ei=yyhhTMbtMuPQ4waCtvmNCg&amp;sa=X&amp;oi=book_result&amp;ct=result&amp;resnum=3&amp;ved=0CDwQ6AEwAg#v=onepage&amp;q=masing%20walter&amp;f=false\" target=\"_blank\">Ziege, Kathrin; Erstellung und Einf\u00fchrung eines Qualit\u00e4tsmanagementsystems; Europ\u00e4ischer Hochschulverlag Bremen (2009)<\/a><\/p>\n<p>Autor: M. Reed &#8211; 20100810<\/p>\n","protected":false},"excerpt":{"rendered":"<p>Unter Audit (lat. \u201eAnh\u00f6rung\u201c) ist nach DIN EN ISO 9000:2005 ein \u201esystematischer, unabh\u00e4ngiger und dokumentierter Prozess zur Erlangung von Auditnachweisen und zu deren objektiver Auswertung, um zu ermitteln, inwieweit Auditkriterien erf\u00fcllt sind\u201c zu verstehen. Ein Kunde kann zur Sicherstellung der &hellip; <a href=\"https:\/\/www.beschaffungsstrategie.de\/?page_id=1998\">Weiterlesen <span class=\"meta-nav\">&rarr;<\/span><\/a><\/p>\n","protected":false},"author":1,"featured_media":0,"parent":0,"menu_order":0,"comment_status":"closed","ping_status":"closed","template":"","meta":{"footnotes":""},"class_list":["post-1998","page","type-page","status-publish","hentry"],"_links":{"self":[{"href":"https:\/\/www.beschaffungsstrategie.de\/index.php?rest_route=\/wp\/v2\/pages\/1998","targetHints":{"allow":["GET"]}}],"collection":[{"href":"https:\/\/www.beschaffungsstrategie.de\/index.php?rest_route=\/wp\/v2\/pages"}],"about":[{"href":"https:\/\/www.beschaffungsstrategie.de\/index.php?rest_route=\/wp\/v2\/types\/page"}],"author":[{"embeddable":true,"href":"https:\/\/www.beschaffungsstrategie.de\/index.php?rest_route=\/wp\/v2\/users\/1"}],"replies":[{"embeddable":true,"href":"https:\/\/www.beschaffungsstrategie.de\/index.php?rest_route=%2Fwp%2Fv2%2Fcomments&post=1998"}],"version-history":[{"count":4,"href":"https:\/\/www.beschaffungsstrategie.de\/index.php?rest_route=\/wp\/v2\/pages\/1998\/revisions"}],"predecessor-version":[{"id":2007,"href":"https:\/\/www.beschaffungsstrategie.de\/index.php?rest_route=\/wp\/v2\/pages\/1998\/revisions\/2007"}],"wp:attachment":[{"href":"https:\/\/www.beschaffungsstrategie.de\/index.php?rest_route=%2Fwp%2Fv2%2Fmedia&parent=1998"}],"curies":[{"name":"wp","href":"https:\/\/api.w.org\/{rel}","templated":true}]}}