{"id":2877,"date":"2016-07-05T13:48:02","date_gmt":"2016-07-05T11:48:02","guid":{"rendered":"http:\/\/www.beschaffungsstrategie.de\/?page_id=2877"},"modified":"2019-06-15T21:36:44","modified_gmt":"2019-06-15T19:36:44","slug":"modul-n01","status":"publish","type":"page","link":"https:\/\/www.beschaffungsstrategie.de\/?page_id=2877","title":{"rendered":"Modul N01"},"content":{"rendered":"<p><strong>N01 Wertbeitragsziele festlegen<\/strong><\/p>\n<p><b>Im ersten Schritt werden die Wertbeitragsziele des Supply Managements definiert, die den Beitrag des Supply Managements zum Unternehmenserfolgs beschreiben. Ausgangspunkt sind die Unternehmens- und Wettbewerbsstrategien des Unternehmens, das Wertesystem und die Gesch\u00e4ftsziele. Ferner m\u00fcssen die Anforderungen ausgew\u00e4hlter Stakeholder ber\u00fccksichtigt werden, die ebenso einen Wertbeitrag f\u00fcr das Unternehmen leisten m\u00fcssen. Wertbeitragsziele k\u00f6nnen qualitativ formuliert sein und sollten soweit m\u00f6glich quantifiziert werden. Die Wertbeitragsziele legen die Basis f\u00fcr die Einkaufserfolgsmessung und werden im Performance Management (Modul N14 Supply-Strategie steuern) gesteuert.<\/b><\/p>\n<p><a href=\"http:\/\/www.beschaffungsstrategie.de\/wp-content\/uploads\/2016\/07\/N01.png\"><img loading=\"lazy\" decoding=\"async\" width=\"299\" height=\"342\" class=\"alignright wp-image-2878\" alt=\"N01\" src=\"http:\/\/www.beschaffungsstrategie.de\/wp-content\/uploads\/2016\/07\/N01.png\" srcset=\"https:\/\/www.beschaffungsstrategie.de\/wp-content\/uploads\/2016\/07\/N01.png 871w, https:\/\/www.beschaffungsstrategie.de\/wp-content\/uploads\/2016\/07\/N01-262x300.png 262w\" sizes=\"auto, (max-width: 299px) 100vw, 299px\" \/><\/a><\/p>\n","protected":false},"excerpt":{"rendered":"<p>N01 Wertbeitragsziele festlegen Im ersten Schritt werden die Wertbeitragsziele des Supply Managements definiert, die den Beitrag des Supply Managements zum Unternehmenserfolgs beschreiben. Ausgangspunkt sind die Unternehmens- und Wettbewerbsstrategien des Unternehmens, das Wertesystem und die Gesch\u00e4ftsziele. Ferner m\u00fcssen die Anforderungen ausgew\u00e4hlter &hellip; <a href=\"https:\/\/www.beschaffungsstrategie.de\/?page_id=2877\">Weiterlesen <span class=\"meta-nav\">&rarr;<\/span><\/a><\/p>\n","protected":false},"author":1,"featured_media":0,"parent":0,"menu_order":0,"comment_status":"closed","ping_status":"closed","template":"","meta":{"footnotes":""},"class_list":["post-2877","page","type-page","status-publish","hentry"],"_links":{"self":[{"href":"https:\/\/www.beschaffungsstrategie.de\/index.php?rest_route=\/wp\/v2\/pages\/2877","targetHints":{"allow":["GET"]}}],"collection":[{"href":"https:\/\/www.beschaffungsstrategie.de\/index.php?rest_route=\/wp\/v2\/pages"}],"about":[{"href":"https:\/\/www.beschaffungsstrategie.de\/index.php?rest_route=\/wp\/v2\/types\/page"}],"author":[{"embeddable":true,"href":"https:\/\/www.beschaffungsstrategie.de\/index.php?rest_route=\/wp\/v2\/users\/1"}],"replies":[{"embeddable":true,"href":"https:\/\/www.beschaffungsstrategie.de\/index.php?rest_route=%2Fwp%2Fv2%2Fcomments&post=2877"}],"version-history":[{"count":5,"href":"https:\/\/www.beschaffungsstrategie.de\/index.php?rest_route=\/wp\/v2\/pages\/2877\/revisions"}],"predecessor-version":[{"id":3455,"href":"https:\/\/www.beschaffungsstrategie.de\/index.php?rest_route=\/wp\/v2\/pages\/2877\/revisions\/3455"}],"wp:attachment":[{"href":"https:\/\/www.beschaffungsstrategie.de\/index.php?rest_route=%2Fwp%2Fv2%2Fmedia&parent=2877"}],"curies":[{"name":"wp","href":"https:\/\/api.w.org\/{rel}","templated":true}]}}