{"id":2896,"date":"2016-07-05T13:54:42","date_gmt":"2016-07-05T11:54:42","guid":{"rendered":"http:\/\/www.beschaffungsstrategie.de\/?page_id=2896"},"modified":"2019-06-15T21:50:48","modified_gmt":"2019-06-15T19:50:48","slug":"modul-n06","status":"publish","type":"page","link":"https:\/\/www.beschaffungsstrategie.de\/?page_id=2896","title":{"rendered":"Modul N06"},"content":{"rendered":"<p><strong>N06 Supply-Marktziele festlegen<\/strong><\/p>\n<p><b>Die Wertbeitragsziele (N01) und Strategietreiber (N04) werden auf die Supply-M\u00e4rkte herunter gebrochen. Ferner werden die marktspezifischen Anforderungen der Stakeholder analysiert, priorisiert und konsolidiert. Ggf. werden weitere Treibergr\u00f6\u00dfen f\u00fcr einzelne Supply-M\u00e4rkte definiert.<\/b><\/p>\n<p><a href=\"http:\/\/www.beschaffungsstrategie.de\/wp-content\/uploads\/2016\/07\/N06.png\"><img loading=\"lazy\" decoding=\"async\" width=\"299\" height=\"347\" class=\" wp-image-2897 alignleft\" alt=\"N06\" src=\"http:\/\/www.beschaffungsstrategie.de\/wp-content\/uploads\/2016\/07\/N06.png\" srcset=\"https:\/\/www.beschaffungsstrategie.de\/wp-content\/uploads\/2016\/07\/N06.png 871w, https:\/\/www.beschaffungsstrategie.de\/wp-content\/uploads\/2016\/07\/N06-259x300.png 259w\" sizes=\"auto, (max-width: 299px) 100vw, 299px\" \/><\/a><\/p>\n","protected":false},"excerpt":{"rendered":"<p>N06 Supply-Marktziele festlegen Die Wertbeitragsziele (N01) und Strategietreiber (N04) werden auf die Supply-M\u00e4rkte herunter gebrochen. Ferner werden die marktspezifischen Anforderungen der Stakeholder analysiert, priorisiert und konsolidiert. Ggf. werden weitere Treibergr\u00f6\u00dfen f\u00fcr einzelne Supply-M\u00e4rkte definiert.<\/p>\n","protected":false},"author":1,"featured_media":0,"parent":0,"menu_order":0,"comment_status":"closed","ping_status":"closed","template":"","meta":{"footnotes":""},"class_list":["post-2896","page","type-page","status-publish","hentry"],"_links":{"self":[{"href":"https:\/\/www.beschaffungsstrategie.de\/index.php?rest_route=\/wp\/v2\/pages\/2896","targetHints":{"allow":["GET"]}}],"collection":[{"href":"https:\/\/www.beschaffungsstrategie.de\/index.php?rest_route=\/wp\/v2\/pages"}],"about":[{"href":"https:\/\/www.beschaffungsstrategie.de\/index.php?rest_route=\/wp\/v2\/types\/page"}],"author":[{"embeddable":true,"href":"https:\/\/www.beschaffungsstrategie.de\/index.php?rest_route=\/wp\/v2\/users\/1"}],"replies":[{"embeddable":true,"href":"https:\/\/www.beschaffungsstrategie.de\/index.php?rest_route=%2Fwp%2Fv2%2Fcomments&post=2896"}],"version-history":[{"count":4,"href":"https:\/\/www.beschaffungsstrategie.de\/index.php?rest_route=\/wp\/v2\/pages\/2896\/revisions"}],"predecessor-version":[{"id":3461,"href":"https:\/\/www.beschaffungsstrategie.de\/index.php?rest_route=\/wp\/v2\/pages\/2896\/revisions\/3461"}],"wp:attachment":[{"href":"https:\/\/www.beschaffungsstrategie.de\/index.php?rest_route=%2Fwp%2Fv2%2Fmedia&parent=2896"}],"curies":[{"name":"wp","href":"https:\/\/api.w.org\/{rel}","templated":true}]}}