{"id":2899,"date":"2016-07-05T13:55:31","date_gmt":"2016-07-05T11:55:31","guid":{"rendered":"http:\/\/www.beschaffungsstrategie.de\/?page_id=2899"},"modified":"2019-06-15T21:51:18","modified_gmt":"2019-06-15T19:51:18","slug":"modul-n07","status":"publish","type":"page","link":"https:\/\/www.beschaffungsstrategie.de\/?page_id=2899","title":{"rendered":"Modul N07"},"content":{"rendered":"<p><strong>N07 Gestaltungsfelder analysieren<\/strong><\/p>\n<p><b>Mit Hilfe einer Checkliste werden alle m\u00f6glichen Gestaltungsfelder und Hebel im Supply-Markt auf ihre Relevanz hin gepr\u00fcft und ggf. n\u00e4her analysiert. Brainstorminghaft werden m\u00f6gliche strategische Handlungsoptionen gesammelt und konkretisiert. Hierbei werden auch Risikoaspekte ber\u00fccksichtigt.<\/b><\/p>\n<p><a href=\"http:\/\/www.beschaffungsstrategie.de\/wp-content\/uploads\/2016\/07\/N07.png\"><img loading=\"lazy\" decoding=\"async\" width=\"299\" height=\"347\" class=\" wp-image-2900 alignleft\" alt=\"N07\" src=\"http:\/\/www.beschaffungsstrategie.de\/wp-content\/uploads\/2016\/07\/N07.png\" srcset=\"https:\/\/www.beschaffungsstrategie.de\/wp-content\/uploads\/2016\/07\/N07.png 871w, https:\/\/www.beschaffungsstrategie.de\/wp-content\/uploads\/2016\/07\/N07-259x300.png 259w\" sizes=\"auto, (max-width: 299px) 100vw, 299px\" \/><\/a><\/p>\n","protected":false},"excerpt":{"rendered":"<p>N07 Gestaltungsfelder analysieren Mit Hilfe einer Checkliste werden alle m\u00f6glichen Gestaltungsfelder und Hebel im Supply-Markt auf ihre Relevanz hin gepr\u00fcft und ggf. n\u00e4her analysiert. Brainstorminghaft werden m\u00f6gliche strategische Handlungsoptionen gesammelt und konkretisiert. Hierbei werden auch Risikoaspekte ber\u00fccksichtigt.<\/p>\n","protected":false},"author":1,"featured_media":0,"parent":0,"menu_order":0,"comment_status":"closed","ping_status":"closed","template":"","meta":{"footnotes":""},"class_list":["post-2899","page","type-page","status-publish","hentry"],"_links":{"self":[{"href":"https:\/\/www.beschaffungsstrategie.de\/index.php?rest_route=\/wp\/v2\/pages\/2899","targetHints":{"allow":["GET"]}}],"collection":[{"href":"https:\/\/www.beschaffungsstrategie.de\/index.php?rest_route=\/wp\/v2\/pages"}],"about":[{"href":"https:\/\/www.beschaffungsstrategie.de\/index.php?rest_route=\/wp\/v2\/types\/page"}],"author":[{"embeddable":true,"href":"https:\/\/www.beschaffungsstrategie.de\/index.php?rest_route=\/wp\/v2\/users\/1"}],"replies":[{"embeddable":true,"href":"https:\/\/www.beschaffungsstrategie.de\/index.php?rest_route=%2Fwp%2Fv2%2Fcomments&post=2899"}],"version-history":[{"count":5,"href":"https:\/\/www.beschaffungsstrategie.de\/index.php?rest_route=\/wp\/v2\/pages\/2899\/revisions"}],"predecessor-version":[{"id":3462,"href":"https:\/\/www.beschaffungsstrategie.de\/index.php?rest_route=\/wp\/v2\/pages\/2899\/revisions\/3462"}],"wp:attachment":[{"href":"https:\/\/www.beschaffungsstrategie.de\/index.php?rest_route=%2Fwp%2Fv2%2Fmedia&parent=2899"}],"curies":[{"name":"wp","href":"https:\/\/api.w.org\/{rel}","templated":true}]}}