{"id":2902,"date":"2016-07-05T13:56:23","date_gmt":"2016-07-05T11:56:23","guid":{"rendered":"http:\/\/www.beschaffungsstrategie.de\/?page_id=2902"},"modified":"2019-06-15T21:51:48","modified_gmt":"2019-06-15T19:51:48","slug":"modul-n08","status":"publish","type":"page","link":"https:\/\/www.beschaffungsstrategie.de\/?page_id=2902","title":{"rendered":"Modul N08"},"content":{"rendered":"<p><strong>N08 Supply-Marktstrategie formulieren<\/strong><\/p>\n<p>Aus den hoffentlich vielen Verbesserungsideen in N07 wird die Strategie in Form von strategischen Sto\u00dfrichtungen abgeleitet. Kriterien f\u00fcr die Wahl der strategischen Sto\u00dfrichtungen sind das strategische Erfolgspotenzial sowie die Stimmigkeit mit der Unternehmens- und der Einkaufsstrategie.<\/p>\n<ul>\n<li><b><\/b><img loading=\"lazy\" decoding=\"async\" width=\"299\" height=\"347\" class=\" wp-image-2903 alignleft\" alt=\"N08\" src=\"http:\/\/www.beschaffungsstrategie.de\/wp-content\/uploads\/2016\/07\/N08.png\" srcset=\"https:\/\/www.beschaffungsstrategie.de\/wp-content\/uploads\/2016\/07\/N08.png 871w, https:\/\/www.beschaffungsstrategie.de\/wp-content\/uploads\/2016\/07\/N08-259x300.png 259w\" sizes=\"auto, (max-width: 299px) 100vw, 299px\" \/><\/li>\n<\/ul>\n<p>&nbsp;<\/p>\n<p>&nbsp;<\/p>\n<p>&nbsp;<\/p>\n<p>&nbsp;<\/p>\n<p>&nbsp;<\/p>\n<p>&nbsp;<\/p>\n<p>&nbsp;<\/p>\n<p>&nbsp;<\/p>\n","protected":false},"excerpt":{"rendered":"<p>N08 Supply-Marktstrategie formulieren Aus den hoffentlich vielen Verbesserungsideen in N07 wird die Strategie in Form von strategischen Sto\u00dfrichtungen abgeleitet. Kriterien f\u00fcr die Wahl der strategischen Sto\u00dfrichtungen sind das strategische Erfolgspotenzial sowie die Stimmigkeit mit der Unternehmens- und der Einkaufsstrategie. &nbsp; &hellip; <a href=\"https:\/\/www.beschaffungsstrategie.de\/?page_id=2902\">Weiterlesen <span class=\"meta-nav\">&rarr;<\/span><\/a><\/p>\n","protected":false},"author":1,"featured_media":0,"parent":0,"menu_order":0,"comment_status":"closed","ping_status":"closed","template":"","meta":{"footnotes":""},"class_list":["post-2902","page","type-page","status-publish","hentry"],"_links":{"self":[{"href":"https:\/\/www.beschaffungsstrategie.de\/index.php?rest_route=\/wp\/v2\/pages\/2902","targetHints":{"allow":["GET"]}}],"collection":[{"href":"https:\/\/www.beschaffungsstrategie.de\/index.php?rest_route=\/wp\/v2\/pages"}],"about":[{"href":"https:\/\/www.beschaffungsstrategie.de\/index.php?rest_route=\/wp\/v2\/types\/page"}],"author":[{"embeddable":true,"href":"https:\/\/www.beschaffungsstrategie.de\/index.php?rest_route=\/wp\/v2\/users\/1"}],"replies":[{"embeddable":true,"href":"https:\/\/www.beschaffungsstrategie.de\/index.php?rest_route=%2Fwp%2Fv2%2Fcomments&post=2902"}],"version-history":[{"count":7,"href":"https:\/\/www.beschaffungsstrategie.de\/index.php?rest_route=\/wp\/v2\/pages\/2902\/revisions"}],"predecessor-version":[{"id":3463,"href":"https:\/\/www.beschaffungsstrategie.de\/index.php?rest_route=\/wp\/v2\/pages\/2902\/revisions\/3463"}],"wp:attachment":[{"href":"https:\/\/www.beschaffungsstrategie.de\/index.php?rest_route=%2Fwp%2Fv2%2Fmedia&parent=2902"}],"curies":[{"name":"wp","href":"https:\/\/api.w.org\/{rel}","templated":true}]}}