{"id":2905,"date":"2016-07-05T13:57:17","date_gmt":"2016-07-05T11:57:17","guid":{"rendered":"http:\/\/www.beschaffungsstrategie.de\/?page_id=2905"},"modified":"2019-06-15T21:52:19","modified_gmt":"2019-06-15T19:52:19","slug":"modul-n09","status":"publish","type":"page","link":"https:\/\/www.beschaffungsstrategie.de\/?page_id=2905","title":{"rendered":"Modul N09"},"content":{"rendered":"<p><strong>N09 Lieferanten bewerten<\/strong><\/p>\n<p><b>Die vergangenen Leistungen sowie die zuk\u00fcnftigen Potenziale der Lieferanten werden in diesem Modul bewertet. Sie dienen als Basis f\u00fcr die zuk\u00fcnftige Zusammenarbeit mit den Lieferanten.<\/b><\/p>\n<p><img loading=\"lazy\" decoding=\"async\" width=\"299\" height=\"346\" class=\"alignright wp-image-2906\" alt=\"N09\" src=\"http:\/\/www.beschaffungsstrategie.de\/wp-content\/uploads\/2016\/07\/N09.png\" srcset=\"https:\/\/www.beschaffungsstrategie.de\/wp-content\/uploads\/2016\/07\/N09.png 871w, https:\/\/www.beschaffungsstrategie.de\/wp-content\/uploads\/2016\/07\/N09-259x300.png 259w\" sizes=\"auto, (max-width: 299px) 100vw, 299px\" \/><\/p>\n<p>&nbsp;<\/p>\n<p>&nbsp;<\/p>\n<p>&nbsp;<\/p>\n<p>&nbsp;<\/p>\n<p>&nbsp;<\/p>\n","protected":false},"excerpt":{"rendered":"<p>N09 Lieferanten bewerten Die vergangenen Leistungen sowie die zuk\u00fcnftigen Potenziale der Lieferanten werden in diesem Modul bewertet. Sie dienen als Basis f\u00fcr die zuk\u00fcnftige Zusammenarbeit mit den Lieferanten. &nbsp; &nbsp; &nbsp; &nbsp; &nbsp;<\/p>\n","protected":false},"author":1,"featured_media":0,"parent":0,"menu_order":0,"comment_status":"closed","ping_status":"closed","template":"","meta":{"footnotes":""},"class_list":["post-2905","page","type-page","status-publish","hentry"],"_links":{"self":[{"href":"https:\/\/www.beschaffungsstrategie.de\/index.php?rest_route=\/wp\/v2\/pages\/2905","targetHints":{"allow":["GET"]}}],"collection":[{"href":"https:\/\/www.beschaffungsstrategie.de\/index.php?rest_route=\/wp\/v2\/pages"}],"about":[{"href":"https:\/\/www.beschaffungsstrategie.de\/index.php?rest_route=\/wp\/v2\/types\/page"}],"author":[{"embeddable":true,"href":"https:\/\/www.beschaffungsstrategie.de\/index.php?rest_route=\/wp\/v2\/users\/1"}],"replies":[{"embeddable":true,"href":"https:\/\/www.beschaffungsstrategie.de\/index.php?rest_route=%2Fwp%2Fv2%2Fcomments&post=2905"}],"version-history":[{"count":6,"href":"https:\/\/www.beschaffungsstrategie.de\/index.php?rest_route=\/wp\/v2\/pages\/2905\/revisions"}],"predecessor-version":[{"id":3464,"href":"https:\/\/www.beschaffungsstrategie.de\/index.php?rest_route=\/wp\/v2\/pages\/2905\/revisions\/3464"}],"wp:attachment":[{"href":"https:\/\/www.beschaffungsstrategie.de\/index.php?rest_route=%2Fwp%2Fv2%2Fmedia&parent=2905"}],"curies":[{"name":"wp","href":"https:\/\/api.w.org\/{rel}","templated":true}]}}