{"id":2911,"date":"2016-07-05T13:59:00","date_gmt":"2016-07-05T11:59:00","guid":{"rendered":"http:\/\/www.beschaffungsstrategie.de\/?page_id=2911"},"modified":"2019-06-15T21:53:15","modified_gmt":"2019-06-15T19:53:15","slug":"modul-n11","status":"publish","type":"page","link":"https:\/\/www.beschaffungsstrategie.de\/?page_id=2911","title":{"rendered":"Modul N11"},"content":{"rendered":"<p><strong>N11 Lieferantenklassifizierung, Lieferantenziele &amp; -strategie formulieren<\/strong><\/p>\n<p><b>Die Lieferanten werden nach Art und Grad der strategischen Zusammenarbeit klassifiziert. Die Klassifizierung stellt den Rahmen f\u00fcr die Lieferantenstrategie zur Verf\u00fcgung. Die Lieferantenstrategie beschreibt die zuk\u00fcnftige Ausrichtung in der Zusammenarbeit des Unternehmens mit einem bestimmten Lieferanten sowie die Ziele und Projekte, um die Zusammenarbeit voranzutreiben.<\/b><\/p>\n<p><a href=\"http:\/\/www.beschaffungsstrategie.de\/wp-content\/uploads\/2016\/07\/N11.png\"><img loading=\"lazy\" decoding=\"async\" width=\"299\" height=\"365\" class=\"alignright wp-image-2912\" alt=\"N11\" src=\"http:\/\/www.beschaffungsstrategie.de\/wp-content\/uploads\/2016\/07\/N11.png\" srcset=\"https:\/\/www.beschaffungsstrategie.de\/wp-content\/uploads\/2016\/07\/N11.png 871w, https:\/\/www.beschaffungsstrategie.de\/wp-content\/uploads\/2016\/07\/N11-246x300.png 246w, https:\/\/www.beschaffungsstrategie.de\/wp-content\/uploads\/2016\/07\/N11-838x1024.png 838w\" sizes=\"auto, (max-width: 299px) 100vw, 299px\" \/><br \/>\n<\/a><\/p>\n","protected":false},"excerpt":{"rendered":"<p>N11 Lieferantenklassifizierung, Lieferantenziele &amp; -strategie formulieren Die Lieferanten werden nach Art und Grad der strategischen Zusammenarbeit klassifiziert. Die Klassifizierung stellt den Rahmen f\u00fcr die Lieferantenstrategie zur Verf\u00fcgung. Die Lieferantenstrategie beschreibt die zuk\u00fcnftige Ausrichtung in der Zusammenarbeit des Unternehmens mit einem &hellip; <a href=\"https:\/\/www.beschaffungsstrategie.de\/?page_id=2911\">Weiterlesen <span class=\"meta-nav\">&rarr;<\/span><\/a><\/p>\n","protected":false},"author":1,"featured_media":0,"parent":0,"menu_order":0,"comment_status":"closed","ping_status":"closed","template":"","meta":{"footnotes":""},"class_list":["post-2911","page","type-page","status-publish","hentry"],"_links":{"self":[{"href":"https:\/\/www.beschaffungsstrategie.de\/index.php?rest_route=\/wp\/v2\/pages\/2911","targetHints":{"allow":["GET"]}}],"collection":[{"href":"https:\/\/www.beschaffungsstrategie.de\/index.php?rest_route=\/wp\/v2\/pages"}],"about":[{"href":"https:\/\/www.beschaffungsstrategie.de\/index.php?rest_route=\/wp\/v2\/types\/page"}],"author":[{"embeddable":true,"href":"https:\/\/www.beschaffungsstrategie.de\/index.php?rest_route=\/wp\/v2\/users\/1"}],"replies":[{"embeddable":true,"href":"https:\/\/www.beschaffungsstrategie.de\/index.php?rest_route=%2Fwp%2Fv2%2Fcomments&post=2911"}],"version-history":[{"count":5,"href":"https:\/\/www.beschaffungsstrategie.de\/index.php?rest_route=\/wp\/v2\/pages\/2911\/revisions"}],"predecessor-version":[{"id":3466,"href":"https:\/\/www.beschaffungsstrategie.de\/index.php?rest_route=\/wp\/v2\/pages\/2911\/revisions\/3466"}],"wp:attachment":[{"href":"https:\/\/www.beschaffungsstrategie.de\/index.php?rest_route=%2Fwp%2Fv2%2Fmedia&parent=2911"}],"curies":[{"name":"wp","href":"https:\/\/api.w.org\/{rel}","templated":true}]}}