{"id":432,"date":"2013-06-17T15:36:27","date_gmt":"2013-06-17T13:36:27","guid":{"rendered":"http:\/\/www.materialgruppe.de\/?page_id=432"},"modified":"2024-09-16T17:42:11","modified_gmt":"2024-09-16T15:42:11","slug":"kontakt","status":"publish","type":"page","link":"https:\/\/www.beschaffungsstrategie.de\/?page_id=432","title":{"rendered":"\u00dcber uns"},"content":{"rendered":"\n<p class=\"has-text-align-right\"><\/p>\n\n\n<p style=\"text-align: right;\"><img loading=\"lazy\" decoding=\"async\" class=\"wp-image-4248 size-medium alignleft\" src=\"http:\/\/www.beschaffungsstrategie.de\/wp-content\/uploads\/2022\/10\/Bild_GH_72dpi-300x227.jpg\" alt=\"\" width=\"300\" height=\"227\" srcset=\"https:\/\/www.beschaffungsstrategie.de\/wp-content\/uploads\/2022\/10\/Bild_GH_72dpi-300x227.jpg 300w, https:\/\/www.beschaffungsstrategie.de\/wp-content\/uploads\/2022\/10\/Bild_GH_72dpi-1024x776.jpg 1024w, https:\/\/www.beschaffungsstrategie.de\/wp-content\/uploads\/2022\/10\/Bild_GH_72dpi-768x582.jpg 768w, https:\/\/www.beschaffungsstrategie.de\/wp-content\/uploads\/2022\/10\/Bild_GH_72dpi-1536x1164.jpg 1536w, https:\/\/www.beschaffungsstrategie.de\/wp-content\/uploads\/2022\/10\/Bild_GH_72dpi-396x300.jpg 396w, https:\/\/www.beschaffungsstrategie.de\/wp-content\/uploads\/2022\/10\/Bild_GH_72dpi.jpg 1600w\" sizes=\"auto, (max-width: 300px) 100vw, 300px\" \/>Institut f\u00fcr Beschaffungsstrategie<br \/>Prof. Dr. Gerhard He\u00df<\/p>\n<p style=\"text-align: right;\">mobil: 0171 . 14 52 506<br \/>E-mail: <a href=\"http:\/\/www.beschaffungsstrategie.de\/?page_id=1698\">Institut f\u00fcr Beschaffungsstrategie<\/a><\/p>\n<h1>\u00a0<\/h1>\n\n\n<p><\/p>\n","protected":false},"excerpt":{"rendered":"<p>Institut f\u00fcr BeschaffungsstrategieProf. Dr. Gerhard He\u00df mobil: 0171 . 14 52 506E-mail: Institut f\u00fcr Beschaffungsstrategie \u00a0<\/p>\n","protected":false},"author":1,"featured_media":0,"parent":0,"menu_order":0,"comment_status":"closed","ping_status":"closed","template":"","meta":{"footnotes":""},"class_list":["post-432","page","type-page","status-publish","hentry"],"_links":{"self":[{"href":"https:\/\/www.beschaffungsstrategie.de\/index.php?rest_route=\/wp\/v2\/pages\/432","targetHints":{"allow":["GET"]}}],"collection":[{"href":"https:\/\/www.beschaffungsstrategie.de\/index.php?rest_route=\/wp\/v2\/pages"}],"about":[{"href":"https:\/\/www.beschaffungsstrategie.de\/index.php?rest_route=\/wp\/v2\/types\/page"}],"author":[{"embeddable":true,"href":"https:\/\/www.beschaffungsstrategie.de\/index.php?rest_route=\/wp\/v2\/users\/1"}],"replies":[{"embeddable":true,"href":"https:\/\/www.beschaffungsstrategie.de\/index.php?rest_route=%2Fwp%2Fv2%2Fcomments&post=432"}],"version-history":[{"count":14,"href":"https:\/\/www.beschaffungsstrategie.de\/index.php?rest_route=\/wp\/v2\/pages\/432\/revisions"}],"predecessor-version":[{"id":4467,"href":"https:\/\/www.beschaffungsstrategie.de\/index.php?rest_route=\/wp\/v2\/pages\/432\/revisions\/4467"}],"wp:attachment":[{"href":"https:\/\/www.beschaffungsstrategie.de\/index.php?rest_route=%2Fwp%2Fv2%2Fmedia&parent=432"}],"curies":[{"name":"wp","href":"https:\/\/api.w.org\/{rel}","templated":true}]}}