{"id":440,"date":"2013-06-17T16:40:24","date_gmt":"2013-06-17T14:40:24","guid":{"rendered":"http:\/\/www.materialgruppe.de\/?page_id=440"},"modified":"2025-02-28T15:02:48","modified_gmt":"2025-02-28T14:02:48","slug":"glossar","status":"publish","type":"page","link":"https:\/\/www.beschaffungsstrategie.de\/?page_id=440","title":{"rendered":"Glossar"},"content":{"rendered":"<p>Im Glossar werden wesentliche Begriffe im Supply Management vorgestellt. Hierbei wird versucht, die Begriffe durchg\u00e4ngig in Bezug auf die 15M-Architektur\u00ae zu definieren.<\/p>\n<p>Mit dem Glossar k\u00f6nnen einzelne Fragestellungen und Begriffe tiefer gehend betrachtet werden als in der Ver\u00f6ffentlichung \u201cSupply-Strategien in Einkauf und Beschaffung\u201d m\u00f6glich ist. Insbesondere k\u00f6nnen weiterf\u00fchrende Quellen und Links angeboten werden.<\/p>\n<p>Begriffe, die in der Praxis in unterschiedlicher Weise verwendet werden, werden in ihrem Bezug auf die 15M-Architektur\u00ae und in ihren anderen Verwendungsformen vorgestellt. Ferner besteht die M\u00f6glichkeit synonyme Begriffe aufeinander zu beziehen.<\/p>\n<p><a title=\"ABC\" href=\"http:\/\/www.beschaffungsstrategie.de\/?page_id=903\">ABC<\/a><br \/>\n<a title=\"DEF\" href=\"http:\/\/www.beschaffungsstrategie.de\/?page_id=905\">DEF<\/a><br \/>\n<a title=\"GHI\" href=\"http:\/\/www.beschaffungsstrategie.de\/?page_id=908\">GHI<\/a><br \/>\n<a title=\"JKL\" href=\"http:\/\/www.beschaffungsstrategie.de\/?page_id=910\">JKL<\/a><br \/>\n<a title=\"MNO\" href=\"http:\/\/www.beschaffungsstrategie.de\/?page_id=912\">MNO<\/a><br \/>\n<a title=\"PQR\" href=\"http:\/\/www.beschaffungsstrategie.de\/?page_id=995\">PQR<\/a><br \/>\n<a title=\"STU\" href=\"http:\/\/www.beschaffungsstrategie.de\/?page_id=997\">STU<\/a><br \/>\n<a title=\"VWXYZ\" href=\"http:\/\/www.beschaffungsstrategie.de\/?page_id=999\">VWXYZ<\/a><\/p>\n","protected":false},"excerpt":{"rendered":"<p>Im Glossar werden wesentliche Begriffe im Supply Management vorgestellt. Hierbei wird versucht, die Begriffe durchg\u00e4ngig in Bezug auf die 15M-Architektur\u00ae zu definieren. Mit dem Glossar k\u00f6nnen einzelne Fragestellungen und Begriffe tiefer gehend betrachtet werden als in der Ver\u00f6ffentlichung \u201cSupply-Strategien in &hellip; <a href=\"https:\/\/www.beschaffungsstrategie.de\/?page_id=440\">Weiterlesen <span class=\"meta-nav\">&rarr;<\/span><\/a><\/p>\n","protected":false},"author":1,"featured_media":0,"parent":0,"menu_order":0,"comment_status":"closed","ping_status":"closed","template":"","meta":{"footnotes":""},"class_list":["post-440","page","type-page","status-publish","hentry"],"_links":{"self":[{"href":"https:\/\/www.beschaffungsstrategie.de\/index.php?rest_route=\/wp\/v2\/pages\/440","targetHints":{"allow":["GET"]}}],"collection":[{"href":"https:\/\/www.beschaffungsstrategie.de\/index.php?rest_route=\/wp\/v2\/pages"}],"about":[{"href":"https:\/\/www.beschaffungsstrategie.de\/index.php?rest_route=\/wp\/v2\/types\/page"}],"author":[{"embeddable":true,"href":"https:\/\/www.beschaffungsstrategie.de\/index.php?rest_route=\/wp\/v2\/users\/1"}],"replies":[{"embeddable":true,"href":"https:\/\/www.beschaffungsstrategie.de\/index.php?rest_route=%2Fwp%2Fv2%2Fcomments&post=440"}],"version-history":[{"count":5,"href":"https:\/\/www.beschaffungsstrategie.de\/index.php?rest_route=\/wp\/v2\/pages\/440\/revisions"}],"predecessor-version":[{"id":1864,"href":"https:\/\/www.beschaffungsstrategie.de\/index.php?rest_route=\/wp\/v2\/pages\/440\/revisions\/1864"}],"wp:attachment":[{"href":"https:\/\/www.beschaffungsstrategie.de\/index.php?rest_route=%2Fwp%2Fv2%2Fmedia&parent=440"}],"curies":[{"name":"wp","href":"https:\/\/api.w.org\/{rel}","templated":true}]}}