{"id":573,"date":"2013-06-22T12:09:23","date_gmt":"2013-06-22T10:09:23","guid":{"rendered":"http:\/\/www.materialgruppe.de\/?page_id=573"},"modified":"2023-11-24T17:59:11","modified_gmt":"2023-11-24T16:59:11","slug":"fur-studierende","status":"publish","type":"page","link":"https:\/\/www.beschaffungsstrategie.de\/?page_id=573","title":{"rendered":"F\u00fcr Studierende"},"content":{"rendered":"<h2><span style=\"font-size: 14px;\"><span style=\"text-decoration: underline;\"><span style=\"color: #1982d1; text-decoration: underline;\">Sprechstunde<\/span><\/span><br \/><\/span><\/h2>\n<h2><span style=\"font-size: 14px; color: #000000;\">Im Moodlekurs <em>Sprechstunde He\u00df<\/em> finden Sie zwei Doodle mit den aktuellen Sprechstundenzeiten \u201eSprechstunde in Pr\u00e4senz\u201c und \u201eSprechstunde Online\u201c.<\/span><\/h2>\n<p>\u00a0<\/p>\n<h2><span style=\"font-size: 14px;\"><span style=\"text-decoration: underline;\"><span style=\"color: #1982d1; text-decoration: underline;\">Masterstudiengang<br \/><\/span><\/span><\/span><span style=\"font-size: 14px;\"><span style=\"color: #1982d1;\">Master of Arts Betriebswirtschaft &#8211; Logistik, Einkauf und Supply Chain Management<\/span><\/span><\/h2>\n<p>Ziel der Spezialisierung &#8222;Logistik, Einkauf und SCM&#8220; ist die bestm\u00f6gliche Vorbereitung der Masterstudierenden auf zuk\u00fcnftige F\u00fchrungsaufgaben in Industrie-, Handles, und Dienstleistungsunternehmen.<\/p>\n<p>Weitere Informationen entnehmen Sie bitte dem <a href=\"http:\/\/www.beschaffungsstrategie.de\/wp-content\/uploads\/2023\/02\/THN_0565_INFO_BW_MA_Logistik_Einkauf_und_Supply_ChainManagement_DE_public.pdf\">Flyer<\/a> oder direkt auf der Website \u00a0<a href=\"https:\/\/www.th-nuernberg.de\/fakultaeten\/bw\/studium\/master-betriebswirtschaft-ma\/\">TH N\u00fcrnberg Georg Simon Ohm<\/a>.<\/p>\n\n\n<div class=\"wp-block-columns is-layout-flex wp-container-core-columns-is-layout-9d6595d7 wp-block-columns-is-layout-flex\">\n<div class=\"wp-block-column is-layout-flow wp-block-column-is-layout-flow\" style=\"flex-basis:100%\">\n<figure class=\"wp-block-gallery has-nested-images columns-default is-cropped wp-block-gallery-1 is-layout-flex wp-block-gallery-is-layout-flex\">\n<figure class=\"wp-block-image size-large\"><a href=\"https:\/\/www.beschaffungsstrategie.de\/wp-content\/uploads\/2023\/02\/TH_Flyer_S1.png\"><img loading=\"lazy\" decoding=\"async\" width=\"1024\" height=\"725\" data-id=\"4338\" src=\"https:\/\/www.beschaffungsstrategie.de\/wp-content\/uploads\/2023\/02\/TH_Flyer_S1-1024x725.png\" alt=\"\" class=\"wp-image-4338\" srcset=\"https:\/\/www.beschaffungsstrategie.de\/wp-content\/uploads\/2023\/02\/TH_Flyer_S1-1024x725.png 1024w, https:\/\/www.beschaffungsstrategie.de\/wp-content\/uploads\/2023\/02\/TH_Flyer_S1-300x212.png 300w, https:\/\/www.beschaffungsstrategie.de\/wp-content\/uploads\/2023\/02\/TH_Flyer_S1-768x544.png 768w, https:\/\/www.beschaffungsstrategie.de\/wp-content\/uploads\/2023\/02\/TH_Flyer_S1-1536x1087.png 1536w, https:\/\/www.beschaffungsstrategie.de\/wp-content\/uploads\/2023\/02\/TH_Flyer_S1-424x300.png 424w, https:\/\/www.beschaffungsstrategie.de\/wp-content\/uploads\/2023\/02\/TH_Flyer_S1.png 1992w\" sizes=\"auto, (max-width: 1024px) 100vw, 1024px\" \/><\/a><\/figure>\n\n\n\n<figure class=\"wp-block-image size-large\"><a href=\"https:\/\/www.beschaffungsstrategie.de\/wp-content\/uploads\/2023\/02\/TH_Flyer_S2.png\"><img loading=\"lazy\" decoding=\"async\" width=\"1024\" height=\"724\" data-id=\"4337\" src=\"https:\/\/www.beschaffungsstrategie.de\/wp-content\/uploads\/2023\/02\/TH_Flyer_S2-1024x724.png\" alt=\"\" class=\"wp-image-4337\" srcset=\"https:\/\/www.beschaffungsstrategie.de\/wp-content\/uploads\/2023\/02\/TH_Flyer_S2-1024x724.png 1024w, https:\/\/www.beschaffungsstrategie.de\/wp-content\/uploads\/2023\/02\/TH_Flyer_S2-300x212.png 300w, https:\/\/www.beschaffungsstrategie.de\/wp-content\/uploads\/2023\/02\/TH_Flyer_S2-768x543.png 768w, https:\/\/www.beschaffungsstrategie.de\/wp-content\/uploads\/2023\/02\/TH_Flyer_S2-1536x1086.png 1536w, https:\/\/www.beschaffungsstrategie.de\/wp-content\/uploads\/2023\/02\/TH_Flyer_S2-424x300.png 424w, https:\/\/www.beschaffungsstrategie.de\/wp-content\/uploads\/2023\/02\/TH_Flyer_S2.png 1986w\" sizes=\"auto, (max-width: 1024px) 100vw, 1024px\" \/><\/a><\/figure>\n<\/figure>\n<\/div>\n<\/div>\n\n\n\n<p class=\"has-blue-color has-text-color\"><strong>\u00dcber die unterstehenden Buttons erhalten Sie weitere Informationen zu den Themen:<\/strong><\/p>\n\n\n\n<div class=\"wp-block-buttons is-layout-flex wp-block-buttons-is-layout-flex\">\n<div class=\"wp-block-button\"><a class=\"wp-block-button__link has-blue-background-color has-background wp-element-button\" href=\"http:\/\/www.beschaffungsstrategie.de\/?page_id=1662\">Bachelor- und Masterarbeiten<\/a><\/div>\n\n\n\n<div class=\"wp-block-button\"><a class=\"wp-block-button__link has-blue-background-color has-background wp-element-button\" href=\"http:\/\/www.beschaffungsstrategie.de\/?page_id=1664\">Hinweise zu Abschlussarbeiten<\/a><\/div>\n<\/div>\n\n\n\n<p><\/p>\n\n\n\n<p><\/p>\n","protected":false},"excerpt":{"rendered":"<p>Sprechstunde Im Moodlekurs Sprechstunde He\u00df finden Sie zwei Doodle mit den aktuellen Sprechstundenzeiten \u201eSprechstunde in Pr\u00e4senz\u201c und \u201eSprechstunde Online\u201c. \u00a0 MasterstudiengangMaster of Arts Betriebswirtschaft &#8211; Logistik, Einkauf und Supply Chain Management Ziel der Spezialisierung &#8222;Logistik, Einkauf und SCM&#8220; ist die &hellip; <a href=\"https:\/\/www.beschaffungsstrategie.de\/?page_id=573\">Weiterlesen <span class=\"meta-nav\">&rarr;<\/span><\/a><\/p>\n","protected":false},"author":1,"featured_media":0,"parent":0,"menu_order":0,"comment_status":"closed","ping_status":"closed","template":"","meta":{"footnotes":""},"class_list":["post-573","page","type-page","status-publish","hentry"],"_links":{"self":[{"href":"https:\/\/www.beschaffungsstrategie.de\/index.php?rest_route=\/wp\/v2\/pages\/573","targetHints":{"allow":["GET"]}}],"collection":[{"href":"https:\/\/www.beschaffungsstrategie.de\/index.php?rest_route=\/wp\/v2\/pages"}],"about":[{"href":"https:\/\/www.beschaffungsstrategie.de\/index.php?rest_route=\/wp\/v2\/types\/page"}],"author":[{"embeddable":true,"href":"https:\/\/www.beschaffungsstrategie.de\/index.php?rest_route=\/wp\/v2\/users\/1"}],"replies":[{"embeddable":true,"href":"https:\/\/www.beschaffungsstrategie.de\/index.php?rest_route=%2Fwp%2Fv2%2Fcomments&post=573"}],"version-history":[{"count":33,"href":"https:\/\/www.beschaffungsstrategie.de\/index.php?rest_route=\/wp\/v2\/pages\/573\/revisions"}],"predecessor-version":[{"id":4414,"href":"https:\/\/www.beschaffungsstrategie.de\/index.php?rest_route=\/wp\/v2\/pages\/573\/revisions\/4414"}],"wp:attachment":[{"href":"https:\/\/www.beschaffungsstrategie.de\/index.php?rest_route=%2Fwp%2Fv2%2Fmedia&parent=573"}],"curies":[{"name":"wp","href":"https:\/\/api.w.org\/{rel}","templated":true}]}}