{"id":586,"date":"2013-06-27T13:47:24","date_gmt":"2013-06-27T11:47:24","guid":{"rendered":"http:\/\/www.materialgruppe.de\/?page_id=586"},"modified":"2019-06-15T22:46:16","modified_gmt":"2019-06-15T20:46:16","slug":"affinitatswert","status":"publish","type":"page","link":"https:\/\/www.beschaffungsstrategie.de\/?page_id=586","title":{"rendered":"Affinit\u00e4tswert"},"content":{"rendered":"<p>Mit dem Affinit\u00e4tswert k\u00f6nnen Artikel, ausgew\u00e4hlte Marken, Sorten, Einkaufsst\u00e4tten, M\u00e4rkte etc. auf die Austauschbarkeit (Substituierbarkeit) durch andere \u00e4hnliche Artikel, Marken, Sorten etc. dargestellt werden. Liegt der ermittelte Affinit\u00e4tswert \u00fcber 100, so ist die Wahrscheinlichkeit hoch, dass Wanderungsbewegungen von Kunden zu anderen Produkten oder Marken eintreten werden.<\/p>\n<p align=\"LEFT\">In der Regel werden Analysen zum Affinit\u00e4tswert mit einer Gain-Loss-Analyse durchgef\u00fchrt, die wiederum Bestandteil einer Risikoanalyse ist [Vgl. Metzner; T\u00fccken der Objekte; S. 480]. Eine genaue Quantifizierung der Segmente ist m\u00f6glich [Vgl. G\u00fcnther; Marktforschung; S. 325], sodass fr\u00fchzeitige Ma\u00dfnahmen zur Vermeidung von Engp\u00e4ssen ergriffen werden. Aus Eink\u00e4ufersicht ist der Affinit\u00e4tswert bei der Umsetzung strategischer Entscheidungen bei Kaufteilen interessant.<\/p>\n<p align=\"LEFT\"><span style=\"color: rgb(255, 0, 0);\">15M-Architektur: <\/span>Modul 7: Gestaltungsfelder analysieren und strategische Optionen identifizieren [He\u00df; Supply-Strategien; S. 199]<\/p>\n<p align=\"LEFT\"><span style=\"color: rgb(255, 0, 0);\">Quellen\/Literaturhinweise: <\/span>G\u00fcnther Martin; Marktforschung mit Panels; 2. Auflage (2006); Gabler Verlag Wiesbaden <a href=\"http:\/\/www.beschaffungsstrategie.de\/wp-content\/uploads\/2014\/01\/Bild-2.-Aufl.jpg\">He\u00df, Gerhard; Supply-Strategien in Einkauf und Beschaffung;&nbsp; 2. Auflage (2010); Gabler Verlag Wiesbaden <\/a> Metzner, Andreas; Die T\u00fccken der Objekte; Campus Verlag Frankfurt a. M. (2002)<\/p>\n<p align=\"LEFT\"><span style=\"color: rgb(255, 0, 0);\">Verbundene Schlagworte: <\/span>Substitutionsprodukte, Substitutionsgut, Substitutionsg\u00fcter<\/p>\n<p align=\"LEFT\"><span style=\"color: rgb(255, 0, 0);\">Vertiefungen\/Studien:<\/span><\/p>\n<p align=\"LEFT\"><span style=\"color: rgb(255, 0, 0);\">Weiterf\u00fchrende Links: <\/span><a href=\"http:\/\/books.google.de\/books?id=2UlV_u6BuksC&amp;pg=PA325&amp;lpg=PA325&amp;dq=gain-loss-analyse+einkauf&amp;source=bl&amp;ots=PrEbLN__Ky&amp;sig=n1GN2lYsA9i-7kSbsYU0CYMTdFc&amp;hl=de&amp;ei=_WAeSrnkEMbesgbFwIDJCg&amp;sa=X&amp;oi=book_result&amp;ct=result&amp;resnum=1#PPA325,M1\">G\u00fcnther, Martin; Marktforschung mit Panels; 2. Auflage (2006); Gabler Verlag Wiesbaden<\/a><\/p>\n<p align=\"LEFT\"><a href=\"http:\/\/books.google.de\/books?id=VclfAUJccs0C&amp;printsec=frontcover&amp;dq=supply+strategien+in+einkauf+und+beschaffung&amp;hl=de&amp;ei=fylYTKOyNYz9sQbInLm8Cg&amp;sa=X&amp;oi=book_result&amp;ct=result&amp;resnum=1&amp;ved=0CDMQ6AEwAA#v=onepage&amp;q&amp;f=false\">He\u00df, Gerhard; Supply-Strategien in Einkauf und Beschaffung; 2. Auflage (2010); Gabler Verlag Wiesbaden<\/a><\/p>\n<p align=\"LEFT\"><a href=\"http:\/\/books.google.de\/books?id=REvh3FY6oK4C&amp;pg=PA481&amp;lpg=PA481&amp;dq=gain-loss-analyse&amp;source=bl&amp;ots=SBBeXK-PJn&amp;sig=JWGQH5nyKQR2jZ-pIGz8Wi7NnAo&amp;hl=de&amp;ei=l14eSpXAE8qR_QaYm_XMBA&amp;sa=X&amp;oi=book_result&amp;ct=result&amp;resnum=2\">Metzner, Andreas; Die T\u00fccken der Objekte; Campus Verlag Frankfurt a. M. (2002)<\/a><\/p>\n<p align=\"LEFT\"><a href=\"http:\/\/www.gfk.com\/ps_panelguide\/analysen\/gain_loss\/index.de.html\">Gfk-Panelguide<\/a><\/p>\n<p align=\"LEFT\">Autor: M. Reed &#8211; 20100126<\/p>\n","protected":false},"excerpt":{"rendered":"<p>Mit dem Affinit\u00e4tswert k\u00f6nnen Artikel, ausgew\u00e4hlte Marken, Sorten, Einkaufsst\u00e4tten, M\u00e4rkte etc. auf die Austauschbarkeit (Substituierbarkeit) durch andere \u00e4hnliche Artikel, Marken, Sorten etc. dargestellt werden. Liegt der ermittelte Affinit\u00e4tswert \u00fcber 100, so ist die Wahrscheinlichkeit hoch, dass Wanderungsbewegungen von Kunden zu &hellip; <a href=\"https:\/\/www.beschaffungsstrategie.de\/?page_id=586\">Weiterlesen <span class=\"meta-nav\">&rarr;<\/span><\/a><\/p>\n","protected":false},"author":1,"featured_media":0,"parent":0,"menu_order":0,"comment_status":"closed","ping_status":"closed","template":"","meta":{"footnotes":""},"class_list":["post-586","page","type-page","status-publish","hentry"],"_links":{"self":[{"href":"https:\/\/www.beschaffungsstrategie.de\/index.php?rest_route=\/wp\/v2\/pages\/586","targetHints":{"allow":["GET"]}}],"collection":[{"href":"https:\/\/www.beschaffungsstrategie.de\/index.php?rest_route=\/wp\/v2\/pages"}],"about":[{"href":"https:\/\/www.beschaffungsstrategie.de\/index.php?rest_route=\/wp\/v2\/types\/page"}],"author":[{"embeddable":true,"href":"https:\/\/www.beschaffungsstrategie.de\/index.php?rest_route=\/wp\/v2\/users\/1"}],"replies":[{"embeddable":true,"href":"https:\/\/www.beschaffungsstrategie.de\/index.php?rest_route=%2Fwp%2Fv2%2Fcomments&post=586"}],"version-history":[{"count":3,"href":"https:\/\/www.beschaffungsstrategie.de\/index.php?rest_route=\/wp\/v2\/pages\/586\/revisions"}],"predecessor-version":[{"id":3510,"href":"https:\/\/www.beschaffungsstrategie.de\/index.php?rest_route=\/wp\/v2\/pages\/586\/revisions\/3510"}],"wp:attachment":[{"href":"https:\/\/www.beschaffungsstrategie.de\/index.php?rest_route=%2Fwp%2Fv2%2Fmedia&parent=586"}],"curies":[{"name":"wp","href":"https:\/\/api.w.org\/{rel}","templated":true}]}}