{"id":602,"date":"2013-06-27T13:56:58","date_gmt":"2013-06-27T11:56:58","guid":{"rendered":"http:\/\/www.materialgruppe.de\/?page_id=602"},"modified":"2019-06-15T23:47:26","modified_gmt":"2019-06-15T21:47:26","slug":"beschaffungsregion","status":"publish","type":"page","link":"https:\/\/www.beschaffungsstrategie.de\/?page_id=602","title":{"rendered":"Beschaffungsregion"},"content":{"rendered":"<p align=\"LEFT\">L\u00e4nder mit \u00e4hnlichen Beschaffungsvoraussetzungen bez\u00fcglich Sprache, Rechtsvorschriften, W\u00e4hrungsrisiken etc. k\u00f6nnen zu einer homogenen Beschaffungsregion zusammengefasst werden. Aufgrund weltweit stark unterschiedlicher Kostensituationen bei den L\u00f6hnen, den Steuersystemen und den gesetzlichen Vorgaben, stehen Beschaffungsregionen in einem internationalen Wettbewerb. Dabei sollten die Kosten nach dem Total-Cost-of-Ownership-Prinzip ermittelt und jeweils verglichen werden. H\u00e4ufig genannte Beschaffungsregionen aus Sicht des Global Sourcing sind Westeuropa, Osteuropa, Mittlerer Osten, Asien (insbesondere China und Indien), S\u00fcdamerika und Afrika. Die Beschaffungsregion Asien dominiert derzeit die ausl\u00e4ndischen Beschaffungsregionen [Vgl. Zentes; Handelsmonitor Spezial; S. 91]. Bei sehr gro\u00dfen L\u00e4ndern, wie bspw. VR China ist es notwendig, die Beschaffungsregion in Teilregionen gem\u00e4\u00df einer Clusteranalyse aufzuteilen [Vgl. Sterz; Lokalisierung der Beschaffung; S. 11 und Li; Beschaffung deutscher Maschinenbauunternehmen; S. 247].<\/p>\n<p align=\"LEFT\"><span style=\"color: #ff0000;\">15M-Architektur<\/span><span style=\"color: #ff0000;\"><sup>\u00ae<\/sup><\/span><span style=\"color: #ff0000;\">:<br \/>\n<\/span>Modul 7: Gestaltungsfelder analysieren und strategische Optionen identifizieren [He\u00df; Supply-Strategien; S. 219]<\/p>\n<p align=\"LEFT\"><span style=\"color: #ff0000;\">Quellen\/Literaturhinweise:<br \/>\n<\/span><a title=\"15M-Architektur\" href=\"http:\/\/www.beschaffungsstrategie.de\/?page_id=12\">He\u00df, Gerhard; Supply-Strategien in Einkauf und Beschaffung; 2. Auflage (2010); Gabler Verlag Wiesbaden <\/a><br \/>\nLi Song; Beschaffung deutscher Maschinenbauunternehmen in der VR China; Gabler Verlag Wiesbaden (2004)<br \/>\nSterz, Michael; Lokalisierung der Beschaffung in China produzierender Unternehmen; Grin Verlag (2007)<br \/>\nZentes, Joachim; Handelsmonitor Spezial; Deutscher Fachverlag Frankfurt a. M. (2006)<\/p>\n<p align=\"LEFT\"><span style=\"color: #ff0000;\">Verbundene Schlagworte:<br \/>\n<\/span>Beschaffungsmarkt, Beschaffungsplanung, Beschaffungsmanagement<\/p>\n<p align=\"LEFT\"><span style=\"color: #ff0000;\">Vertiefungen\/Studien:<\/span><\/p>\n<p align=\"LEFT\"><span style=\"color: #ff0000;\">Weiterf\u00fchrende Links:<br \/>\n<\/span><a href=\"http:\/\/books.google.de\/books?id=VclfAUJccs0C&amp;printsec=frontcover&amp;dq=supply+strategien+in+einkauf+und+beschaffung&amp;hl=de&amp;ei=fylYTKOyNYz9sQbInLm8Cg&amp;sa=X&amp;oi=book_result&amp;ct=result&amp;resnum=1&amp;ved=0CDMQ6AEwAA#v=onepage&amp;q&amp;f=false\">He\u00df, Gerhard; Supply-Strategien in Einkauf und Beschaffung; 2. Auflage (2010); Gabler Verlag Wiesbaden<\/a><\/p>\n<p align=\"LEFT\"><a href=\"http:\/\/books.google.de\/books?id=Iq7XG2bNngQC&amp;pg=PA247&amp;dq=beschaffungsregion&amp;lr=lang_de\">Song, Li; Beschaffung deutscher Maschinenbauunternehmen in der VR China; DUV Verlag Wiesbaden<\/a><\/p>\n<p align=\"LEFT\"><a href=\"http:\/\/books.google.de\/books?id=7IiJiU44GscC&amp;pg=PA93&amp;dq=beschaffungsregion&amp;lr=lang_de\">Zentes, Joachim; Hilt, Constantin; Domma, Peter; HandelsMonitor Spezial: Global Sourcing im Einzelhandel; Dt. Fachverlag Frankfurt<\/a><\/p>\n<p align=\"LEFT\"><a href=\"http:\/\/www.brainnet.com\/phpwcms\/pdf\/BrainNet%20Pressemitteilung%20090216%20BVCS.pdf\">Pressemitteilung von BrainNet; Trendwende im globalen Einkauf <\/a><\/p>\n<p align=\"LEFT\"><span>Autor: M. Reed &#8211; 20100126<\/span><\/p>\n","protected":false},"excerpt":{"rendered":"<p>L\u00e4nder mit \u00e4hnlichen Beschaffungsvoraussetzungen bez\u00fcglich Sprache, Rechtsvorschriften, W\u00e4hrungsrisiken etc. k\u00f6nnen zu einer homogenen Beschaffungsregion zusammengefasst werden. Aufgrund weltweit stark unterschiedlicher Kostensituationen bei den L\u00f6hnen, den Steuersystemen und den gesetzlichen Vorgaben, stehen Beschaffungsregionen in einem internationalen Wettbewerb. Dabei sollten die Kosten &hellip; <a href=\"https:\/\/www.beschaffungsstrategie.de\/?page_id=602\">Weiterlesen <span class=\"meta-nav\">&rarr;<\/span><\/a><\/p>\n","protected":false},"author":1,"featured_media":0,"parent":0,"menu_order":0,"comment_status":"closed","ping_status":"closed","template":"","meta":{"footnotes":""},"class_list":["post-602","page","type-page","status-publish","hentry"],"_links":{"self":[{"href":"https:\/\/www.beschaffungsstrategie.de\/index.php?rest_route=\/wp\/v2\/pages\/602","targetHints":{"allow":["GET"]}}],"collection":[{"href":"https:\/\/www.beschaffungsstrategie.de\/index.php?rest_route=\/wp\/v2\/pages"}],"about":[{"href":"https:\/\/www.beschaffungsstrategie.de\/index.php?rest_route=\/wp\/v2\/types\/page"}],"author":[{"embeddable":true,"href":"https:\/\/www.beschaffungsstrategie.de\/index.php?rest_route=\/wp\/v2\/users\/1"}],"replies":[{"embeddable":true,"href":"https:\/\/www.beschaffungsstrategie.de\/index.php?rest_route=%2Fwp%2Fv2%2Fcomments&post=602"}],"version-history":[{"count":3,"href":"https:\/\/www.beschaffungsstrategie.de\/index.php?rest_route=\/wp\/v2\/pages\/602\/revisions"}],"predecessor-version":[{"id":2173,"href":"https:\/\/www.beschaffungsstrategie.de\/index.php?rest_route=\/wp\/v2\/pages\/602\/revisions\/2173"}],"wp:attachment":[{"href":"https:\/\/www.beschaffungsstrategie.de\/index.php?rest_route=%2Fwp%2Fv2%2Fmedia&parent=602"}],"curies":[{"name":"wp","href":"https:\/\/api.w.org\/{rel}","templated":true}]}}