{"id":608,"date":"2013-06-27T13:59:15","date_gmt":"2013-06-27T11:59:15","guid":{"rendered":"http:\/\/www.materialgruppe.de\/?page_id=608"},"modified":"2019-06-17T19:36:37","modified_gmt":"2019-06-17T17:36:37","slug":"cash-out-quote","status":"publish","type":"page","link":"https:\/\/www.beschaffungsstrategie.de\/?page_id=608","title":{"rendered":"Cash-out-quote"},"content":{"rendered":"<p align=\"LEFT\">Die Cash-out-quote geh\u00f6rt zu den Key Performance Indikatoren (KPI) des Einkaufs, mit dessen Hilfe die Bedeutung des Einkaufs in Unternehmen gemessen werden kann. Ermittelt wird diese Kennzahl durch das Verh\u00e4ltnis von \u201e\u00dcber den Einkauf bestelltes Beschaffungsvolumen\u201c zu \u201eKreditorischem Finanzvolumen des Unternehmens\u201c. Es ist dadurch m\u00f6glich, Volumina an Produkten und Dienstleistungen, die am Einkauf vorbei beschafft wurden, zu ermitteln (siehe auch Maverick Buying). Marketingdienstleistungen, Beratungen durch Externe, Kurierdienste, Buchungen f\u00fcr Dienstfahrzeuge und Hotel\u00fcbernachtungen werden h\u00e4ufig auf Fachabteilungsebene veranlasst und bieten schnelle Optimierungspotenziale durch eine Einkaufsb\u00fcndelung (l\u00e4ngeres Zahlungsziel und bessere Konditionen durch Volumenb\u00fcndelung) [Vgl. Henrich; Ausgaben senken; Beschaffung aktuell 1\/2005; S. 27].<\/p>\n<p align=\"LEFT\">Bei Materialien mit hohen Verbrauchswerten kann eine hohe Cash-out-quote durch Bildung von strategischen Materialgruppen und Verantwortlichkeiten durch dauerhafte Organisationseinheiten erreicht werden [Vgl. R\u00fcdrich u.a.; Materialgruppenmanagement; S. 13]. Allgemein k\u00f6nnen die Daten zur Ermittlung der Cash-out-quote auch im Rahmen des Spend Managements erhoben werden [Vgl. Melzer-Ridinger; Supply Chain Management; S. 263].<\/p>\n<p align=\"LEFT\"><span style=\"color: rgb(255, 0, 0);\">15M-Architektur<\/span><span style=\"color: rgb(255, 0, 0);\"><sup>\u00ae<\/sup><\/span><span style=\"color: rgb(255, 0, 0);\">:<br \/>\n<\/span>Modul 2: Supply Ziele formulieren [He\u00df; Supply-Strategien; S. 103]<\/p>\n<p align=\"LEFT\"><span style=\"color: rgb(255, 0, 0);\">Quellen\/Literaturhinweise:<br \/>\n<\/span>Henrich, Matthias; Ausgaben senken und Einsparungen realisieren; BA Beschaffung aktuell; Ausgabe 01\/2005; Konradin Verlag Leinfelden-Echterdingen<br \/>\n<a title=\"15M-Architektur\" href=\"http:\/\/www.beschaffungsstrategie.de\/?page_id=12\">He\u00df, Gerhard; Supply-Strategien in Einkauf und Beschaffung; 2. Auflage (2010); Gabler Verlag Wiesbaden <\/a><br \/>\nMelzer-Ridinger, Ruth; Supply Chain Management; Oldenbourg Verlag M\u00fcnchen (2007) R\u00fcdrich, Gerald u.a.; Materialgruppenmanagement; 2. Auflage (2004); Gabler Verlag Wiesbaden<\/p>\n<p align=\"LEFT\"><span style=\"color: rgb(255, 0, 0);\">Verbundene Schlagworte:<br \/>\n<\/span>Einkaufsvolumen b\u00fcndeln, Verhandlungsmacht, Verhandlungserfolg, Einkaufscontrolling<\/p>\n<p align=\"LEFT\"><span style=\"color: rgb(255, 0, 0);\">Vertiefungen\/Studien:<br \/>\n<\/span><a href=\"http:\/\/www.softconcis.de\/glossar.php\">Glossar Softconcis<\/a><\/p>\n<p align=\"LEFT\"><span style=\"color: rgb(255, 0, 0);\">Weiterf\u00fchrende Links:<br \/>\n<\/span><a href=\"http:\/\/books.google.de\/books?id=iPF_rwbmZZQC&amp;printsec=frontcover&amp;dq=supply+chain+managemnet+ridinger&amp;lr=lang_de#v=onepage&amp;q=&amp;f=false\">Melzer-Ridinger, Ruth; Supply Chain Management; Oldenbourg Verlag M\u00fcnchen (2007) <\/a><\/p>\n<p align=\"LEFT\"><a href=\"http:\/\/books.google.de\/books?id=boAxIR5q5gQC&amp;printsec=frontcover&amp;dq=materialgruppenmanagement&amp;lr=lang_de#v=onepage&amp;q=cash%20out&amp;f=false\">R\u00fcdrich, Gerald u.a.; Materialgruppenmanagement; 2. Auflage (2004); Gabler Verlag Wiesbaden<\/a><\/p>\n<p align=\"LEFT\"><a href=\"http:\/\/imperia.mi-verlag.de\/imperia\/md\/content\/ai\/tue\/fachartikel\/2005\/04\/tue05_04_014.pdf\">Der gl\u00e4serne Einkauf: Kennzahlen liefern Durchblick<\/a><\/p>\n<p align=\"LEFT\"><a href=\"http:\/\/www.industrie.de\/industrie\/live\/index2.php?menu=1&amp;submenu=3&amp;object_id=31399201\">Die wahren Kennzahlen des Einkaufs<\/a><\/p>\n<p align=\"LEFT\"><span>Autor: M. Reed &#8211; 20100126<\/span><\/p>\n","protected":false},"excerpt":{"rendered":"<p>Die Cash-out-quote geh\u00f6rt zu den Key Performance Indikatoren (KPI) des Einkaufs, mit dessen Hilfe die Bedeutung des Einkaufs in Unternehmen gemessen werden kann. Ermittelt wird diese Kennzahl durch das Verh\u00e4ltnis von \u201e\u00dcber den Einkauf bestelltes Beschaffungsvolumen\u201c zu \u201eKreditorischem Finanzvolumen des &hellip; <a href=\"https:\/\/www.beschaffungsstrategie.de\/?page_id=608\">Weiterlesen <span class=\"meta-nav\">&rarr;<\/span><\/a><\/p>\n","protected":false},"author":1,"featured_media":0,"parent":0,"menu_order":0,"comment_status":"closed","ping_status":"closed","template":"","meta":{"footnotes":""},"class_list":["post-608","page","type-page","status-publish","hentry"],"_links":{"self":[{"href":"https:\/\/www.beschaffungsstrategie.de\/index.php?rest_route=\/wp\/v2\/pages\/608","targetHints":{"allow":["GET"]}}],"collection":[{"href":"https:\/\/www.beschaffungsstrategie.de\/index.php?rest_route=\/wp\/v2\/pages"}],"about":[{"href":"https:\/\/www.beschaffungsstrategie.de\/index.php?rest_route=\/wp\/v2\/types\/page"}],"author":[{"embeddable":true,"href":"https:\/\/www.beschaffungsstrategie.de\/index.php?rest_route=\/wp\/v2\/users\/1"}],"replies":[{"embeddable":true,"href":"https:\/\/www.beschaffungsstrategie.de\/index.php?rest_route=%2Fwp%2Fv2%2Fcomments&post=608"}],"version-history":[{"count":3,"href":"https:\/\/www.beschaffungsstrategie.de\/index.php?rest_route=\/wp\/v2\/pages\/608\/revisions"}],"predecessor-version":[{"id":3528,"href":"https:\/\/www.beschaffungsstrategie.de\/index.php?rest_route=\/wp\/v2\/pages\/608\/revisions\/3528"}],"wp:attachment":[{"href":"https:\/\/www.beschaffungsstrategie.de\/index.php?rest_route=%2Fwp%2Fv2%2Fmedia&parent=608"}],"curies":[{"name":"wp","href":"https:\/\/api.w.org\/{rel}","templated":true}]}}