{"id":612,"date":"2013-06-27T14:00:54","date_gmt":"2013-06-27T12:00:54","guid":{"rendered":"http:\/\/www.materialgruppe.de\/?page_id=612"},"modified":"2019-06-17T19:44:19","modified_gmt":"2019-06-17T17:44:19","slug":"category-management","status":"publish","type":"page","link":"https:\/\/www.beschaffungsstrategie.de\/?page_id=612","title":{"rendered":"Category Management"},"content":{"rendered":"<p align=\"LEFT\">Beim Category Management \u2013 auch Warengruppenmanagement oder Materialgruppenmanagement \u2013 werden Artikel, Produkte oder Waren zu strategischen Kategorieeinheiten zusammengefasst, bspw. S\u00fc\u00dfwaren, nicht-alkoholische Getr\u00e4nke, Lebensmittel, non-food&nbsp; oder Baustoffe [Vgl. Steiner; Category Management; S. 94], um m\u00f6gliche Warengruppen zu nennen. Vorteile ergeben sich f\u00fcr das Beschaffungsmanagement, das Marketing und die Entscheidung zu Art und Intensit\u00e4t der Lieferantenbeziehungen [Vgl. GS1 Germany; Category Management; S. 2].<\/p>\n<p align=\"LEFT\"><span style=\"color: rgb(255, 0, 0);\">15M-Architektur<\/span><span style=\"color: rgb(255, 0, 0);\"><sup>\u00ae<\/sup><\/span><span style=\"color: rgb(255, 0, 0);\">:<br \/>\n<\/span>Modul 7: Gestaltungsfelder analysieren und strategische Optionen identifizieren [He\u00df; Supply-Strategien; S. 183-262]<\/p>\n<p align=\"LEFT\"><span style=\"color: rgb(255, 0, 0);\">Quellen\/Literaturhinweise:<br \/>\n<\/span>GS1 Germany GmbH; Category Management; 2. Auflage (2008); GS1 Germany GmbH K\u00f6ln<br \/>\n<a title=\"15M-Architektur\" href=\"http:\/\/www.beschaffungsstrategie.de\/?page_id=12\">He\u00df, Gerhard; Supply-Strategien in Einkauf und Beschaffung; 2. Auflage (2010); Gabler Verlag Wiesbaden <\/a><br \/>\nSteiner, Stephanie; Category Management; Gabler Verlag Wiesbaden (2007)<\/p>\n<p align=\"LEFT\"><span style=\"color: rgb(255, 0, 0);\">Verbundene Schlagworte:<br \/>\n<\/span>Materialgruppenstrategie, Materialgruppenanalyse, Einkaufscontrolling, Warengruppenmanagement, Warengruppensteuerung, Commodity Management<\/p>\n<p align=\"LEFT\"><span style=\"color: rgb(255, 0, 0);\">Vertiefungen\/Studien:<\/span><\/p>\n<p align=\"LEFT\"><span style=\"color: rgb(255, 0, 0);\">Weiterf\u00fchrende Links:<br \/>\n<\/span><a href=\"http:\/\/books.google.de\/books?id=Q2H5XkpgduYC&amp;pg=PA17&amp;lpg=PA17&amp;dq=category+management&amp;source=bl&amp;ots=1v4PoMJ8xO&amp;sig=4iBTL536hfhqm21g31m0dsuGV9g&amp;hl=de&amp;ei=M30eSs7rNNK1_Abzp6XKBA&amp;sa=X&amp;oi=book_result&amp;ct=result&amp;resnum=9#PPA5,M1\">GS1 Germany GmbH; Category Management; 2. Auflage (2008); GS1 Germany GmbH K\u00f6ln<\/a><\/p>\n<p align=\"LEFT\"><a href=\"http:\/\/books.google.de\/books?id=VclfAUJccs0C&amp;printsec=frontcover&amp;dq=supply+strategien+in+einkauf+und+beschaffung&amp;hl=de&amp;ei=fylYTKOyNYz9sQbInLm8Cg&amp;sa=X&amp;oi=book_result&amp;ct=result&amp;resnum=1&amp;ved=0CDMQ6AEwAA#v=onepage&amp;q&amp;f=false\">He\u00df, Gerhard; Supply-Strategien in Einkauf und Beschaffung; 2. Auflage (2010); Gabler Verlag Wiesbaden<\/a><\/p>\n<p align=\"LEFT\"><a href=\"http:\/\/books.google.de\/books?id=sYwsXkEz1osC&amp;pg=PA97&amp;lpg=PA97&amp;dq=category+management&amp;source=bl&amp;ots=SHaOWrqtoD&amp;sig=wCH8BgllhrMDrFCI5OS0quu7x6o&amp;hl=de&amp;ei=tWweSuDQGcvy_AaXzP3JBA&amp;sa=X&amp;oi=book_result&amp;ct=result&amp;resnum=1#PPA94,M1\">Steiner, Stephanie; Category Management; Gabler Verlag Wiesbaden (2007)<\/a><\/p>\n<p align=\"LEFT\"><span>Autor: M. Reed &#8211; 20100126<\/span><\/p>\n<p>&nbsp;<\/p>\n","protected":false},"excerpt":{"rendered":"<p>Beim Category Management \u2013 auch Warengruppenmanagement oder Materialgruppenmanagement \u2013 werden Artikel, Produkte oder Waren zu strategischen Kategorieeinheiten zusammengefasst, bspw. S\u00fc\u00dfwaren, nicht-alkoholische Getr\u00e4nke, Lebensmittel, non-food&nbsp; oder Baustoffe [Vgl. Steiner; Category Management; S. 94], um m\u00f6gliche Warengruppen zu nennen. Vorteile ergeben sich &hellip; <a href=\"https:\/\/www.beschaffungsstrategie.de\/?page_id=612\">Weiterlesen <span class=\"meta-nav\">&rarr;<\/span><\/a><\/p>\n","protected":false},"author":1,"featured_media":0,"parent":0,"menu_order":0,"comment_status":"closed","ping_status":"closed","template":"","meta":{"footnotes":""},"class_list":["post-612","page","type-page","status-publish","hentry"],"_links":{"self":[{"href":"https:\/\/www.beschaffungsstrategie.de\/index.php?rest_route=\/wp\/v2\/pages\/612","targetHints":{"allow":["GET"]}}],"collection":[{"href":"https:\/\/www.beschaffungsstrategie.de\/index.php?rest_route=\/wp\/v2\/pages"}],"about":[{"href":"https:\/\/www.beschaffungsstrategie.de\/index.php?rest_route=\/wp\/v2\/types\/page"}],"author":[{"embeddable":true,"href":"https:\/\/www.beschaffungsstrategie.de\/index.php?rest_route=\/wp\/v2\/users\/1"}],"replies":[{"embeddable":true,"href":"https:\/\/www.beschaffungsstrategie.de\/index.php?rest_route=%2Fwp%2Fv2%2Fcomments&post=612"}],"version-history":[{"count":4,"href":"https:\/\/www.beschaffungsstrategie.de\/index.php?rest_route=\/wp\/v2\/pages\/612\/revisions"}],"predecessor-version":[{"id":3530,"href":"https:\/\/www.beschaffungsstrategie.de\/index.php?rest_route=\/wp\/v2\/pages\/612\/revisions\/3530"}],"wp:attachment":[{"href":"https:\/\/www.beschaffungsstrategie.de\/index.php?rest_route=%2Fwp%2Fv2%2Fmedia&parent=612"}],"curies":[{"name":"wp","href":"https:\/\/api.w.org\/{rel}","templated":true}]}}