{"id":614,"date":"2013-06-27T14:02:09","date_gmt":"2013-06-27T12:02:09","guid":{"rendered":"http:\/\/www.materialgruppe.de\/?page_id=614"},"modified":"2019-06-17T20:02:51","modified_gmt":"2019-06-17T18:02:51","slug":"citylogistik","status":"publish","type":"page","link":"https:\/\/www.beschaffungsstrategie.de\/?page_id=614","title":{"rendered":"Citylogistik"},"content":{"rendered":"<p align=\"LEFT\">In den Planungen zur City-Logistik sind alle Ma\u00dfnahmen zur Verringerung der Verkehrsbelastungen bei gleichzeitiger Aufrechterhaltung der innerst\u00e4dtischen Funktionen, w\u00e4hrend der Konsolidierung von Waren ins Stadtgebiet, eingeschlossen [Vgl. Ergenzinger; Kartellrechtliche Aspekte; S. 33]. Nach \u201eJ\u00fcnemann ist die City-Logistik die \u2019wissenschaftliche Lehre von der Planung, Steuerung und \u00dcberwachung von Material-, Personen-, Energie- und Informationsfl\u00fcssen in der City.\u2019\u201c [Vgl. Vastag; Handbuch Verkehrslogistik; S. 311].<\/p>\n<p align=\"LEFT\"><span style=\"color: rgb(255, 0, 0);\">15M-Architektur:<br \/>\n<\/span>Modul 7: Gestaltungsfelder analysieren und strategische Optionen identifizieren [He\u00df; Supply-Strategien; S. 219]<\/p>\n<p align=\"LEFT\"><span style=\"color: rgb(255, 0, 0);\">Quellen\/Literaturhinweise:<br \/>\n<\/span>Ergenzinger, Alexander; Kartellrechtliche Aspekte virtueller Unternehmen am Beispiel der City-Logistik; Tectum Verlag Marburg (2000)<br \/>\n<a title=\"15M-Architektur\" href=\"http:\/\/www.beschaffungsstrategie.de\/?page_id=12\">He\u00df, Gerhard; Supply-Strategien in Einkauf und Beschaffung; 2. Auflage (2010); Gabler Verlag Wiesbaden <\/a><br \/>\nVastag, Alexander u.a.; Handbuch der Verkehrslogistik; Springer-Verlag Berlin (1998)<\/p>\n<p align=\"LEFT\"><span style=\"color: rgb(255, 0, 0);\">Verbundene Schlagworte:<br \/>\n<\/span>Stadtlogistik, Verkehrsplanung<\/p>\n<p align=\"LEFT\"><span style=\"color: rgb(255, 0, 0);\">Vertiefungen\/Studien:<\/span><\/p>\n<p align=\"LEFT\"><span style=\"color: rgb(255, 0, 0);\">Weiterf\u00fchrende Links:<br \/>\n<\/span><a href=\"http:\/\/books.google.de\/books?id=EiVWwM7bnIEC&amp;pg=PA33&amp;lpg=PA33&amp;dq=citylogistik&amp;source=bl&amp;ots=7gdgwwxuVK&amp;sig=0ozMvJeyyZNk24uFzBOiWcNe3tU&amp;hl=de&amp;ei=5qkeSr2XBcS5_AbY8dHJBA&amp;sa=X&amp;oi=book_result&amp;ct=result&amp;resnum=10#PPA34,M1\">Ergenzinger, Alexander; Kartellrechtliche Aspekte virtueller Unternehmen am Beispiel der City-Logistik; Tectum Verlag Marburg (2000)<\/a><\/p>\n<p align=\"LEFT\"><a href=\"http:\/\/books.google.de\/books?id=VclfAUJccs0C&amp;printsec=frontcover&amp;dq=supply+strategien+in+einkauf+und+beschaffung&amp;hl=de&amp;ei=fylYTKOyNYz9sQbInLm8Cg&amp;sa=X&amp;oi=book_result&amp;ct=result&amp;resnum=1&amp;ved=0CDMQ6AEwAA#v=onepage&amp;q&amp;f=false\">He\u00df, Gerhard; Supply-Strategien in Einkauf und Beschaffung; 2. Auflage (2010); Gabler Verlag Wiesbaden<\/a><\/p>\n<p align=\"LEFT\"><a href=\"http:\/\/books.google.de\/books?id=0CWBe6eDe5gC&amp;pg=PA311&amp;lpg=PA311&amp;dq=citylogistik&amp;source=bl&amp;ots=Q3zlaJaagh&amp;sig=h-94xe9tX_8RTgHoB4f9mSyEScc&amp;hl=de&amp;ei=Ba4eSu-KIce__QanzezKBA&amp;sa=X&amp;oi=book_result&amp;ct=result&amp;resnum=4#PPP1,M1\">Vastag, Alexander u.a.; Handbuch der Verkehrslogistik; Springer-Verlag Berlin (1998)<\/a><\/p>\n<p align=\"LEFT\"><span>Autor: M. Reed &#8211; 20100126<\/span><\/p>\n<p>&nbsp;<\/p>\n","protected":false},"excerpt":{"rendered":"<p>In den Planungen zur City-Logistik sind alle Ma\u00dfnahmen zur Verringerung der Verkehrsbelastungen bei gleichzeitiger Aufrechterhaltung der innerst\u00e4dtischen Funktionen, w\u00e4hrend der Konsolidierung von Waren ins Stadtgebiet, eingeschlossen [Vgl. Ergenzinger; Kartellrechtliche Aspekte; S. 33]. Nach \u201eJ\u00fcnemann ist die City-Logistik die \u2019wissenschaftliche Lehre &hellip; <a href=\"https:\/\/www.beschaffungsstrategie.de\/?page_id=614\">Weiterlesen <span class=\"meta-nav\">&rarr;<\/span><\/a><\/p>\n","protected":false},"author":1,"featured_media":0,"parent":0,"menu_order":0,"comment_status":"closed","ping_status":"closed","template":"","meta":{"footnotes":""},"class_list":["post-614","page","type-page","status-publish","hentry"],"_links":{"self":[{"href":"https:\/\/www.beschaffungsstrategie.de\/index.php?rest_route=\/wp\/v2\/pages\/614","targetHints":{"allow":["GET"]}}],"collection":[{"href":"https:\/\/www.beschaffungsstrategie.de\/index.php?rest_route=\/wp\/v2\/pages"}],"about":[{"href":"https:\/\/www.beschaffungsstrategie.de\/index.php?rest_route=\/wp\/v2\/types\/page"}],"author":[{"embeddable":true,"href":"https:\/\/www.beschaffungsstrategie.de\/index.php?rest_route=\/wp\/v2\/users\/1"}],"replies":[{"embeddable":true,"href":"https:\/\/www.beschaffungsstrategie.de\/index.php?rest_route=%2Fwp%2Fv2%2Fcomments&post=614"}],"version-history":[{"count":4,"href":"https:\/\/www.beschaffungsstrategie.de\/index.php?rest_route=\/wp\/v2\/pages\/614\/revisions"}],"predecessor-version":[{"id":3531,"href":"https:\/\/www.beschaffungsstrategie.de\/index.php?rest_route=\/wp\/v2\/pages\/614\/revisions\/3531"}],"wp:attachment":[{"href":"https:\/\/www.beschaffungsstrategie.de\/index.php?rest_route=%2Fwp%2Fv2%2Fmedia&parent=614"}],"curies":[{"name":"wp","href":"https:\/\/api.w.org\/{rel}","templated":true}]}}