{"id":616,"date":"2013-06-27T14:03:02","date_gmt":"2013-06-27T12:03:02","guid":{"rendered":"http:\/\/www.materialgruppe.de\/?page_id=616"},"modified":"2019-06-17T20:03:53","modified_gmt":"2019-06-17T18:03:53","slug":"customs-trade-partnership","status":"publish","type":"page","link":"https:\/\/www.beschaffungsstrategie.de\/?page_id=616","title":{"rendered":"Customs-Trade Partnership"},"content":{"rendered":"<p align=\"LEFT\">Die \u201cCustoms-Trade Partnership Against Terrorism\u201d (C-TPAT) ist eine Ma\u00dfnahme der US-Zollbeh\u00f6rde zur Verbesserung der Sicherheit bei Auslandsgesch\u00e4ften. An dieser Sicherheitspartnerschaft k\u00f6nnen Importeure und Frachtf\u00fchrer seit April 2002 teilnehmen, wodurch etliche Vorteile bei der Abfertigung am Zoll bspw. durch individuell zugewiesene Zollbeamte, k\u00fcrzere Wartezeiten, weniger Zufalls\u00fcberpr\u00fcfungen\/Stichprobenuntersuchungen und der Zugang zu einem ein- bzw. zweimonatlichen Bezahlsystem mit Rechnungsstellung, angeboten werden.<\/p>\n<p align=\"LEFT\">Um diese Vorteile zu erhalten, m\u00fcssen Richtlinien der US-Zollbeh\u00f6rde zur Eigen\u00fcberpr\u00fcfung des Unternehmens beantwortet und die Ergebnisse zur \u00dcberpr\u00fcfung und der Einhaltung in Frageb\u00f6gen nachgewiesen werden [Vgl. Bogatu; Smartcontainer; S. 119].<\/p>\n<p align=\"LEFT\"><span style=\"color: rgb(255, 0, 0);\">15M-Architektur:<br \/>\n<\/span>Module 10-13: Sourcingprozess [He\u00df; Supply-Strategien; S. 70]<\/p>\n<p align=\"LEFT\"><span style=\"color: rgb(255, 0, 0);\">Quellen\/Literaturhinweise:<br \/>\n<\/span>Bogatu, Christian; Smartcontainer als Antwort auf logistische und sicherheitsrelevante Herausforderungen in der Lieferkette; Verlag: Technische Uni Berlin (2008)<br \/>\n<a title=\"15M-Architektur\" href=\"http:\/\/www.beschaffungsstrategie.de\/?page_id=12\">He\u00df, Gerhard; Supply-Strategien in Einkauf und Beschaffung; 2. Auflage (2010); Gabler Verlag Wiesbaden<\/a><\/p>\n<p align=\"LEFT\"><span style=\"color: rgb(255, 0, 0);\">Verbundene Schlagworte:<br \/>\n<\/span>Lieferabwicklung, Auftragsbearbeitungsprozess, Lieferbedingungen, Administration<\/p>\n<p align=\"LEFT\"><span style=\"color: rgb(255, 0, 0);\">Vertiefungen\/Studien:<\/span><\/p>\n<p align=\"LEFT\"><span style=\"color: rgb(255, 0, 0);\">Weiterf\u00fchrende Links:<br \/>\n<\/span><a href=\"http:\/\/books.google.de\/books?id=9veLSNkdNsYC&amp;pg=PA119&amp;lpg=PA119&amp;dq=c-tpat&amp;source=bl&amp;ots=EUnMfRbHTq&amp;sig=sl67nAllE7I_H3lwmJ6DvRaxFkA&amp;hl=de&amp;ei=1xwdSoAX2bH8BqSelMMN&amp;sa=X&amp;oi=book_result&amp;ct=result&amp;resnum=8#PPA119,M1\">Bogatu, Christian; Smartcontainer als Antwort auf logistische und sicherheitsrelevante Herausforderungen in der Lieferkette; Verlag: Technische Uni Berlin (2008)<\/a><\/p>\n<p align=\"LEFT\"><a href=\"http:\/\/books.google.de\/books?id=VclfAUJccs0C&amp;printsec=frontcover&amp;dq=supply+strategien+in+einkauf+und+beschaffung&amp;hl=de&amp;ei=fylYTKOyNYz9sQbInLm8Cg&amp;sa=X&amp;oi=book_result&amp;ct=result&amp;resnum=1&amp;ved=0CDMQ6AEwAA#v=onepage&amp;q&amp;f=false\">He\u00df, Gerhard; Supply-Strategien in Einkauf und Beschaffung; 2. Auflage (2010); Gabler Verlag Wiesbaden<\/a><\/p>\n<p align=\"LEFT\"><a href=\"http:\/\/www.cbp.gov\/\">U.S. Customs and Border Protection<\/a><\/p>\n<p align=\"LEFT\"><span>Autor: M. Reed &#8211; 20100126<\/span><\/p>\n<p>&nbsp;<\/p>\n","protected":false},"excerpt":{"rendered":"<p>Die \u201cCustoms-Trade Partnership Against Terrorism\u201d (C-TPAT) ist eine Ma\u00dfnahme der US-Zollbeh\u00f6rde zur Verbesserung der Sicherheit bei Auslandsgesch\u00e4ften. An dieser Sicherheitspartnerschaft k\u00f6nnen Importeure und Frachtf\u00fchrer seit April 2002 teilnehmen, wodurch etliche Vorteile bei der Abfertigung am Zoll bspw. durch individuell zugewiesene &hellip; <a href=\"https:\/\/www.beschaffungsstrategie.de\/?page_id=616\">Weiterlesen <span class=\"meta-nav\">&rarr;<\/span><\/a><\/p>\n","protected":false},"author":1,"featured_media":0,"parent":0,"menu_order":0,"comment_status":"closed","ping_status":"closed","template":"","meta":{"footnotes":""},"class_list":["post-616","page","type-page","status-publish","hentry"],"_links":{"self":[{"href":"https:\/\/www.beschaffungsstrategie.de\/index.php?rest_route=\/wp\/v2\/pages\/616","targetHints":{"allow":["GET"]}}],"collection":[{"href":"https:\/\/www.beschaffungsstrategie.de\/index.php?rest_route=\/wp\/v2\/pages"}],"about":[{"href":"https:\/\/www.beschaffungsstrategie.de\/index.php?rest_route=\/wp\/v2\/types\/page"}],"author":[{"embeddable":true,"href":"https:\/\/www.beschaffungsstrategie.de\/index.php?rest_route=\/wp\/v2\/users\/1"}],"replies":[{"embeddable":true,"href":"https:\/\/www.beschaffungsstrategie.de\/index.php?rest_route=%2Fwp%2Fv2%2Fcomments&post=616"}],"version-history":[{"count":4,"href":"https:\/\/www.beschaffungsstrategie.de\/index.php?rest_route=\/wp\/v2\/pages\/616\/revisions"}],"predecessor-version":[{"id":3532,"href":"https:\/\/www.beschaffungsstrategie.de\/index.php?rest_route=\/wp\/v2\/pages\/616\/revisions\/3532"}],"wp:attachment":[{"href":"https:\/\/www.beschaffungsstrategie.de\/index.php?rest_route=%2Fwp%2Fv2%2Fmedia&parent=616"}],"curies":[{"name":"wp","href":"https:\/\/api.w.org\/{rel}","templated":true}]}}