{"id":618,"date":"2013-06-27T14:03:48","date_gmt":"2013-06-27T12:03:48","guid":{"rendered":"http:\/\/www.materialgruppe.de\/?page_id=618"},"modified":"2019-06-17T20:05:52","modified_gmt":"2019-06-17T18:05:52","slug":"component-sourcing","status":"publish","type":"page","link":"https:\/\/www.beschaffungsstrategie.de\/?page_id=618","title":{"rendered":"Component Sourcing"},"content":{"rendered":"<p align=\"LEFT\">Beim Component Sourcing handelt es sich um einen Komponentenbezug, z.B. Stoffbez\u00fcge, Gussteile, Befestigungen und andere wenig komplizierte Teile, die nach Kosten-, Qualit\u00e4ts- und Terminaspekten in Auftrag gegeben werden. Der prim\u00e4re Bezug erfolgt h\u00e4ufig lokal [Vgl. Andre\u00dfen; System Sourcing; S. 27]. Die Beschaffung von Einzelteilen wird unter dem Begriff \u201eUnit Sourcing\u201c zusammengefasst.<\/p>\n<p align=\"LEFT\"><span style=\"color: rgb(255, 0, 0);\">15M-Architektur<\/span><span style=\"color: rgb(255, 0, 0);\"><sup>\u00ae<\/sup><\/span><span style=\"color: rgb(255, 0, 0);\">:<br \/>\n<\/span>Modul 4: Supply-M\u00e4rkte definieren und priorisieren (He\u00df, Supply-Strategien, S. 141-159)<\/p>\n<p align=\"LEFT\"><span style=\"color: rgb(255, 0, 0);\">Quellen\/Literaturhinweise:<br \/>\n<\/span>Andre\u00dfen, Thomas: System Sourcing \u2013 Erfolgspotenziale der Systembeschaffung;&nbsp; Deutscher Universit\u00e4tsverlag Wiesbaden (2008)<br \/>\n<a title=\"15M-Architektur\" href=\"http:\/\/www.beschaffungsstrategie.de\/?page_id=12\">He\u00df, Gerhard; Supply-Strategien in Einkauf und Beschaffung; 2. Auflage (2010); Gabler Verlag Wiesbaden<\/a><\/p>\n<p align=\"LEFT\"><span style=\"color: rgb(255, 0, 0);\">Verbundene Schlagworte:<\/span><\/p>\n<p align=\"LEFT\"><span style=\"color: rgb(255, 0, 0);\">Vertiefungen\/Studien:<\/span><\/p>\n<p align=\"LEFT\"><span style=\"color: rgb(255, 0, 0);\">Weiterf\u00fchrende Links:<br \/>\n<\/span><a href=\"http:\/\/books.google.de\/books?id=dwQ2KbfQtFcC&amp;pg=PA25&amp;lpg=PA25&amp;dq=component+sourcing&amp;source=bl&amp;ots=91-B_uGzdW&amp;sig=nIZyUlZsvmzh_6Ar_4id6isgIqA&amp;hl=de&amp;ei=OdW4SrO8LZWTsAbH_Oy-BQ&amp;sa=X&amp;oi=book_result&amp;ct=result&amp;resnum=6#v=onepage&amp;q=component%20sourcing&amp;f=false\">Andre\u00dfen, Thomas; System Sourcing \u2013 Erfolgspotenziale der Systembeschaffung; Deutscher Universit\u00e4tsverlag Wiesbaden (2008)<\/a><\/p>\n<p align=\"LEFT\"><a href=\"http:\/\/books.google.de\/books?id=VclfAUJccs0C&amp;printsec=frontcover&amp;dq=supply+strategien+in+einkauf+und+beschaffung&amp;hl=de&amp;ei=fylYTKOyNYz9sQbInLm8Cg&amp;sa=X&amp;oi=book_result&amp;ct=result&amp;resnum=1&amp;ved=0CDMQ6AEwAA#v=onepage&amp;q&amp;f=false\">He\u00df, Gerhard; Supply-Strategien in Einkauf und Beschaffung; 2. Auflage (2010); Gabler Verlag Wiesbaden<\/a><\/p>\n<p align=\"LEFT\"><span>Autor: M. Reed &#8211; 20090922<\/span><\/p>\n<p>&nbsp;<\/p>\n","protected":false},"excerpt":{"rendered":"<p>Beim Component Sourcing handelt es sich um einen Komponentenbezug, z.B. Stoffbez\u00fcge, Gussteile, Befestigungen und andere wenig komplizierte Teile, die nach Kosten-, Qualit\u00e4ts- und Terminaspekten in Auftrag gegeben werden. Der prim\u00e4re Bezug erfolgt h\u00e4ufig lokal [Vgl. Andre\u00dfen; System Sourcing; S. 27]. &hellip; <a href=\"https:\/\/www.beschaffungsstrategie.de\/?page_id=618\">Weiterlesen <span class=\"meta-nav\">&rarr;<\/span><\/a><\/p>\n","protected":false},"author":1,"featured_media":0,"parent":0,"menu_order":0,"comment_status":"closed","ping_status":"closed","template":"","meta":{"footnotes":""},"class_list":["post-618","page","type-page","status-publish","hentry"],"_links":{"self":[{"href":"https:\/\/www.beschaffungsstrategie.de\/index.php?rest_route=\/wp\/v2\/pages\/618","targetHints":{"allow":["GET"]}}],"collection":[{"href":"https:\/\/www.beschaffungsstrategie.de\/index.php?rest_route=\/wp\/v2\/pages"}],"about":[{"href":"https:\/\/www.beschaffungsstrategie.de\/index.php?rest_route=\/wp\/v2\/types\/page"}],"author":[{"embeddable":true,"href":"https:\/\/www.beschaffungsstrategie.de\/index.php?rest_route=\/wp\/v2\/users\/1"}],"replies":[{"embeddable":true,"href":"https:\/\/www.beschaffungsstrategie.de\/index.php?rest_route=%2Fwp%2Fv2%2Fcomments&post=618"}],"version-history":[{"count":4,"href":"https:\/\/www.beschaffungsstrategie.de\/index.php?rest_route=\/wp\/v2\/pages\/618\/revisions"}],"predecessor-version":[{"id":3533,"href":"https:\/\/www.beschaffungsstrategie.de\/index.php?rest_route=\/wp\/v2\/pages\/618\/revisions\/3533"}],"wp:attachment":[{"href":"https:\/\/www.beschaffungsstrategie.de\/index.php?rest_route=%2Fwp%2Fv2%2Fmedia&parent=618"}],"curies":[{"name":"wp","href":"https:\/\/api.w.org\/{rel}","templated":true}]}}