{"id":620,"date":"2013-06-27T14:04:24","date_gmt":"2013-06-27T12:04:24","guid":{"rendered":"http:\/\/www.materialgruppe.de\/?page_id=620"},"modified":"2019-06-17T20:06:53","modified_gmt":"2019-06-17T18:06:53","slug":"c-teilemanagement","status":"publish","type":"page","link":"https:\/\/www.beschaffungsstrategie.de\/?page_id=620","title":{"rendered":"C-Teilemanagement"},"content":{"rendered":"<p align=\"LEFT\">Bei C-Teilen handelt es sich um Materialien, deren Materialverbrauchswerte gem\u00e4\u00df einer ABC-Analyse ermittelt wurden. Das C-Teilemanagement standardisiert Prozessabl\u00e4ufe bei der Beschaffung. Dadurch k\u00f6nnen niedrige Prozesskosten erreicht werden. Erfolgreichen Einsatz finden hierbei elektronische Kataloge, Kanbansysteme und Dienstleisterkonzepte [Vgl. He\u00df; Supply-Strategien; S. 234].<\/p>\n<p align=\"LEFT\"><span style=\"color: rgb(255, 0, 0);\">15M-Architektur<\/span><span style=\"color: rgb(255, 0, 0);\"><sup>\u00ae<\/sup><\/span><span style=\"color: rgb(255, 0, 0);\">:<br \/>\n<\/span>Modul 7: Gestaltungsfelder analysieren und strategische Optionen identifizieren [He\u00df; Supply-Strategien; S. 183-262]<\/p>\n<p align=\"LEFT\"><span style=\"color: rgb(255, 0, 0);\">Quellen\/Literaturhinweise:<br \/>\n<\/span>Arnold, Dieter; Handbuch Logistik; 3. Auflage (2008); Springer Verlag Berlin Gienke, Helmuth; Handbuch Produktion; Carl-Hanser Verlag M\u00fcnchen (2007)<br \/>\n<a title=\"15M-Architektur\" href=\"http:\/\/www.beschaffungsstrategie.de\/?page_id=12\">He\u00df, Gerhard; Supply-Strategien in Einkauf und Beschaffung; 2. Auflage (2010); Gabler Verlag Wiesbaden<\/a><\/p>\n<p align=\"LEFT\"><span style=\"color: rgb(255, 0, 0);\">Verbundene Schlagworte:<br \/>\n<\/span>C-Teile Lieferanten, C-Teileprozess, Kanban<\/p>\n<p align=\"LEFT\"><span style=\"color: rgb(255, 0, 0);\">Vertiefungen\/Studien:<\/span><\/p>\n<p align=\"LEFT\"><span style=\"color: rgb(255, 0, 0);\">Weiterf\u00fchrende Links:<br \/>\n<\/span><a href=\"http:\/\/books.google.de\/books?id=IlDPyV0HjngC&amp;pg=RA2-PA289&amp;dq=c-teile+management&amp;lr=lang_de#v=onepage&amp;q=c-teile%20management&amp;f=false\">Arnold, Dieter; Handbuch Logistik; 3. Auflage (2008); Springer Verlag Berlin <\/a><\/p>\n<p align=\"LEFT\"><a href=\"http:\/\/books.google.de\/books?id=VclfAUJccs0C&amp;printsec=frontcover&amp;dq=supply+strategien+in+einkauf+und+beschaffung&amp;hl=de&amp;ei=fylYTKOyNYz9sQbInLm8Cg&amp;sa=X&amp;oi=book_result&amp;ct=result&amp;resnum=1&amp;ved=0CDMQ6AEwAA#v=onepage&amp;q&amp;f=false\">He\u00df, Gerhard; Supply-Strategien in Einkauf und Beschaffung; 2. Auflage (2010); Gabler Verlag Wiesbaden<\/a><\/p>\n<p align=\"LEFT\"><a href=\"http:\/\/www.ebz-beratungszentrum.de\/logistikseiten\/artikel\/ctm1.html\">EBZ-Beratungszentrum<\/a><\/p>\n<p align=\"LEFT\"><a href=\"http:\/\/www.wuerth-industrie.com\/de\/cteile\/cteile.html\">W\u00fcrth Industrie Services GmbH &amp;Co. KG<\/a><\/p>\n<p align=\"LEFT\"><span>Autor: M. Reed &#8211; 20090818<\/span><\/p>\n<p>&nbsp;<\/p>\n","protected":false},"excerpt":{"rendered":"<p>Bei C-Teilen handelt es sich um Materialien, deren Materialverbrauchswerte gem\u00e4\u00df einer ABC-Analyse ermittelt wurden. Das C-Teilemanagement standardisiert Prozessabl\u00e4ufe bei der Beschaffung. Dadurch k\u00f6nnen niedrige Prozesskosten erreicht werden. Erfolgreichen Einsatz finden hierbei elektronische Kataloge, Kanbansysteme und Dienstleisterkonzepte [Vgl. He\u00df; Supply-Strategien; S. &hellip; <a href=\"https:\/\/www.beschaffungsstrategie.de\/?page_id=620\">Weiterlesen <span class=\"meta-nav\">&rarr;<\/span><\/a><\/p>\n","protected":false},"author":1,"featured_media":0,"parent":0,"menu_order":0,"comment_status":"closed","ping_status":"closed","template":"","meta":{"footnotes":""},"class_list":["post-620","page","type-page","status-publish","hentry"],"_links":{"self":[{"href":"https:\/\/www.beschaffungsstrategie.de\/index.php?rest_route=\/wp\/v2\/pages\/620","targetHints":{"allow":["GET"]}}],"collection":[{"href":"https:\/\/www.beschaffungsstrategie.de\/index.php?rest_route=\/wp\/v2\/pages"}],"about":[{"href":"https:\/\/www.beschaffungsstrategie.de\/index.php?rest_route=\/wp\/v2\/types\/page"}],"author":[{"embeddable":true,"href":"https:\/\/www.beschaffungsstrategie.de\/index.php?rest_route=\/wp\/v2\/users\/1"}],"replies":[{"embeddable":true,"href":"https:\/\/www.beschaffungsstrategie.de\/index.php?rest_route=%2Fwp%2Fv2%2Fcomments&post=620"}],"version-history":[{"count":5,"href":"https:\/\/www.beschaffungsstrategie.de\/index.php?rest_route=\/wp\/v2\/pages\/620\/revisions"}],"predecessor-version":[{"id":3534,"href":"https:\/\/www.beschaffungsstrategie.de\/index.php?rest_route=\/wp\/v2\/pages\/620\/revisions\/3534"}],"wp:attachment":[{"href":"https:\/\/www.beschaffungsstrategie.de\/index.php?rest_route=%2Fwp%2Fv2%2Fmedia&parent=620"}],"curies":[{"name":"wp","href":"https:\/\/api.w.org\/{rel}","templated":true}]}}