{"id":623,"date":"2013-06-27T14:09:47","date_gmt":"2013-06-27T12:09:47","guid":{"rendered":"http:\/\/www.materialgruppe.de\/?page_id=623"},"modified":"2019-06-15T22:44:48","modified_gmt":"2019-06-15T20:44:48","slug":"demand","status":"publish","type":"page","link":"https:\/\/www.beschaffungsstrategie.de\/?page_id=623","title":{"rendered":"Demand"},"content":{"rendered":"<table style=\"width: 783px;\" border=\"0\" cellspacing=\"0\" cellpadding=\"0\">\n<tbody>\n<tr align=\"LEFT\" valign=\"TOP\">\n<td width=\"680\" colspan=\"7\">\n<p align=\"LEFT\">Im Gestaltungsfeld \u201eNachfrage\u201c wirken die Bedarfsmengenreduzierung, die Bedarfsb\u00fcndelung und die Nachfragekooperation bei Systemen, Baugruppen, Artikeln, Teilen sowie den RHB-Materialien als wichtige Hebel einer Supply-Marktstrategie. Dabei m\u00fcssen zun\u00e4chst alle konstruktiven Alternativen gepr\u00fcft werden, um eine Bedarfsmengenreduzierung zu erzielen. Bedarfsb\u00fcndelungen f\u00fcr einen gr\u00f6\u00dferen Zeitraum k\u00f6nnen durch Rahmenvertr\u00e4ge zu g\u00fcnstigeren Konditionen f\u00fchren. In Nachfragkooperationen schlie\u00dfen sich mehrere innerbetriebliche und\/oder au\u00dferbetriebliche Nachfrager zusammen, um ebenfalls bessere Verhandlungsergebnisse gegen\u00fcber Lieferanten zu erzielen (siehe Abb.).<\/p>\n<p align=\"LEFT\">Der Begriff \u201eDemand\u201c sollte nicht mit der Nachfrageplanung (Demand Planning \u2013 DP) eines APS-Systems verwechselt werden. Beim Demand Planning \u2013 es handelt sich um Teilaufgaben des Sales and Operations Planning (SOP) \u2013 werden zuk\u00fcnftige Bedarfe aufgrund von Prognosen, saisonalen Entwicklungen und auf Basis vergangenheitsbezogener Daten gesch\u00e4tzt [Vgl. Brown; Entwicklungstendenzen des Supply Chain Managements; S. 69].<\/p>\n<\/td>\n<\/tr>\n<tr align=\"LEFT\" valign=\"TOP\">\n<td height=\"14\" colspan=\"8\"><\/td>\n<\/tr>\n<tr align=\"LEFT\" valign=\"TOP\">\n<td height=\"361\" colspan=\"4\"><\/td>\n<td width=\"615\" colspan=\"2\"><a href=\"http:\/\/www.beschaffungsstrategie.de\/wp-content\/uploads\/2013\/06\/Demand-Bild.jpg\"><img loading=\"lazy\" decoding=\"async\" width=\"576\" height=\"465\" class=\" wp-image-1981 alignleft\" style=\"width: 623px;\" alt=\"Demand Bild\" src=\"http:\/\/www.beschaffungsstrategie.de\/wp-content\/uploads\/2013\/06\/Demand-Bild.jpg\"><\/a><\/td>\n<td colspan=\"2\"><\/td>\n<\/tr>\n<tr align=\"LEFT\" valign=\"TOP\">\n<td height=\"7\" colspan=\"8\"><\/td>\n<\/tr>\n<tr align=\"LEFT\" valign=\"TOP\">\n<td colspan=\"3\"><\/td>\n<td width=\"616\" colspan=\"3\">\n<p align=\"CENTER\"><i><span style=\"font-family: Times New Roman,Times,Serif,serif;\">Abb.: Gestaltungsfelder und Hebel einer Supply-Marktstrategie (nach G. He\u00df; Supply-Strategien in Einkauf und Beschaffung)<\/span><\/i><\/p>\n<\/td>\n<td colspan=\"2\"><\/td>\n<\/tr>\n<tr align=\"LEFT\" valign=\"TOP\">\n<td height=\"23\" colspan=\"8\"><\/td>\n<\/tr>\n<tr align=\"LEFT\" valign=\"TOP\">\n<td colspan=\"2\"><\/td>\n<td width=\"661\" colspan=\"5\">\n<p align=\"LEFT\"><span style=\"color: rgb(255, 0, 0);\">15M-Architektur<\/span><span style=\"color: rgb(255, 0, 0);\"><sup>\u00ae<\/sup><\/span><span style=\"color: rgb(255, 0, 0);\">: <\/span>Modul 7: Gestaltungsfelder analysieren und strategische Optionen identifizieren [He\u00df; Supply-Strategien; S. 183-262]<\/p>\n<p align=\"LEFT\"><span style=\"color: rgb(255, 0, 0);\">Quellen\/Literaturhinweise: <\/span>Brown, Martin; Stand und Entwicklungstendenzen des Supply Chain Managements; Kassel University Press Kassel (2009) <a href=\"http:\/\/www.beschaffungsstrategie.de\/html\/die_15m-architekturr.html\">He\u00df, Gerhard; Supply-Strategien in Einkauf und Beschaffung; 2. Auflage (2010); Gabler Verlag Wiesbaden<\/a><\/p>\n<p align=\"LEFT\"><span style=\"color: rgb(255, 0, 0);\">Verbundene Schlagworte: <\/span>Weiterbildungslehrgang Einkaufscontroller<\/p>\n<p align=\"LEFT\"><span style=\"color: rgb(255, 0, 0);\">Vertiefungen\/Studien:<\/span><\/p>\n<p align=\"LEFT\"><span style=\"color: rgb(255, 0, 0);\">Weiterf\u00fchrende Links: <\/span><a href=\"http:\/\/books.google.de\/books?id=VclfAUJccs0C&amp;printsec=frontcover&amp;dq=supply+strategien+in+einkauf+und+beschaffung&amp;hl=de&amp;ei=fylYTKOyNYz9sQbInLm8Cg&amp;sa=X&amp;oi=book_result&amp;ct=result&amp;resnum=1&amp;ved=0CDMQ6AEwAA#v=onepage&amp;q&amp;f=false\">He\u00df, Gerhard; Supply-Strategien in Einkauf und Beschaffung; 2. Auflage (2010); Gabler Verlag Wiesbaden<\/a><\/p>\n<p align=\"LEFT\"><a href=\"javascript:void(0)\">Werner, Hartmut; Supply Chain Management: Grundlagen, Strategien; 3. Auflage (2008); Gabler Verlag Wiesbaden<\/a><\/p>\n<p align=\"LEFT\"><span>Autor: M. Reed &#8211; 20090928<\/span><\/p>\n<p>&nbsp;<\/td>\n<\/tr>\n<\/tbody>\n<\/table>\n","protected":false},"excerpt":{"rendered":"<p>Im Gestaltungsfeld \u201eNachfrage\u201c wirken die Bedarfsmengenreduzierung, die Bedarfsb\u00fcndelung und die Nachfragekooperation bei Systemen, Baugruppen, Artikeln, Teilen sowie den RHB-Materialien als wichtige Hebel einer Supply-Marktstrategie. Dabei m\u00fcssen zun\u00e4chst alle konstruktiven Alternativen gepr\u00fcft werden, um eine Bedarfsmengenreduzierung zu erzielen. Bedarfsb\u00fcndelungen f\u00fcr einen &hellip; <a href=\"https:\/\/www.beschaffungsstrategie.de\/?page_id=623\">Weiterlesen <span class=\"meta-nav\">&rarr;<\/span><\/a><\/p>\n","protected":false},"author":1,"featured_media":0,"parent":0,"menu_order":0,"comment_status":"closed","ping_status":"closed","template":"","meta":{"footnotes":""},"class_list":["post-623","page","type-page","status-publish","hentry"],"_links":{"self":[{"href":"https:\/\/www.beschaffungsstrategie.de\/index.php?rest_route=\/wp\/v2\/pages\/623","targetHints":{"allow":["GET"]}}],"collection":[{"href":"https:\/\/www.beschaffungsstrategie.de\/index.php?rest_route=\/wp\/v2\/pages"}],"about":[{"href":"https:\/\/www.beschaffungsstrategie.de\/index.php?rest_route=\/wp\/v2\/types\/page"}],"author":[{"embeddable":true,"href":"https:\/\/www.beschaffungsstrategie.de\/index.php?rest_route=\/wp\/v2\/users\/1"}],"replies":[{"embeddable":true,"href":"https:\/\/www.beschaffungsstrategie.de\/index.php?rest_route=%2Fwp%2Fv2%2Fcomments&post=623"}],"version-history":[{"count":3,"href":"https:\/\/www.beschaffungsstrategie.de\/index.php?rest_route=\/wp\/v2\/pages\/623\/revisions"}],"predecessor-version":[{"id":3508,"href":"https:\/\/www.beschaffungsstrategie.de\/index.php?rest_route=\/wp\/v2\/pages\/623\/revisions\/3508"}],"wp:attachment":[{"href":"https:\/\/www.beschaffungsstrategie.de\/index.php?rest_route=%2Fwp%2Fv2%2Fmedia&parent=623"}],"curies":[{"name":"wp","href":"https:\/\/api.w.org\/{rel}","templated":true}]}}