{"id":637,"date":"2013-06-27T14:14:27","date_gmt":"2013-06-27T12:14:27","guid":{"rendered":"http:\/\/www.materialgruppe.de\/?page_id=637"},"modified":"2019-06-17T20:17:25","modified_gmt":"2019-06-17T18:17:25","slug":"e-auktion","status":"publish","type":"page","link":"https:\/\/www.beschaffungsstrategie.de\/?page_id=637","title":{"rendered":"E-Auktion"},"content":{"rendered":"<p align=\"LEFT\">Auktionen sind Versteigerungen und erm\u00f6glichen ein \u00dcbereinkommen zwischen angebotenen Waren\/Dienstleistungen und der entsprechenden Nachfrage. Werden Auktionen auf einer E-Business-Plattform durchgef\u00fchrt spricht man von e-Auktionen bzw. Online-Auktionen. Interessenten geben innerhalb eines definierten Zeitraums Gebote ab. Je nachdem ob der Verk\u00e4ufer (Seller oder Forward Auction) oder der Eink\u00e4ufer (Buyer oder Reverse Auction) als Auktionsinitiator auftritt unterscheiden sich die Gebotsabgaben [Vgl. Schulte; Logistik; S. 322]. Die bekanntesten Auktionen sind der englische und der holl\u00e4ndische Auktionstyp (siehe Englische Auktion und Holl\u00e4ndische Auktion). Erfolgsfaktoren f\u00fcr e-Auktionen sind: Erfolgreiche Qualifizierung des\/der Lieferanten, Wahl eines fairen Einstiegspreises, Eindeutigkeit zu den Eigenschaften der G\u00fcter oder Dienstleistungen [Vgl. B\u00fcsch; Praxishandbuch strategischer Einkauf; S. 157].<\/p>\n<p align=\"LEFT\"><span style=\"color: rgb(255, 0, 0);\">15M-Architektur<\/span><span style=\"color: rgb(255, 0, 0);\"><sup>\u00ae<\/sup><\/span><span style=\"color: rgb(255, 0, 0);\">: <\/span>Modul 7: Gestaltungsfelder analysieren und strategische Optionen identifizieren [He\u00df; Supply-Strategien; S. 257]<\/p>\n<p><span style=\"color: rgb(255, 0, 0);\">Quellen\/Literaturhinweise: <\/span>B\u00fcsch, Mario; Praxishandbuch strategischer Einkauf; Gabler Verlag Wiesbaden (2007) <a href=\"http:\/\/www.beschaffungsstrategie.de\/html\/die_15m-architekturr.html\">He\u00df, Gerhard; Supply-Strategien in Einkauf und Beschaffung; 2. Auflage (2010); Gabler Verlag Wiesbaden<\/a> Schulte, Christof; Logistik \u2013 Wege zur Optimierung der Supply Chain; 5. Auflage (2009); Verlag Franz Vahlen M\u00fcnchen<\/p>\n<p align=\"LEFT\"><span style=\"color: rgb(255, 0, 0);\">Verbundene Schlagworte: <\/span>Bieterverfahren, e-Auktionshaus, e-auction<\/p>\n<p align=\"LEFT\"><span style=\"color: rgb(255, 0, 0);\">Vertiefungen\/Studien:<\/span><\/p>\n<p align=\"LEFT\"><span style=\"color: rgb(255, 0, 0);\">Weiterf\u00fchrende Links: <\/span><a href=\"http:\/\/books.google.de\/books?id=lCyz1C3KGrIC&amp;pg=PA157&amp;lpg=PA157&amp;dq=e-auktion&amp;source=bl&amp;ots=tArAqtSJnF&amp;sig=kJMs7ceGdf-E3PVvLWwjl4Qo2OQ&amp;hl=de&amp;ei=4eJISoXnM8G1sgby4MEM&amp;sa=X&amp;oi=book_result&amp;ct=result&amp;resnum=10\">B\u00fcsch, Mario; Praxishandbuch strategischer Einkauf; Gabler Verlag Wiesbaden(2007)<\/a><\/p>\n<p align=\"LEFT\"><a href=\"http:\/\/books.google.de\/books?id=VclfAUJccs0C&amp;printsec=frontcover&amp;dq=supply+strategien+in+einkauf+und+beschaffung&amp;hl=de&amp;ei=fylYTKOyNYz9sQbInLm8Cg&amp;sa=X&amp;oi=book_result&amp;ct=result&amp;resnum=1&amp;ved=0CDMQ6AEwAA#v=onepage&amp;q&amp;f=false\">He\u00df, Gerhard; Supply-Strategien in Einkauf und Beschaffung; 2. Auflage (2010); Gabler Verlag Wiesbaden<\/a><\/p>\n<p align=\"LEFT\">\n<p align=\"LEFT\"><span>Autor: M. Reed &#8211; 20100213<\/span><\/p>\n<p>&nbsp;<\/p>\n","protected":false},"excerpt":{"rendered":"<p>Auktionen sind Versteigerungen und erm\u00f6glichen ein \u00dcbereinkommen zwischen angebotenen Waren\/Dienstleistungen und der entsprechenden Nachfrage. Werden Auktionen auf einer E-Business-Plattform durchgef\u00fchrt spricht man von e-Auktionen bzw. Online-Auktionen. Interessenten geben innerhalb eines definierten Zeitraums Gebote ab. Je nachdem ob der Verk\u00e4ufer (Seller &hellip; <a href=\"https:\/\/www.beschaffungsstrategie.de\/?page_id=637\">Weiterlesen <span class=\"meta-nav\">&rarr;<\/span><\/a><\/p>\n","protected":false},"author":1,"featured_media":0,"parent":0,"menu_order":0,"comment_status":"closed","ping_status":"closed","template":"","meta":{"footnotes":""},"class_list":["post-637","page","type-page","status-publish","hentry"],"_links":{"self":[{"href":"https:\/\/www.beschaffungsstrategie.de\/index.php?rest_route=\/wp\/v2\/pages\/637","targetHints":{"allow":["GET"]}}],"collection":[{"href":"https:\/\/www.beschaffungsstrategie.de\/index.php?rest_route=\/wp\/v2\/pages"}],"about":[{"href":"https:\/\/www.beschaffungsstrategie.de\/index.php?rest_route=\/wp\/v2\/types\/page"}],"author":[{"embeddable":true,"href":"https:\/\/www.beschaffungsstrategie.de\/index.php?rest_route=\/wp\/v2\/users\/1"}],"replies":[{"embeddable":true,"href":"https:\/\/www.beschaffungsstrategie.de\/index.php?rest_route=%2Fwp%2Fv2%2Fcomments&post=637"}],"version-history":[{"count":2,"href":"https:\/\/www.beschaffungsstrategie.de\/index.php?rest_route=\/wp\/v2\/pages\/637\/revisions"}],"predecessor-version":[{"id":3541,"href":"https:\/\/www.beschaffungsstrategie.de\/index.php?rest_route=\/wp\/v2\/pages\/637\/revisions\/3541"}],"wp:attachment":[{"href":"https:\/\/www.beschaffungsstrategie.de\/index.php?rest_route=%2Fwp%2Fv2%2Fmedia&parent=637"}],"curies":[{"name":"wp","href":"https:\/\/api.w.org\/{rel}","templated":true}]}}