{"id":647,"date":"2013-06-27T14:17:49","date_gmt":"2013-06-27T12:17:49","guid":{"rendered":"http:\/\/www.materialgruppe.de\/?page_id=647"},"modified":"2019-07-09T23:35:42","modified_gmt":"2019-07-09T21:35:42","slug":"einkaufsportfolio","status":"publish","type":"page","link":"https:\/\/www.beschaffungsstrategie.de\/?page_id=647","title":{"rendered":"Einkaufsportfolio"},"content":{"rendered":"<table style=\"width: 854px;\" border=\"0\" cellspacing=\"0\" cellpadding=\"0\">\n<tbody>\n<tr align=\"LEFT\" valign=\"TOP\">\n<td colspan=\"5\" width=\"735\">Mit dem Einkaufsportfolio nach Kraljic eignen sich Methoden der strategischen Absatzplanung hervorragend f\u00fcr die Analyse bez\u00fcglich einer produkt- und lieferantenbezogenen Beschaffungsplanung des Unternehmens. S\u00e4mtliche fremdbeschaffte Artikel\/Materialien eines Unternehmens lassen sich nach jeweiliger Versorgungskomplexit\u00e4t und den Einfluss auf das Betriebsergebnis grafisch erfassen. Zu unterscheiden sind in den vier Feldern der Darstellung die n\u00e4her betrachteten Beschaffungstypen: strategische Artikel, Engpassartikel, Hebelartikel und unkritische Artikel. Allgemeine Empfehlungen f\u00fcr das strategische Vorgehen leiten sich aus den Normstrategien f\u00fcr die Beschaffungstypen ab, sollten jedoch immer auch die einzelnen Marktsituationen ber\u00fccksichtigen [Vgl. He\u00df; Supply-Strategien; S. 36].<\/td>\n<\/tr>\n<tr align=\"LEFT\" valign=\"TOP\">\n<td colspan=\"7\" height=\"21\"><\/td>\n<\/tr>\n<tr align=\"LEFT\" valign=\"TOP\">\n<td colspan=\"2\" height=\"353\"><\/td>\n<td colspan=\"3\" width=\"662\"><a href=\"http:\/\/www.beschaffungsstrategie.de\/wp-content\/uploads\/2013\/06\/Einkaufsportfolio.jpg\"><img loading=\"lazy\" decoding=\"async\" class=\" wp-image-1987 alignleft\" style=\"width: 464px;\" src=\"http:\/\/www.beschaffungsstrategie.de\/wp-content\/uploads\/2013\/06\/Einkaufsportfolio.jpg\" alt=\"Einkaufsportfolio\" width=\"576\" height=\"338\" \/><\/a><\/td>\n<td colspan=\"2\"><\/td>\n<\/tr>\n<tr align=\"LEFT\" valign=\"TOP\">\n<td colspan=\"3\"><\/td>\n<td colspan=\"1\" width=\"737\">\n<p style=\"text-align: left;\" align=\"CENTER\"><i>[Quelle: Modifiziert n. Kraljic\u00a0 P.: Versorgungsmanagement statt Einkauf in: Harvard manager (1985), S. 6]<\/i><\/p>\n<p style=\"text-align: left;\" align=\"LEFT\"><span style=\"color: #ff0000;\">15M-Architektur<\/span><span style=\"color: #ff0000;\"><sup>\u00ae<\/sup><\/span><span style=\"color: #ff0000;\">:<br \/>\n<\/span>Begriff der Supply-Strategie [He\u00df; Supply-Strategien; S. 36]<\/p>\n<p style=\"text-align: left;\" align=\"LEFT\"><span style=\"color: #ff0000;\">Quellen\/Literaturhinweise:<br \/>\n<\/span><a title=\"15M-Architektur\" href=\"http:\/\/www.beschaffungsstrategie.de\/?page_id=12\">He\u00df, Gerhard; Supply-Strategien in Einkauf und Beschaffung; 2. Auflage (2010); Gabler Verlag Wiesbaden<\/a><\/p>\n<p style=\"text-align: left;\" align=\"LEFT\"><span style=\"color: #ff0000;\">Verbundene Schlagworte:<br \/>\n<\/span>Einkaufsportfolio Analyse, Marktmacht Portfolio<\/p>\n<p style=\"text-align: left;\" align=\"LEFT\"><span style=\"color: #ff0000;\">Vertiefungen\/Studien:<\/span><\/p>\n<p style=\"text-align: left;\" align=\"LEFT\"><span style=\"color: #ff0000;\">Weiterf\u00fchrende Links:<br \/>\n<\/span><a>He\u00df, Gerhard; Supply-Strategien f\u00fcr Einkauf und Logistik; 2. Auflage (2010); Gabler Verlag Wiesbaden<\/a><\/p>\n<p style=\"text-align: left;\" align=\"LEFT\"><a href=\"http:\/\/books.google.de\/books?id=LALYV915ZVAC&amp;pg=PA387&amp;lpg=PA387&amp;dq=einkaufsportfolio&amp;source=bl&amp;ots=M9U1WLL7ox&amp;sig=eYXfzD-yHAV5YifkaHBNhrXfMWU&amp;hl=de&amp;ei=5Q3HS8CzG5WSOKvl4N0M&amp;sa=X&amp;oi=book_result&amp;ct=result&amp;resnum=1&amp;ved=0CAUQ6AEwADgK#v=onepage&amp;q=einkaufsportfo\">Schulte, Gerd; Material- und Logistikmanagement; 2. Auflage (2001); Oldenbourg Verlag M\u00fcnchen<\/a><\/p>\n<p style=\"text-align: left;\" align=\"LEFT\"><a href=\"http:\/\/books.google.de\/books?id=oHfW7phtLg8C&amp;pg=PA75&amp;lpg=PA75&amp;dq=einkaufsportfolio+kraljic&amp;source=bl&amp;ots=aYsZRCPbGW&amp;sig=MNngvGucPWZlxOoHGNG7hPe26Cs&amp;hl=de&amp;ei=3MaLS8SvE5De-Qa_nbnkDQ&amp;sa=X&amp;oi=book_result&amp;ct=result&amp;resnum=3&amp;ved=0CA4Q6AEwAg#v=onepage&amp;q=einkaufs\">Schupp, Florian; Versorgungsstrategien in der Logistik; Gabler Verlag Wiesbaden (2004)<\/a><\/p>\n<p style=\"text-align: left;\" align=\"LEFT\">Autor: M. Reed &#8211; 20100302<\/p>\n<p style=\"text-align: left;\">\n<\/td>\n<\/tr>\n<\/tbody>\n<\/table>\n","protected":false},"excerpt":{"rendered":"<p>Mit dem Einkaufsportfolio nach Kraljic eignen sich Methoden der strategischen Absatzplanung hervorragend f\u00fcr die Analyse bez\u00fcglich einer produkt- und lieferantenbezogenen Beschaffungsplanung des Unternehmens. S\u00e4mtliche fremdbeschaffte Artikel\/Materialien eines Unternehmens lassen sich nach jeweiliger Versorgungskomplexit\u00e4t und den Einfluss auf das Betriebsergebnis grafisch &hellip; <a href=\"https:\/\/www.beschaffungsstrategie.de\/?page_id=647\">Weiterlesen <span class=\"meta-nav\">&rarr;<\/span><\/a><\/p>\n","protected":false},"author":1,"featured_media":0,"parent":0,"menu_order":0,"comment_status":"closed","ping_status":"closed","template":"","meta":{"footnotes":""},"class_list":["post-647","page","type-page","status-publish","hentry"],"_links":{"self":[{"href":"https:\/\/www.beschaffungsstrategie.de\/index.php?rest_route=\/wp\/v2\/pages\/647","targetHints":{"allow":["GET"]}}],"collection":[{"href":"https:\/\/www.beschaffungsstrategie.de\/index.php?rest_route=\/wp\/v2\/pages"}],"about":[{"href":"https:\/\/www.beschaffungsstrategie.de\/index.php?rest_route=\/wp\/v2\/types\/page"}],"author":[{"embeddable":true,"href":"https:\/\/www.beschaffungsstrategie.de\/index.php?rest_route=\/wp\/v2\/users\/1"}],"replies":[{"embeddable":true,"href":"https:\/\/www.beschaffungsstrategie.de\/index.php?rest_route=%2Fwp%2Fv2%2Fcomments&post=647"}],"version-history":[{"count":7,"href":"https:\/\/www.beschaffungsstrategie.de\/index.php?rest_route=\/wp\/v2\/pages\/647\/revisions"}],"predecessor-version":[{"id":3654,"href":"https:\/\/www.beschaffungsstrategie.de\/index.php?rest_route=\/wp\/v2\/pages\/647\/revisions\/3654"}],"wp:attachment":[{"href":"https:\/\/www.beschaffungsstrategie.de\/index.php?rest_route=%2Fwp%2Fv2%2Fmedia&parent=647"}],"curies":[{"name":"wp","href":"https:\/\/api.w.org\/{rel}","templated":true}]}}