{"id":697,"date":"2013-06-27T14:36:36","date_gmt":"2013-06-27T12:36:36","guid":{"rendered":"http:\/\/www.materialgruppe.de\/?page_id=697"},"modified":"2019-06-17T21:08:23","modified_gmt":"2019-06-17T19:08:23","slug":"lieferantenselbstauskunft","status":"publish","type":"page","link":"https:\/\/www.beschaffungsstrategie.de\/?page_id=697","title":{"rendered":"Lieferantenselbstauskunft"},"content":{"rendered":"<p>Die Lieferantenselbstauskunft als mehrseitiger Fragebogen ist eine bew\u00e4hrte Methode zur systematischen Informationsgewinnung zu Lieferanten und deren Leistungspotenzialen. Es sollte darin eine Informationsauskunft an den Lieferanten bzw. zu dessen Unternehmen, zu den Unternehmenskennzahlen, der Produktpalette\/Maschinenpark, der Qualit\u00e4tssicherung, der Lieferkonditionen\/-f\u00e4higkeit und der Konditionen erfragt werden [Vgl. Kerkhoff; Milliardengrab; S. 88].<\/p>\n<p>Galt vor einigen Jahren die Lieferantenselbstauskunft als geeignete Methode, um bei risikoarmen Beschaffungsobjekten ein Mindestma\u00df an Qualit\u00e4t zu garantieren [Vgl. Pfeifer; Qualit\u00e4tsmanagement; S. 474], so ist sie nach heutigem Stand fester Bestandteil in Lieferantenauswahlsystemen und bei Initiativbewerbungen durch den Lieferanten selbst. Durchgef\u00fchrt wird die Lieferantenselbstauskunft h\u00e4ufig nach Anmeldung und Registrierung in einem Online-Datenbanksystem gr\u00f6\u00dferer Unternehmen\/Konzerne.<\/p>\n<p><span style=\"color: rgb(255, 0, 0);\">15M-Architektur: <\/span>Modul 10: Neue Lieferanten identifizieren und freigeben [He\u00df; Supply-Strategien; S. 312]<\/p>\n<p><span style=\"color: rgb(255, 0, 0);\">Quellen\/Literaturhinweise: <\/span><a href=\"http:\/\/www.beschaffungsstrategie.de\/html\/die_15m-architekturr.html\">He\u00df, Gerhard; Supply-Strategien in Einkauf und Beschaffung; 2. Auflage (2010); Gabler Verlag Wiesbaden<\/a> Kerkhoff, Gerd; Milliardengrab Einkauf; 2. Auflage (2008); WILEY-VCH Verlag Weinheim Pfeifer, Thilo; Qualit\u00e4tsmanagement: Strategien, Methoden, Techniken; 3. Auflage (2001); Carl-Hanser Verlag M\u00fcnchen<\/p>\n<p><span style=\"color: rgb(255, 0, 0);\">Verbundene Schlagworte: <\/span>Lieferantenfragebogen, Lieferantenfreigabe, Prozess<\/p>\n<p><span style=\"color: rgb(255, 0, 0);\">Vertiefungen\/Studien:<\/span><\/p>\n<p><span style=\"color: rgb(255, 0, 0);\">Weiterf\u00fchrende Links: <\/span><a href=\"http:\/\/books.google.de\/books?id=VclfAUJccs0C&amp;printsec=frontcover&amp;dq=supply+strategien+in+einkauf+und+beschaffung&amp;hl=de&amp;ei=fylYTKOyNYz9sQbInLm8Cg&amp;sa=X&amp;oi=book_result&amp;ct=result&amp;resnum=1&amp;ved=0CDMQ6AEwAA#v=onepage&amp;q&amp;f=false\">He\u00df, Gerhard; Supply-Strategien in Einkauf und Beschaffung; 2. Auflage (2010); Gabler Verlag Wiesbaden<\/a><\/p>\n<p><a href=\"http:\/\/books.google.de\/books?id=yFZLnyZNFMgC&amp;pg=PA88&amp;dq=lieferantenselbstauskunft&amp;hl=de&amp;ei=h35uTIGzCc6OjAfvgYH8CA&amp;sa=X&amp;oi=book_result&amp;ct=result&amp;resnum=7&amp;ved=0CE4Q6AEwBjge#v=onepage&amp;q=lieferantenselbstauskunft&amp;f=false\">Kerkhoff, Gerd; Milliardengrab Einkauf; 2. Auflage (2008); WILEY-VCH Verlag Weinheim<\/a><\/p>\n<p><a href=\"http:\/\/books.google.de\/books?id=B4R4pTeZQq4C&amp;pg=PA474&amp;dq=lieferantenselbstauskunft&amp;hl=de&amp;ei=g4FuTO_MH5TNjAe3zZj6CA&amp;sa=X&amp;oi=book_result&amp;ct=result&amp;resnum=6&amp;ved=0CFMQ6AEwBQ#v=onepage&amp;q=lieferantenselbstauskunft&amp;f=false\">Pfeifer, Thilo; Qualit\u00e4tsmanagement: Strategien, Methoden, Techniken; 3. Auflage (2001); Carl-Hanser Verlag M\u00fcnchen<\/a><\/p>\n<p>&nbsp;<\/p>\n<p><span>Autor: M. Reed &#8211; 20100819 &nbsp;<\/span><\/p>\n","protected":false},"excerpt":{"rendered":"<p>Die Lieferantenselbstauskunft als mehrseitiger Fragebogen ist eine bew\u00e4hrte Methode zur systematischen Informationsgewinnung zu Lieferanten und deren Leistungspotenzialen. Es sollte darin eine Informationsauskunft an den Lieferanten bzw. zu dessen Unternehmen, zu den Unternehmenskennzahlen, der Produktpalette\/Maschinenpark, der Qualit\u00e4tssicherung, der Lieferkonditionen\/-f\u00e4higkeit und der &hellip; <a href=\"https:\/\/www.beschaffungsstrategie.de\/?page_id=697\">Weiterlesen <span class=\"meta-nav\">&rarr;<\/span><\/a><\/p>\n","protected":false},"author":1,"featured_media":0,"parent":0,"menu_order":0,"comment_status":"closed","ping_status":"closed","template":"","meta":{"footnotes":""},"class_list":["post-697","page","type-page","status-publish","hentry"],"_links":{"self":[{"href":"https:\/\/www.beschaffungsstrategie.de\/index.php?rest_route=\/wp\/v2\/pages\/697","targetHints":{"allow":["GET"]}}],"collection":[{"href":"https:\/\/www.beschaffungsstrategie.de\/index.php?rest_route=\/wp\/v2\/pages"}],"about":[{"href":"https:\/\/www.beschaffungsstrategie.de\/index.php?rest_route=\/wp\/v2\/types\/page"}],"author":[{"embeddable":true,"href":"https:\/\/www.beschaffungsstrategie.de\/index.php?rest_route=\/wp\/v2\/users\/1"}],"replies":[{"embeddable":true,"href":"https:\/\/www.beschaffungsstrategie.de\/index.php?rest_route=%2Fwp%2Fv2%2Fcomments&post=697"}],"version-history":[{"count":2,"href":"https:\/\/www.beschaffungsstrategie.de\/index.php?rest_route=\/wp\/v2\/pages\/697\/revisions"}],"predecessor-version":[{"id":3573,"href":"https:\/\/www.beschaffungsstrategie.de\/index.php?rest_route=\/wp\/v2\/pages\/697\/revisions\/3573"}],"wp:attachment":[{"href":"https:\/\/www.beschaffungsstrategie.de\/index.php?rest_route=%2Fwp%2Fv2%2Fmedia&parent=697"}],"curies":[{"name":"wp","href":"https:\/\/api.w.org\/{rel}","templated":true}]}}