{"id":703,"date":"2013-06-27T14:38:45","date_gmt":"2013-06-27T12:38:45","guid":{"rendered":"http:\/\/www.materialgruppe.de\/?page_id=703"},"modified":"2019-06-17T21:13:18","modified_gmt":"2019-06-17T19:13:18","slug":"lieferantenzahl","status":"publish","type":"page","link":"https:\/\/www.beschaffungsstrategie.de\/?page_id=703","title":{"rendered":"Lieferantenzahl"},"content":{"rendered":"<table style=\"width: 714px;\" border=\"0\" cellspacing=\"0\" cellpadding=\"0\">\n<tbody>\n<tr align=\"LEFT\" valign=\"TOP\">\n<td width=\"610\" colspan=\"5\">\u201eEine drastische Reduzierung der Lieferantenzahl wird in den letzten Jahren als Wunderwaffe zur Senkung der Einkaufskosten empfohlen und praktiziert.\u201c [He\u00df; Supply-Strategien; S. 237] Aber um welche Lieferanten handelt es sich? Welche Gesch\u00e4ftskontakte k\u00f6nnen als aktive Lieferantenbeziehungen geltend gemacht werden oder gen\u00fcgen bereits einzelne Lieferungen (z.B. ein Blumenstrau\u00df), um als Lieferant wahrgenommen zu werden?Mit der Lieferantenzahl eines Unternehmens k\u00f6nnen verschiedene Sachverhalte angesprochen werden, die konkreter definiert werden sollten:<\/p>\n<ul>\n<li>Anzahl vorhandener Gesch\u00e4ftskontakte zu Lieferanten innerhalb eines Gesch\u00e4ftsjahres, ab einem festgelegten Bestellwert oder einer Bestellh\u00e4ufigkeit<\/li>\n<li>Bezieht sich die Lieferantenzahl auf das gesamte Unternehmen oder nur auf die Ebene einzelner Supply-M\u00e4rkte und Sachnummern?<\/li>\n<li>Ist die Reduzierung von Lieferantbeziehungen sinnvoll oder sollte durch Erh\u00f6hung der Lieferantenzahl ein st\u00e4rkerer Wettbewerb zwischen den Lieferanten angestrebt werden?<\/li>\n<\/ul>\n<p>Eine optimale Lieferantenzahl bezogen auf ein Beschaffungsmarktsegment w\u00e4re sehr w\u00fcnschenswert, h\u00e4ngt jedoch von vielen Faktoren ab:<\/p>\n<ul>\n<li>Lieferantenmacht<\/li>\n<li>Komplexit\u00e4t der Beschaffungsstruktur \/-situation<\/li>\n<li>Eigene Wertsch\u00f6pfungstiefe<\/li>\n<li>Typ der vorhandenen Lieferantenbeziehungen (z.B. Modullieferant oder Teilelieferant)<\/li>\n<li>Wirtschaftliche Bedeutung des zu beschaffenden Teils\/Produkts<\/li>\n<\/ul>\n<p>Normstrategische Empfehlungen zwischen der Komplexit\u00e4t der Beschaffungssituation und der Wirtschaftlichen Bedeutung des zu beschaffenden Produkts\/Einzelteils kann aus der folgenden Abbildung entnommen werden:<\/td>\n<\/tr>\n<tr align=\"LEFT\" valign=\"TOP\">\n<td height=\"1\" colspan=\"7\"><\/td>\n<\/tr>\n<tr align=\"LEFT\" valign=\"TOP\">\n<td height=\"323\" colspan=\"3\"><\/td>\n<td width=\"578\"><a href=\"http:\/\/www.beschaffungsstrategie.de\/wp-content\/uploads\/2013\/06\/Lieferantenzahl_Hahn.jpg\"><img loading=\"lazy\" decoding=\"async\" width=\"526\" height=\"353\" class=\" wp-image-2019 alignleft\" alt=\"Lieferantenzahl_Hahn\" src=\"http:\/\/www.beschaffungsstrategie.de\/wp-content\/uploads\/2013\/06\/Lieferantenzahl_Hahn.jpg\" srcset=\"https:\/\/www.beschaffungsstrategie.de\/wp-content\/uploads\/2013\/06\/Lieferantenzahl_Hahn.jpg 877w, https:\/\/www.beschaffungsstrategie.de\/wp-content\/uploads\/2013\/06\/Lieferantenzahl_Hahn-300x201.jpg 300w, https:\/\/www.beschaffungsstrategie.de\/wp-content\/uploads\/2013\/06\/Lieferantenzahl_Hahn-446x300.jpg 446w\" sizes=\"auto, (max-width: 526px) 100vw, 526px\" \/><\/a><\/td>\n<td colspan=\"3\"><\/td>\n<\/tr>\n<tr align=\"LEFT\" valign=\"TOP\">\n<td><\/td>\n<td width=\"612\" colspan=\"5\">\n<p align=\"CENTER\"><span>Abb.: Empfehlungen zur Lieferantenzahl durch Beschaffungsportfolio (Hahn; Handbuch Industrielles Beschaffungsmanagement; S. 195)<\/span><\/p>\n<p><span style=\"color: rgb(255, 0, 0);\">15M-Architektur: <\/span>Modul 7: Gestaltungsfelder analysieren und strategische Optionen identifizieren [He\u00df; Supply-Strategien; S. 237]<\/p>\n<p><span style=\"color: rgb(255, 0, 0);\">Quellen\/Literaturhinweise: <\/span>Hahn, Dietger; Handbauch Industrielles Beschaffungsmanagement; 2. Auflage (2002); Gabler Verlag Wiesbaden <a href=\"http:\/\/www.beschaffungsstrategie.de\/html\/die_15m-architekturr.html\">He\u00df, Gerhard; Supply-Strategien in Einkauf und Beschaffung; 2. Auflage (2010); Gabler Verlag Wiesbaden<\/a><\/p>\n<p><span style=\"color: rgb(255, 0, 0);\">Verbundene Schlagworte: <\/span>Lieferantenstammdaten<\/p>\n<p><span style=\"color: rgb(255, 0, 0);\">Vertiefungen\/Studien:<\/span><\/p>\n<p><span style=\"color: rgb(255, 0, 0);\">Weiterf\u00fchrende Links: <\/span><a href=\"http:\/\/books.google.de\/books?id=4nKAC8AM3E8C&amp;pg=PA195&amp;lpg=PA195&amp;dq=lieferantenzahl&amp;source=bl&amp;ots=NBpyOeLJLE&amp;sig=Bj2Kd16ECKp9SVZr94hm8vUqX04&amp;hl=de&amp;ei=uOuZTP31OcTBswbr4LWpDA&amp;sa=X&amp;oi=book_result&amp;ct=result&amp;resnum=6&amp;ved=0CCcQ6AEwBQ#v=onepage&amp;q=lieferantenzahl&amp;\">Hahn, Dietger; Handbauch Industrielles Beschaffungsmanagement; 2. Auflage (2002); Gabler Verlag Wiesbaden<\/a><\/p>\n<p><a href=\"http:\/\/books.google.de\/books?id=VclfAUJccs0C&amp;printsec=frontcover&amp;dq=supply+strategien+in+einkauf+und+beschaffung&amp;hl=de&amp;ei=fylYTKOyNYz9sQbInLm8Cg&amp;sa=X&amp;oi=book_result&amp;ct=result&amp;resnum=1&amp;ved=0CDMQ6AEwAA#v=onepage&amp;q&amp;f=false\">He\u00df, Gerhard; Supply-Strategien in Einkauf und Beschaffung; 2. Auflage (2010); Gabler Verlag Wiesbaden<\/a><\/p>\n<p>&nbsp;<\/p>\n<p><span>Autor: M. Reed &#8211; 20100923 <\/span><\/td>\n<\/tr>\n<\/tbody>\n<\/table>\n","protected":false},"excerpt":{"rendered":"<p>\u201eEine drastische Reduzierung der Lieferantenzahl wird in den letzten Jahren als Wunderwaffe zur Senkung der Einkaufskosten empfohlen und praktiziert.\u201c [He\u00df; Supply-Strategien; S. 237] Aber um welche Lieferanten handelt es sich? Welche Gesch\u00e4ftskontakte k\u00f6nnen als aktive Lieferantenbeziehungen geltend gemacht werden oder &hellip; <a href=\"https:\/\/www.beschaffungsstrategie.de\/?page_id=703\">Weiterlesen <span class=\"meta-nav\">&rarr;<\/span><\/a><\/p>\n","protected":false},"author":1,"featured_media":0,"parent":0,"menu_order":0,"comment_status":"closed","ping_status":"closed","template":"","meta":{"footnotes":""},"class_list":["post-703","page","type-page","status-publish","hentry"],"_links":{"self":[{"href":"https:\/\/www.beschaffungsstrategie.de\/index.php?rest_route=\/wp\/v2\/pages\/703","targetHints":{"allow":["GET"]}}],"collection":[{"href":"https:\/\/www.beschaffungsstrategie.de\/index.php?rest_route=\/wp\/v2\/pages"}],"about":[{"href":"https:\/\/www.beschaffungsstrategie.de\/index.php?rest_route=\/wp\/v2\/types\/page"}],"author":[{"embeddable":true,"href":"https:\/\/www.beschaffungsstrategie.de\/index.php?rest_route=\/wp\/v2\/users\/1"}],"replies":[{"embeddable":true,"href":"https:\/\/www.beschaffungsstrategie.de\/index.php?rest_route=%2Fwp%2Fv2%2Fcomments&post=703"}],"version-history":[{"count":4,"href":"https:\/\/www.beschaffungsstrategie.de\/index.php?rest_route=\/wp\/v2\/pages\/703\/revisions"}],"predecessor-version":[{"id":3576,"href":"https:\/\/www.beschaffungsstrategie.de\/index.php?rest_route=\/wp\/v2\/pages\/703\/revisions\/3576"}],"wp:attachment":[{"href":"https:\/\/www.beschaffungsstrategie.de\/index.php?rest_route=%2Fwp%2Fv2%2Fmedia&parent=703"}],"curies":[{"name":"wp","href":"https:\/\/api.w.org\/{rel}","templated":true}]}}