{"id":705,"date":"2013-06-27T14:39:21","date_gmt":"2013-06-27T12:39:21","guid":{"rendered":"http:\/\/www.materialgruppe.de\/?page_id=705"},"modified":"2019-06-17T21:15:13","modified_gmt":"2019-06-17T19:15:13","slug":"lieferfahigkeit","status":"publish","type":"page","link":"https:\/\/www.beschaffungsstrategie.de\/?page_id=705","title":{"rendered":"Lieferf\u00e4higkeit"},"content":{"rendered":"<p>Die F\u00e4higkeit, ein Produkt oder eine Dienstleistung zu einem vom Kunden gew\u00fcnschten Termin liefern bzw. leisten zu k\u00f6nnen. Es liegt dann die \u00dcbereinstimmung des Kundenwunschtermins mit dem tats\u00e4chlichen Liefertermin vor [Vgl. Koether; Taschenbuch Logistik; S. 380].<\/p>\n<p>Lieferf\u00e4higkeit und Lieferbereitschaft sind synonyme Begriffe. Best\u00e4nde (Sicherheitsbest\u00e4nde) sichern die Lieferf\u00e4higkeit von Unternehmen [Vgl. Gudehus; Dynamische Disposition; S. 88].<\/p>\n<p><span style=\"color: rgb(255, 0, 0);\">15M-Architektur: <\/span>Modul 9: Lieferanten bewerten und klassifizieren [He\u00df; Supply-Strategien; S. 291]<\/p>\n<p><span style=\"color: rgb(255, 0, 0);\">Quellen\/Literaturhinweise: <\/span>Gudehus, Timm; Dynamische Disposition; 2. Auflage (2006); Springer Verlag Berlin <a href=\"http:\/\/www.beschaffungsstrategie.de\/html\/die_15m-architekturr.html\">He\u00df, Gerhard; Supply-Strategien in Einkauf und Beschaffung; 2. Auflage (2010); Gabler Verlag Wiesbaden<\/a> Koether, Reinhard (Hrsg.); Taschenbuch der Logistik; Carl Hanser Verlag M\u00fcnchen (2004)<\/p>\n<p><span style=\"color: rgb(255, 0, 0);\">Verbundene Schlagworte: <\/span>Lieferbereitschaft; Servicegrad<\/p>\n<p><span style=\"color: rgb(255, 0, 0);\">Vertiefungen\/Studien:<\/span><\/p>\n<p><span style=\"color: rgb(255, 0, 0);\">Weiterf\u00fchrende Links: <\/span><a href=\"http:\/\/www.springerlink.com\/content\/jp403746215p340q\/\">Gudehus, Timm; Dynamische Disposition; 2. Auflage (2006); Springer Verlag Berlin<\/a><\/p>\n<p><a href=\"http:\/\/books.google.de\/books?id=VclfAUJccs0C&amp;printsec=frontcover&amp;dq=supply+strategien+in+einkauf+und+beschaffung&amp;hl=de&amp;ei=fylYTKOyNYz9sQbInLm8Cg&amp;sa=X&amp;oi=book_result&amp;ct=result&amp;resnum=1&amp;ved=0CDMQ6AEwAA#v=onepage&amp;q&amp;f=false\">He\u00df, Gerhard; Supply-Strategien in Einkauf und Beschaffung; 2. Auflage (2010); Gabler Verlag Wiesbaden<\/a><\/p>\n<p>&nbsp;<\/p>\n<p><span>Autor: M. Reed &#8211; 20100924 &nbsp;<\/span><\/p>\n","protected":false},"excerpt":{"rendered":"<p>Die F\u00e4higkeit, ein Produkt oder eine Dienstleistung zu einem vom Kunden gew\u00fcnschten Termin liefern bzw. leisten zu k\u00f6nnen. Es liegt dann die \u00dcbereinstimmung des Kundenwunschtermins mit dem tats\u00e4chlichen Liefertermin vor [Vgl. Koether; Taschenbuch Logistik; S. 380]. Lieferf\u00e4higkeit und Lieferbereitschaft sind &hellip; <a href=\"https:\/\/www.beschaffungsstrategie.de\/?page_id=705\">Weiterlesen <span class=\"meta-nav\">&rarr;<\/span><\/a><\/p>\n","protected":false},"author":1,"featured_media":0,"parent":0,"menu_order":0,"comment_status":"closed","ping_status":"closed","template":"","meta":{"footnotes":""},"class_list":["post-705","page","type-page","status-publish","hentry"],"_links":{"self":[{"href":"https:\/\/www.beschaffungsstrategie.de\/index.php?rest_route=\/wp\/v2\/pages\/705","targetHints":{"allow":["GET"]}}],"collection":[{"href":"https:\/\/www.beschaffungsstrategie.de\/index.php?rest_route=\/wp\/v2\/pages"}],"about":[{"href":"https:\/\/www.beschaffungsstrategie.de\/index.php?rest_route=\/wp\/v2\/types\/page"}],"author":[{"embeddable":true,"href":"https:\/\/www.beschaffungsstrategie.de\/index.php?rest_route=\/wp\/v2\/users\/1"}],"replies":[{"embeddable":true,"href":"https:\/\/www.beschaffungsstrategie.de\/index.php?rest_route=%2Fwp%2Fv2%2Fcomments&post=705"}],"version-history":[{"count":2,"href":"https:\/\/www.beschaffungsstrategie.de\/index.php?rest_route=\/wp\/v2\/pages\/705\/revisions"}],"predecessor-version":[{"id":3577,"href":"https:\/\/www.beschaffungsstrategie.de\/index.php?rest_route=\/wp\/v2\/pages\/705\/revisions\/3577"}],"wp:attachment":[{"href":"https:\/\/www.beschaffungsstrategie.de\/index.php?rest_route=%2Fwp%2Fv2%2Fmedia&parent=705"}],"curies":[{"name":"wp","href":"https:\/\/api.w.org\/{rel}","templated":true}]}}